{"id":1884,"date":"2024-10-24T23:23:25","date_gmt":"2024-10-24T15:23:25","guid":{"rendered":"https:\/\/shop.yipinqian.com\/product\/yellow-natural-type-a-jadeite-pendant-carved-as-fish-with-certificate-weigh-28-33-grams-55-50-2-7-mm-meaning-many-sons-and-many-blessings-full-of-children-and-grandchildren-and-life-is-harmonious-and\/"},"modified":"2025-02-17T00:04:19","modified_gmt":"2025-02-16T16:04:19","slug":"yellow-natural-type-a-jadeite-pendant-carved-as-fish-with-certificate-weigh-28-33-grams-55-50-2-7-mm-meaning-many-sons-and-many-blessings-full-of-children-and-grandchildren-and-life-is-harmonious-and","status":"publish","type":"product","link":"https:\/\/shop.yipinqian.com\/pt\/produto\/yellow-natural-type-a-jadeite-pendant-carved-as-fish-with-certificate-weigh-28-33-grams-55-50-2-7-mm-meaning-many-sons-and-many-blessings-full-of-children-and-grandchildren-and-life-is-harmonious-and\/","title":{"rendered":"Yellow Natural Type A Jadeite Pendant carved as Fish with certificate weigh 28.33 grams, 55 * 50.2 * 7 mm, meaning Many sons and many blessings, full of children and grandchildren and Life is harmonious and smooth,free from worries and sorrows (pendant77)"},"content":{"rendered":"<ul>\n<li>This Yellow Natural Type A Jadeite Pendant is truly a work of art, carved in the shape of a fish and weighing 28.33 grams, with dimensions of 55 * 50.2 * 7 mm.<\/li>\n<\/ul>\n<ul>\n<li>It comes with a certificate which confirms its authenticity.<\/li>\n<\/ul>\n<p><strong>Certificate numbers: GD2110H018515<\/strong><\/p>\n<ul>\n<li>The pendant is believed to bring good luck to the wearer, as it signifies &#8220;Many sons and many blessings, full of children and grandchildren&#8221; as well as &#8220;Life is harmonious and smooth, free from worries and sorrows.&#8221;<\/li>\n<\/ul>\n<p><img fetchpriority=\"high\" decoding=\"async\" height=\"1080\" src=\"https:\/\/shop.yipinqian.com\/wp-content\/uploads\/2024\/10\/93675bf5c1fcfe47bb987fb113f4a129-1.jpg?from=476444299\" width=\"1080\"><\/p>\n<ul>\n<li>This makes it an ideal accessory for daily wear. This unisex pendant has been crafted using Jadeite which gives it an air of elegance.<\/li>\n<\/ul>\n<ul>\n<li>The necklace style can be best described as casual but can complement any outfit without being too loud or overpowering.<\/li>\n<\/ul>\n<ul>\n<li>If you&#8217;re looking for an accessory that will add some charm to your outfit while bringing good fortune your way \u2013 this Yellow Natural Type A Jadeite Pendant carved as Fish could be just what you need!<\/li>\n<\/ul>\n<p>Yi Pin Qian \u2013 Um negociante de pedras preciosas e metais preciosos em Cingapura \u2013 N\u00famero de licen\u00e7a PS20190000031<\/p>\n<p>*Todos os Jadeites comprados de Yi Pin Qian em Cingapura, os clientes podem reservar hor\u00e1rios para polimento ou pequenos reparos por manuseio incorreto - taxas se aplicam e somente para clientes de Yi Pin Qian em Cingapura*<\/p>\n<p><strong>**Tipos de Certificados**<\/strong><\/p>\n<p><strong>NGI (Nan Yang Gemol\u00f3gico)<\/strong><\/p>\n<p>ou <strong>Certificados no exterior <\/strong>(Yi Pin Qian usa apenas certificados aut\u00eanticos de laborat\u00f3rios estrangeiros e tamb\u00e9m controla a qualidade de cada um dos nossos produtos antes de coloc\u00e1-los \u00e0 venda em Cingapura)<\/p>\n<p>Cada produto no TikTok ter\u00e1 o tipo de certificado fornecido indicado na descri\u00e7\u00e3o. Para qualquer cliente que deseje enviar seu pedido para a NGI Singapore, haver\u00e1 um tempo de espera para entrega do pedido estimado em torno de 4 semanas para receber seu pedido. <strong>As solicita\u00e7\u00f5es de relat\u00f3rios da NGI Gemstone precisam ser feitas por mensagem para a loja Yi Pin Qian TikTok.<\/strong> Obrigado, <strong><u>taxas extras se aplicam<\/u><\/strong>.<\/p>\n<p><strong>A jade\u00edta natural n\u00e3o \u00e9 perfeita, apenas um lembrete gentil, nossa jade\u00edta natural, como todas as coisas bonitas da natureza, vem com suas caracter\u00edsticas e varia\u00e7\u00f5es \u00fanicas. Convidamos nossos valiosos clientes a abra\u00e7ar essas varia\u00e7\u00f5es naturais. Boas compras!<\/strong><\/p>\n<p><strong><u>Nenhuma das fotos e filmagens de v\u00eddeo foram filtradas. Incentivamos nossos clientes a tamb\u00e9m assistirem aos v\u00eddeos que os acompanham para uma vis\u00e3o mais abrangente de nossos produtos<\/u><\/strong><\/p>","protected":false},"excerpt":{"rendered":"<p>This Yellow Natural Type A Jadeite Pendant is truly a work of art, carved in the shape of a fish and weighing 28.33 grams, with dimensions of 55 * 50.2 * 7 mm. It comes with a certificate which confirms its authenticity. Certificate numbers: GD2110H018515 The pendant is believed to bring good luck to the [&hellip;]<\/p>","protected":false},"featured_media":1929,"comment_status":"open","ping_status":"closed","template":"","meta":[],"product_brand":[],"product_cat":[48],"product_tag":[],"class_list":{"0":"post-1884","1":"product","2":"type-product","3":"status-publish","4":"has-post-thumbnail","6":"product_cat-pendants","8":"first","9":"instock","10":"sale","11":"shipping-taxable","12":"purchasable","13":"product-type-simple"},"_links":{"self":[{"href":"https:\/\/shop.yipinqian.com\/pt\/wp-json\/wp\/v2\/product\/1884","targetHints":{"allow":["GET"]}}],"collection":[{"href":"https:\/\/shop.yipinqian.com\/pt\/wp-json\/wp\/v2\/product"}],"about":[{"href":"https:\/\/shop.yipinqian.com\/pt\/wp-json\/wp\/v2\/types\/product"}],"replies":[{"embeddable":true,"href":"https:\/\/shop.yipinqian.com\/pt\/wp-json\/wp\/v2\/comments?post=1884"}],"version-history":[{"count":0,"href":"https:\/\/shop.yipinqian.com\/pt\/wp-json\/wp\/v2\/product\/1884\/revisions"}],"wp:featuredmedia":[{"embeddable":true,"href":"https:\/\/shop.yipinqian.com\/pt\/wp-json\/wp\/v2\/media\/1929"}],"wp:attachment":[{"href":"https:\/\/shop.yipinqian.com\/pt\/wp-json\/wp\/v2\/media?parent=1884"}],"wp:term":[{"taxonomy":"product_brand","embeddable":true,"href":"https:\/\/shop.yipinqian.com\/pt\/wp-json\/wp\/v2\/product_brand?post=1884"},{"taxonomy":"product_cat","embeddable":true,"href":"https:\/\/shop.yipinqian.com\/pt\/wp-json\/wp\/v2\/product_cat?post=1884"},{"taxonomy":"product_tag","embeddable":true,"href":"https:\/\/shop.yipinqian.com\/pt\/wp-json\/wp\/v2\/product_tag?post=1884"}],"curies":[{"name":"wp","href":"https:\/\/api.w.org\/{rel}","templated":true}]}}