{"id":1880,"date":"2024-10-24T23:23:22","date_gmt":"2024-10-24T15:23:22","guid":{"rendered":"https:\/\/shop.yipinqian.com\/product\/yellow-icy-translucent-natural-type-a-jadeite-jade-crafted-with-shape-of-ginseng-as-pendant-set-with-18k-gold-clasp-certificate-weighs-4-85-grams-18kp39\/"},"modified":"2025-02-24T00:49:49","modified_gmt":"2025-02-23T16:49:49","slug":"yellow-icy-translucent-natural-type-a-jadeite-jade-crafted-with-shape-of-ginseng-as-pendant-set-with-18k-gold-clasp-certificate-weighs-4-85-grams-18kp39","status":"publish","type":"product","link":"https:\/\/shop.yipinqian.com\/pt\/produto\/yellow-icy-translucent-natural-type-a-jadeite-jade-crafted-with-shape-of-ginseng-as-pendant-set-with-18k-gold-clasp-certificate-weighs-4-85-grams-18kp39\/","title":{"rendered":"Jade\u00edta natural transl\u00facida amarela gelada tipo A, trabalhada com formato de ginseng como pingente com fecho de ouro 18k, certificado pesa 4,85 gramas (18kp39)"},"content":{"rendered":"<p>Este pingente de jade\u00edta natural transl\u00facida amarela gelada tipo A \u00e9 uma joia deslumbrante, feita no formato de um ginseng e com um elegante fecho de ouro 18k.<\/p>\n<p data-pm-slice=\"1 1 []\">Medidas da Jade\u00edta: 34,6 *<em> 14.5 *<\/em> 5,9 mil\u00edmetros<\/p>\n<p>N\u00fameros de certificado: GD2111H018855<\/p>\n<p>Fecho de ouro 18k: 0,33 gramas<\/p>\n<p>Diamantes: 0,003 quilates<\/p>\n<ul>\n<li>Certificado incluso<\/li>\n<li>Pesa 4,85 gramas<\/li>\n<\/ul>\n<p>O jade\u00edta usado neste pingente \u00e9 de alta qualidade, origin\u00e1rio de Mianmar, e exala um lindo tom amarelo gelo transl\u00facido.<\/p>\n<ul>\n<li>Com Certificado: Sim<\/li>\n<li>Material secund\u00e1rio: Diamante<\/li>\n<li>Material de configura\u00e7\u00e3o: PT\/Ouro quilate<\/li>\n<li>Ocasi\u00e3o: Uso di\u00e1rio<\/li>\n<\/ul>\n<p>Este estilo de colar \u00e9 perfeito para uso casual, adicionando um toque de eleg\u00e2ncia \u00e0s suas roupas do dia a dia.<\/p>\n<p>\u00a0<\/p>\n<p><strong>A jade\u00edta natural n\u00e3o \u00e9 perfeita, apenas um lembrete gentil, nossa jade\u00edta natural, como todas as coisas bonitas da natureza, vem com suas caracter\u00edsticas e varia\u00e7\u00f5es \u00fanicas. Convidamos nossos valiosos clientes a abra\u00e7ar essas varia\u00e7\u00f5es naturais. Boas compras!<\/strong><\/p>\n<p>\u00a0<\/p>\n<p><strong><u>Nenhuma das fotos e filmagens de v\u00eddeo foram filtradas. Incentivamos nossos clientes a tamb\u00e9m assistirem aos v\u00eddeos que os acompanham para uma vis\u00e3o mais abrangente de nossos produtos<\/u><\/strong><\/p>","protected":false},"excerpt":{"rendered":"<p>This Yellow Icy Translucent Natural Type A Jadeite Jade pendant is a stunning piece of jewelry crafted in the shape of a ginseng and set with an elegant 18k gold clasp. Jadeite measurement: 34.6 * 14.5 * 5.9 mm Certificate numbers: GD2111H018855 18k Gold Clasp: 0.33 grams Diamonds: 0.003 carats Certificate included Weighs 4.85 grams [&hellip;]<\/p>","protected":false},"featured_media":8706,"comment_status":"open","ping_status":"closed","template":"","meta":[],"product_brand":[],"product_cat":[194],"product_tag":[],"class_list":{"0":"post-1880","1":"product","2":"type-product","3":"status-publish","4":"has-post-thumbnail","6":"product_cat-value-picks","8":"first","9":"instock","10":"sale","11":"shipping-taxable","12":"purchasable","13":"product-type-simple"},"_links":{"self":[{"href":"https:\/\/shop.yipinqian.com\/pt\/wp-json\/wp\/v2\/product\/1880","targetHints":{"allow":["GET"]}}],"collection":[{"href":"https:\/\/shop.yipinqian.com\/pt\/wp-json\/wp\/v2\/product"}],"about":[{"href":"https:\/\/shop.yipinqian.com\/pt\/wp-json\/wp\/v2\/types\/product"}],"replies":[{"embeddable":true,"href":"https:\/\/shop.yipinqian.com\/pt\/wp-json\/wp\/v2\/comments?post=1880"}],"version-history":[{"count":0,"href":"https:\/\/shop.yipinqian.com\/pt\/wp-json\/wp\/v2\/product\/1880\/revisions"}],"wp:featuredmedia":[{"embeddable":true,"href":"https:\/\/shop.yipinqian.com\/pt\/wp-json\/wp\/v2\/media\/8706"}],"wp:attachment":[{"href":"https:\/\/shop.yipinqian.com\/pt\/wp-json\/wp\/v2\/media?parent=1880"}],"wp:term":[{"taxonomy":"product_brand","embeddable":true,"href":"https:\/\/shop.yipinqian.com\/pt\/wp-json\/wp\/v2\/product_brand?post=1880"},{"taxonomy":"product_cat","embeddable":true,"href":"https:\/\/shop.yipinqian.com\/pt\/wp-json\/wp\/v2\/product_cat?post=1880"},{"taxonomy":"product_tag","embeddable":true,"href":"https:\/\/shop.yipinqian.com\/pt\/wp-json\/wp\/v2\/product_tag?post=1880"}],"curies":[{"name":"wp","href":"https:\/\/api.w.org\/{rel}","templated":true}]}}