{"id":1877,"date":"2024-10-24T23:23:21","date_gmt":"2024-10-24T15:23:21","guid":{"rendered":"https:\/\/shop.yipinqian.com\/product\/yellow-and-white-semi-icy-natural-type-a-jadeite-pendant-necklace-crafted-with-nine-tail-fox-symbols-of-love-charisma-and-good-luck-gic-labs-approved-certificate-included-weigh-32-9-grams-44-36-9-mm-s\/"},"modified":"2025-02-24T00:49:49","modified_gmt":"2025-02-23T16:49:49","slug":"yellow-and-white-semi-icy-natural-type-a-jadeite-pendant-necklace-crafted-with-nine-tail-fox-symbols-of-love-charisma-and-good-luck-gic-labs-approved-certificate-included-weigh-32-9-grams-44-36-9-mm-s","status":"publish","type":"product","link":"https:\/\/shop.yipinqian.com\/pt\/produto\/yellow-and-white-semi-icy-natural-type-a-jadeite-pendant-necklace-crafted-with-nine-tail-fox-symbols-of-love-charisma-and-good-luck-gic-labs-approved-certificate-included-weigh-32-9-grams-44-36-9-mm-s\/","title":{"rendered":"Colar com pingente de jade\u00edta natural tipo A semi-gelo amarelo e branco, feito com nove s\u00edmbolos de cauda de raposa de amor, carisma e boa sorte, certificado aprovado pelo QIC Labs inclu\u00eddo, pesa 32,9 gramas, 44 * 36 * 9 mm, adequado para uso di\u00e1rio"},"content":{"rendered":"<p>Este colar com pingente de jade\u00edta natural semi-gelada amarela e branca tipo A \u00e9 um acess\u00f3rio de joia deslumbrante que lhe trar\u00e1 amor, carisma e boa sorte. Os nove s\u00edmbolos de raposa de cauda s\u00e3o lindamente trabalhados para criar uma pe\u00e7a elegante adequada para uso di\u00e1rio.<\/p>\n<ul>\n<li>Design simb\u00f3lico: Os nove s\u00edmbolos da raposa representam amor, carisma e boa sorte.<\/li>\n<li>Alta qualidade: Este colar com pingente \u00e9 feito de jade\u00edta natural tipo A, amarela e branca, semi-gelo.<\/li>\n<li>Certificado de Autenticidade: Este colar vem com um certificado aprovado pela QIC Labs para sua tranquilidade.<\/li>\n<\/ul>\n<p><strong>N\u00fameros de certificado: SD24022006513<\/strong><\/p>\n<p><img fetchpriority=\"high\" decoding=\"async\" src=\"https:\/\/shop.yipinqian.com\/wp-content\/uploads\/2024\/10\/d88bf61c310353f736d044ad7ac09c4e.jpg?from=476444299\" width=\"1080\" height=\"1080\" \/><\/p>\n<p>Pesando 32,9 gramas com dimens\u00f5es de 44 * 36 * 9 mm, este colar unissex \u00e9 perfeito para uso casual em qualquer ocasi\u00e3o. Feito de jade\u00edta de alta qualidade de origem birmanesa em um colar de estilo casual que promete elevar seu visual sem comprometer o conforto ou a qualidade.<\/p>\n<p>\u00a0<\/p>\n<p>Yi Pin Qian \u2013 Um negociante de pedras preciosas e metais preciosos em Cingapura \u2013 N\u00famero de licen\u00e7a PS20190000031<\/p>\n<p>\u00a0<\/p>\n<p>*Todos os Jadeites comprados de Yi Pin Qian em Cingapura, os clientes podem reservar hor\u00e1rios para polimento ou pequenos reparos por manuseio incorreto - taxas se aplicam e somente para clientes de Yi Pin Qian em Cingapura*<\/p>\n<p>\u00a0<\/p>\n<p><strong>**Tipos de Certificados**<\/strong><\/p>\n<p>\u00a0<\/p>\n<p><strong>NGI (Nan Yang Gemol\u00f3gico)<\/strong><\/p>\n<p>ou <strong>Certificados no exterior <\/strong>(Yi Pin Qian usa apenas certificados aut\u00eanticos de laborat\u00f3rios estrangeiros e tamb\u00e9m controla a qualidade de cada um dos nossos produtos antes de coloc\u00e1-los \u00e0 venda em Cingapura)<\/p>\n<p>\u00a0<\/p>\n<p>Cada produto no TikTok ter\u00e1 o tipo de certificado fornecido indicado na descri\u00e7\u00e3o. Para qualquer cliente que deseje enviar seu pedido para a NGI Singapore, haver\u00e1 um tempo de espera para entrega do pedido estimado em torno de 4 semanas para receber seu pedido. <strong>As solicita\u00e7\u00f5es de relat\u00f3rios da NGI Gemstone precisam ser feitas por mensagem para a loja Yi Pin Qian TikTok.<\/strong> Obrigado, <strong><u>taxas extras se aplicam<\/u><\/strong>.<\/p>\n<p>\u00a0<\/p>\n<p><strong>A jade\u00edta natural n\u00e3o \u00e9 perfeita, apenas um lembrete gentil, nossa jade\u00edta natural, como todas as coisas bonitas da natureza, vem com suas caracter\u00edsticas e varia\u00e7\u00f5es \u00fanicas. Convidamos nossos valiosos clientes a abra\u00e7ar essas varia\u00e7\u00f5es naturais. Boas compras!<\/strong><\/p>\n<p>\u00a0<\/p>\n<p><strong><u>Nenhuma das fotos e filmagens de v\u00eddeo foram filtradas. Incentivamos nossos clientes a tamb\u00e9m assistirem aos v\u00eddeos que os acompanham para uma vis\u00e3o mais abrangente de nossos produtos<\/u><\/strong><\/p>\n<p>\u00a0<\/p>\n<p>.<\/p>","protected":false},"excerpt":{"rendered":"<p>This Yellow and White Semi Icy Natural Type A Jadeite Pendant Necklace is a stunning Jewelry Accessory that will bring you Love, Charisma, and Good Luck. The nine tail fox symbols are beautifully crafted to create an elegant piece suitable for Daily wear. Symbolic Design: The nine tail fox symbols represent Love, Charisma, and Good [&hellip;]<\/p>","protected":false},"featured_media":8684,"comment_status":"open","ping_status":"closed","template":"","meta":[],"product_brand":[],"product_cat":[194],"product_tag":[],"class_list":{"0":"post-1877","1":"product","2":"type-product","3":"status-publish","4":"has-post-thumbnail","6":"product_cat-value-picks","8":"first","9":"instock","10":"sale","11":"shipping-taxable","12":"purchasable","13":"product-type-simple"},"_links":{"self":[{"href":"https:\/\/shop.yipinqian.com\/pt\/wp-json\/wp\/v2\/product\/1877","targetHints":{"allow":["GET"]}}],"collection":[{"href":"https:\/\/shop.yipinqian.com\/pt\/wp-json\/wp\/v2\/product"}],"about":[{"href":"https:\/\/shop.yipinqian.com\/pt\/wp-json\/wp\/v2\/types\/product"}],"replies":[{"embeddable":true,"href":"https:\/\/shop.yipinqian.com\/pt\/wp-json\/wp\/v2\/comments?post=1877"}],"version-history":[{"count":0,"href":"https:\/\/shop.yipinqian.com\/pt\/wp-json\/wp\/v2\/product\/1877\/revisions"}],"wp:featuredmedia":[{"embeddable":true,"href":"https:\/\/shop.yipinqian.com\/pt\/wp-json\/wp\/v2\/media\/8684"}],"wp:attachment":[{"href":"https:\/\/shop.yipinqian.com\/pt\/wp-json\/wp\/v2\/media?parent=1877"}],"wp:term":[{"taxonomy":"product_brand","embeddable":true,"href":"https:\/\/shop.yipinqian.com\/pt\/wp-json\/wp\/v2\/product_brand?post=1877"},{"taxonomy":"product_cat","embeddable":true,"href":"https:\/\/shop.yipinqian.com\/pt\/wp-json\/wp\/v2\/product_cat?post=1877"},{"taxonomy":"product_tag","embeddable":true,"href":"https:\/\/shop.yipinqian.com\/pt\/wp-json\/wp\/v2\/product_tag?post=1877"}],"curies":[{"name":"wp","href":"https:\/\/api.w.org\/{rel}","templated":true}]}}