{"id":1874,"date":"2024-10-24T23:23:19","date_gmt":"2024-10-24T15:23:19","guid":{"rendered":"https:\/\/shop.yipinqian.com\/product\/yellow-and-purple-with-some-spreads-of-red-patches-natural-type-a-jadeite-pendant-necklace-crafted-with-double-pixiu-coin-and-bat-boosting-your-luck-money-and-blessing-certificate-included-weigh-41-87\/"},"modified":"2025-02-17T00:04:19","modified_gmt":"2025-02-16T16:04:19","slug":"yellow-and-purple-with-some-spreads-of-red-patches-natural-type-a-jadeite-pendant-necklace-crafted-with-double-pixiu-coin-and-bat-boosting-your-luck-money-and-blessing-certificate-included-weigh-41-87","status":"publish","type":"product","link":"https:\/\/shop.yipinqian.com\/pt\/produto\/yellow-and-purple-with-some-spreads-of-red-patches-natural-type-a-jadeite-pendant-necklace-crafted-with-double-pixiu-coin-and-bat-boosting-your-luck-money-and-blessing-certificate-included-weigh-41-87\/","title":{"rendered":"Colar com pingente de jade\u00edta natural tipo A, amarelo e roxo, com algumas manchas vermelhas, feito com pixiu duplo, moeda e bast\u00e3o para aumentar sua sorte, dinheiro e b\u00ean\u00e7\u00e3os. O certificado incluso pesa 41,87 gramas, 45 * 44,9 * 13 mm."},"content":{"rendered":"<p>Eleve sua sorte, riqueza e b\u00ean\u00e7\u00e3os com este colar com pingente de jade\u00edta natural tipo A amarelo e lavanda. Feito com detalhes intrincados, este pingente apresenta pixiu duplo, moeda e morcego para simbolizar boa sorte. Os remendos vermelhos adicionam um toque de cor ao design exclusivo do pingente.<\/p>\n<ul>\n<li>Aumenta a sorte: o design duplo pixiu no pingente atrai boa sorte para sua vida.<\/li>\n<li>Aumente a riqueza: acredita-se que o s\u00edmbolo da moeda no pingente atrai riqueza e prosperidade.<\/li>\n<li>B\u00ean\u00e7\u00e3os: O s\u00edmbolo do morcego na jade\u00edta est\u00e1 associado \u00e0s b\u00ean\u00e7\u00e3os do c\u00e9u<\/li>\n<\/ul>\n<p><strong>N\u00fameros de certificado: GD2110H010761<\/strong><\/p>\n<p><img fetchpriority=\"high\" decoding=\"async\" height=\"1080\" src=\"https:\/\/shop.yipinqian.com\/wp-content\/uploads\/2024\/10\/cfdc29f0476e4c899b3af5886e542dc3.jpg?from=476444299\" width=\"1080\"><\/p>\n<p>Pesando 41,87 gramas, medi\u00e7\u00e3o a 45 *<em> 44.9 *<\/em> 13 mm, este colar unissex tem um certificado de autenticidade incluso confirmando que \u00e9 feito de Jade\u00edta Natural Tipo A proveniente de Mianmar. Seu estilo casual o torna perfeito para uso di\u00e1rio ou para adicionar um toque de eleg\u00e2ncia a qualquer roupa.<\/p>\n<p>Colar com pingente de jade\u00edta natural tipo A, amarelo e roxo, com algumas manchas vermelhas, feito com pixiu duplo, moeda e bast\u00e3o para aumentar sua sorte, dinheiro e b\u00ean\u00e7\u00e3os. O certificado incluso pesa 41,87 gramas, 45 * 44,9 * 13 mm.<\/p>","protected":false},"excerpt":{"rendered":"<p>Eleve sua sorte, riqueza e b\u00ean\u00e7\u00e3os com este colar com pingente de jade\u00edta natural tipo A amarelo e lavanda. Feito com detalhes intrincados, este pingente apresenta pixiu duplo, moeda e morcego para simbolizar boa sorte. Os remendos vermelhos adicionam um toque de cor ao design exclusivo do pingente. Aumenta a sorte: o design de pixiu duplo no pingente [\u2026]<\/p>","protected":false},"featured_media":8664,"comment_status":"open","ping_status":"closed","template":"","meta":[],"product_brand":[],"product_cat":[48],"product_tag":[],"class_list":{"0":"post-1874","1":"product","2":"type-product","3":"status-publish","4":"has-post-thumbnail","6":"product_cat-pendants","8":"first","9":"instock","10":"sale","11":"shipping-taxable","12":"purchasable","13":"product-type-simple"},"_links":{"self":[{"href":"https:\/\/shop.yipinqian.com\/pt\/wp-json\/wp\/v2\/product\/1874","targetHints":{"allow":["GET"]}}],"collection":[{"href":"https:\/\/shop.yipinqian.com\/pt\/wp-json\/wp\/v2\/product"}],"about":[{"href":"https:\/\/shop.yipinqian.com\/pt\/wp-json\/wp\/v2\/types\/product"}],"replies":[{"embeddable":true,"href":"https:\/\/shop.yipinqian.com\/pt\/wp-json\/wp\/v2\/comments?post=1874"}],"version-history":[{"count":0,"href":"https:\/\/shop.yipinqian.com\/pt\/wp-json\/wp\/v2\/product\/1874\/revisions"}],"wp:featuredmedia":[{"embeddable":true,"href":"https:\/\/shop.yipinqian.com\/pt\/wp-json\/wp\/v2\/media\/8664"}],"wp:attachment":[{"href":"https:\/\/shop.yipinqian.com\/pt\/wp-json\/wp\/v2\/media?parent=1874"}],"wp:term":[{"taxonomy":"product_brand","embeddable":true,"href":"https:\/\/shop.yipinqian.com\/pt\/wp-json\/wp\/v2\/product_brand?post=1874"},{"taxonomy":"product_cat","embeddable":true,"href":"https:\/\/shop.yipinqian.com\/pt\/wp-json\/wp\/v2\/product_cat?post=1874"},{"taxonomy":"product_tag","embeddable":true,"href":"https:\/\/shop.yipinqian.com\/pt\/wp-json\/wp\/v2\/product_tag?post=1874"}],"curies":[{"name":"wp","href":"https:\/\/api.w.org\/{rel}","templated":true}]}}