{"id":1873,"date":"2024-10-24T23:23:18","date_gmt":"2024-10-24T15:23:18","guid":{"rendered":"https:\/\/shop.yipinqian.com\/product\/wuji-black-natural-type-a-jadeite-bracelet-crafted-with-tao-tie-symbols-of-power-and-abundance-and-money-with-certificate-weigh-mm-11-17-grams-48-8-13-3-6-9-bracelet7\/"},"modified":"2025-02-17T00:04:19","modified_gmt":"2025-02-16T16:04:19","slug":"wuji-black-natural-type-a-jadeite-bracelet-crafted-with-tao-tie-symbols-of-power-and-abundance-and-money-with-certificate-weigh-mm-11-17-grams-48-8-13-3-6-9-bracelet7","status":"publish","type":"product","link":"https:\/\/shop.yipinqian.com\/pt\/produto\/wuji-black-natural-type-a-jadeite-bracelet-crafted-with-tao-tie-symbols-of-power-and-abundance-and-money-with-certificate-weigh-mm-11-17-grams-48-8-13-3-6-9-bracelet7\/","title":{"rendered":"Pulseira de jade\u00edta natural preta tipo A Wuji feita com Tao Tie, s\u00edmbolos de poder, abund\u00e2ncia e dinheiro, com certificado, peso, mm 11,17 gramas, 48,8 * 13,3 * 6,9 (pulseira 7)"},"content":{"rendered":"<p>Eleve seu estilo com esta requintada Pulseira de Jade\u00edta Natural Tipo A Preta Wuji. Feita com Tao Tie, s\u00edmbolos de Poder, Abund\u00e2ncia e Dinheiro, esta pe\u00e7a \u00e9 verdadeiramente \u00fanica.<\/p>\n<ul>\n<li>\n<strong>Simbolismo:<\/strong> Os s\u00edmbolos do Tao Tie representam poder e abund\u00e2ncia, juntamente com um fluxo constante de dinheiro em sua vida.<\/li>\n<li>\n<strong>Certificado:<\/strong> Vem com um certificado de autenticidade para garantir a qualidade e autenticidade da Jade\u00edta.<\/li>\n<\/ul>\n<p><strong>N\u00fameros de certificado: ZS240109028<\/strong><\/p>\n<p><img fetchpriority=\"high\" decoding=\"async\" height=\"1080\" src=\"https:\/\/shop.yipinqian.com\/wp-content\/uploads\/2024\/10\/9602ba940927b086d182073067a25369.jpg?from=476444299\" width=\"1080\"><\/p>\n<ul>\n<li>\n<strong>Tipo de Jade:<\/strong> Feito de jade\u00edta natural tipo A de alta qualidade de Mianmar, garantindo sua qualidade superior.<\/li>\n<li>\n<strong>Peso e tamanho:<\/strong> Pesando 11,17 gramas, a pulseira mede 48,8 * 13,3 * 6,9 mm, tornando-a perfeita para uso di\u00e1rio por homens e mulheres.<\/li>\n<\/ul>\n<p>Esta pulseira \u00e9 perfeita para uso di\u00e1rio, seja em um look formal ou informal, pois acrescenta um toque de eleg\u00e2ncia a qualquer roupa ou ocasi\u00e3o sem comprometer a qualidade ou o estilo!<\/p>\n<p>\u00a0<\/p>\n<p>Yi Pin Qian \u2013 Um negociante de pedras preciosas e metais preciosos em Cingapura \u2013 N\u00famero de licen\u00e7a PS20190000031<\/p>\n<p>\u00a0<\/p>\n<p>*Todos os Jadeites comprados de Yi Pin Qian em Cingapura, os clientes podem reservar hor\u00e1rios para polimento ou pequenos reparos por manuseio incorreto - taxas se aplicam e somente para clientes de Yi Pin Qian em Cingapura*<\/p>\n<p>\u00a0<\/p>\n<p><strong>**Tipos de Certificados**<\/strong><\/p>\n<p>\u00a0<\/p>\n<p><strong>NGI (Nan Yang Gemol\u00f3gico)<\/strong><\/p>\n<p>ou <strong>Certificados no exterior <\/strong>(Yi Pin Qian usa apenas certificados aut\u00eanticos de laborat\u00f3rios estrangeiros e tamb\u00e9m controla a qualidade de cada um dos nossos produtos antes de coloc\u00e1-los \u00e0 venda em Cingapura)<\/p>\n<p>\u00a0<\/p>\n<p>Cada produto no TikTok ter\u00e1 o tipo de certificado fornecido indicado na descri\u00e7\u00e3o. Para qualquer cliente que deseje enviar seu pedido para a NGI Singapore, haver\u00e1 um tempo de espera para entrega do pedido estimado em torno de 4 semanas para receber seu pedido. <strong>As solicita\u00e7\u00f5es de relat\u00f3rios da NGI Gemstone precisam ser feitas por mensagem para a loja Yi Pin Qian TikTok.<\/strong> Obrigado, <strong><u>taxas extras se aplicam<\/u><\/strong>.<\/p>\n<p>\u00a0<\/p>\n<p><strong>A jade\u00edta natural n\u00e3o \u00e9 perfeita, apenas um lembrete gentil, nossa jade\u00edta natural, como todas as coisas bonitas da natureza, vem com suas caracter\u00edsticas e varia\u00e7\u00f5es \u00fanicas. Convidamos nossos valiosos clientes a abra\u00e7ar essas varia\u00e7\u00f5es naturais. Boas compras!<\/strong><\/p>\n<p>\u00a0<\/p>\n<p><strong><u>Nenhuma das fotos e filmagens de v\u00eddeo foram filtradas. Incentivamos nossos clientes a tamb\u00e9m assistirem aos v\u00eddeos que os acompanham para uma vis\u00e3o mais abrangente de nossos produtos<\/u><\/strong><\/p>","protected":false},"excerpt":{"rendered":"<p>Eleve seu estilo com esta requintada Pulseira de Jade\u00edta Natural Tipo A Preta Wuji. Feita com Tao Tie, s\u00edmbolos de Poder, Abund\u00e2ncia e Dinheiro, esta pe\u00e7a \u00e9 verdadeiramente \u00fanica. Simbolismo: Os s\u00edmbolos Tao Tie representam poder e abund\u00e2ncia, juntamente com um fluxo constante de dinheiro em sua vida. Certificado: Vem com um certificado de autenticidade para [\u2026]<\/p>","protected":false},"featured_media":8654,"comment_status":"open","ping_status":"closed","template":"","meta":[],"product_brand":[],"product_cat":[121,84],"product_tag":[],"class_list":{"0":"post-1873","1":"product","2":"type-product","3":"status-publish","4":"has-post-thumbnail","6":"product_cat-bracelets-bangles","7":"product_cat-charms-and-charm-bracelet","9":"first","10":"instock","11":"sale","12":"shipping-taxable","13":"purchasable","14":"product-type-simple"},"_links":{"self":[{"href":"https:\/\/shop.yipinqian.com\/pt\/wp-json\/wp\/v2\/product\/1873","targetHints":{"allow":["GET"]}}],"collection":[{"href":"https:\/\/shop.yipinqian.com\/pt\/wp-json\/wp\/v2\/product"}],"about":[{"href":"https:\/\/shop.yipinqian.com\/pt\/wp-json\/wp\/v2\/types\/product"}],"replies":[{"embeddable":true,"href":"https:\/\/shop.yipinqian.com\/pt\/wp-json\/wp\/v2\/comments?post=1873"}],"version-history":[{"count":0,"href":"https:\/\/shop.yipinqian.com\/pt\/wp-json\/wp\/v2\/product\/1873\/revisions"}],"wp:featuredmedia":[{"embeddable":true,"href":"https:\/\/shop.yipinqian.com\/pt\/wp-json\/wp\/v2\/media\/8654"}],"wp:attachment":[{"href":"https:\/\/shop.yipinqian.com\/pt\/wp-json\/wp\/v2\/media?parent=1873"}],"wp:term":[{"taxonomy":"product_brand","embeddable":true,"href":"https:\/\/shop.yipinqian.com\/pt\/wp-json\/wp\/v2\/product_brand?post=1873"},{"taxonomy":"product_cat","embeddable":true,"href":"https:\/\/shop.yipinqian.com\/pt\/wp-json\/wp\/v2\/product_cat?post=1873"},{"taxonomy":"product_tag","embeddable":true,"href":"https:\/\/shop.yipinqian.com\/pt\/wp-json\/wp\/v2\/product_tag?post=1873"}],"curies":[{"name":"wp","href":"https:\/\/api.w.org\/{rel}","templated":true}]}}