{"id":1872,"date":"2024-10-24T23:23:18","date_gmt":"2024-10-24T15:23:18","guid":{"rendered":"https:\/\/shop.yipinqian.com\/product\/with-green-and-light-green-ginseng-ruyi-natural-type-a-jadeite-pendant-come-with-certificate-weight-40-59-grams-72-30-24-80-20-mm-meaning-auspicious-representing-good-luck-happiness-joy-and-wealth-boo\/"},"modified":"2025-02-17T00:04:19","modified_gmt":"2025-02-16T16:04:19","slug":"with-green-and-light-green-ginseng-ruyi-natural-type-a-jadeite-pendant-come-with-certificate-weight-40-59-grams-72-30-24-80-20-mm-meaning-auspicious-representing-good-luck-happiness-joy-and-wealth-boo","status":"publish","type":"product","link":"https:\/\/shop.yipinqian.com\/pt\/produto\/with-green-and-light-green-ginseng-ruyi-natural-type-a-jadeite-pendant-come-with-certificate-weight-40-59-grams-72-30-24-80-20-mm-meaning-auspicious-representing-good-luck-happiness-joy-and-wealth-boo\/","title":{"rendered":"With Green and Light Green Ginseng Ruyi Natural Type A Jadeite pendant come with certificate weight 40.59 grams, 72.30 * 24.80 * 20 mm meaning Auspicious, representing good luck, happiness, joy, and wealth boosting you wearing it (pendant97)"},"content":{"rendered":"<p>This beautiful Ginseng Ruyi Natural Type A Jadeite pendant features stunning green and light green scatter, weighing 40.59 grams and measuring 72.30 * 24.80 * 20 mm, making it the perfect accessory to bring good luck, happiness, joy, and wealth into your life.<\/p>\n<ul>\n<li>AUSPICIOUS MEANING: The Ruyi symbol on this jade pendant represents auspiciousness and is believed to bring good fortune.<\/li>\n<li>NATURAL JADEITE: Made from natural Type A Jadeite from Myanmar.<\/li>\n<li>CASUAL STYLE: The necklace style of this piece is casual making it a versatile accessory for daily wear.<\/li>\n<\/ul>\n<p><strong>Certificate numbers: ZGDTF001036<\/strong><\/p>\n<p><img fetchpriority=\"high\" decoding=\"async\" height=\"1080\" src=\"https:\/\/shop.yipinqian.com\/wp-content\/uploads\/2024\/10\/298b6189aa04856afce52aaf35509258.jpg?from=476444299\" width=\"1080\"><img decoding=\"async\" height=\"1080\" src=\"https:\/\/shop.yipinqian.com\/wp-content\/uploads\/2024\/10\/5fdecdca4ee1676b59e68a7e094d2144.jpg?from=476444299\" width=\"1080\"><\/p>\n<p>This pendant also comes with a certificate of authenticity so you can be sure you are getting a genuine piece of jade jewelry. It is unisex in design so it makes for a great gift option as well. Add some luck to your life with this beautiful Ginseng Ruyi Natural Type A Jadeite pendant!<\/p>\n<p>\u00a0<\/p>\n<p>Yi Pin Qian \u2013 Um negociante de pedras preciosas e metais preciosos em Cingapura \u2013 N\u00famero de licen\u00e7a PS20190000031<\/p>\n<p>\u00a0<\/p>\n<p>*Todos os Jadeites comprados de Yi Pin Qian em Cingapura, os clientes podem reservar hor\u00e1rios para polimento ou pequenos reparos por manuseio incorreto - taxas se aplicam e somente para clientes de Yi Pin Qian em Cingapura*<\/p>\n<p>\u00a0<\/p>\n<p><strong>**Tipos de Certificados**<\/strong><\/p>\n<p>\u00a0<\/p>\n<p><strong>NGI (Nan Yang Gemol\u00f3gico)<\/strong><\/p>\n<p>ou <strong>Certificados no exterior <\/strong>(Yi Pin Qian usa apenas certificados aut\u00eanticos de laborat\u00f3rios estrangeiros e tamb\u00e9m controla a qualidade de cada um dos nossos produtos antes de coloc\u00e1-los \u00e0 venda em Cingapura)<\/p>\n<p>\u00a0<\/p>\n<p>Cada produto no TikTok ter\u00e1 o tipo de certificado fornecido indicado na descri\u00e7\u00e3o. Para qualquer cliente que deseje enviar seu pedido para a NGI Singapore, haver\u00e1 um tempo de espera para entrega do pedido estimado em torno de 4 semanas para receber seu pedido. <strong>As solicita\u00e7\u00f5es de relat\u00f3rios da NGI Gemstone precisam ser feitas por mensagem para a loja Yi Pin Qian TikTok.<\/strong> Obrigado, <strong><u>taxas extras se aplicam<\/u><\/strong>.<\/p>","protected":false},"excerpt":{"rendered":"<p>This beautiful Ginseng Ruyi Natural Type A Jadeite pendant features stunning green and light green scatter, weighing 40.59 grams and measuring 72.30 * 24.80 * 20 mm, making it the perfect accessory to bring good luck, happiness, joy, and wealth into your life. AUSPICIOUS MEANING: The Ruyi symbol on this jade pendant represents auspiciousness and [&hellip;]<\/p>","protected":false},"featured_media":8644,"comment_status":"open","ping_status":"closed","template":"","meta":[],"product_brand":[],"product_cat":[48],"product_tag":[],"class_list":{"0":"post-1872","1":"product","2":"type-product","3":"status-publish","4":"has-post-thumbnail","6":"product_cat-pendants","8":"first","9":"instock","10":"sale","11":"shipping-taxable","12":"purchasable","13":"product-type-simple"},"_links":{"self":[{"href":"https:\/\/shop.yipinqian.com\/pt\/wp-json\/wp\/v2\/product\/1872","targetHints":{"allow":["GET"]}}],"collection":[{"href":"https:\/\/shop.yipinqian.com\/pt\/wp-json\/wp\/v2\/product"}],"about":[{"href":"https:\/\/shop.yipinqian.com\/pt\/wp-json\/wp\/v2\/types\/product"}],"replies":[{"embeddable":true,"href":"https:\/\/shop.yipinqian.com\/pt\/wp-json\/wp\/v2\/comments?post=1872"}],"version-history":[{"count":0,"href":"https:\/\/shop.yipinqian.com\/pt\/wp-json\/wp\/v2\/product\/1872\/revisions"}],"wp:featuredmedia":[{"embeddable":true,"href":"https:\/\/shop.yipinqian.com\/pt\/wp-json\/wp\/v2\/media\/8644"}],"wp:attachment":[{"href":"https:\/\/shop.yipinqian.com\/pt\/wp-json\/wp\/v2\/media?parent=1872"}],"wp:term":[{"taxonomy":"product_brand","embeddable":true,"href":"https:\/\/shop.yipinqian.com\/pt\/wp-json\/wp\/v2\/product_brand?post=1872"},{"taxonomy":"product_cat","embeddable":true,"href":"https:\/\/shop.yipinqian.com\/pt\/wp-json\/wp\/v2\/product_cat?post=1872"},{"taxonomy":"product_tag","embeddable":true,"href":"https:\/\/shop.yipinqian.com\/pt\/wp-json\/wp\/v2\/product_tag?post=1872"}],"curies":[{"name":"wp","href":"https:\/\/api.w.org\/{rel}","templated":true}]}}