{"id":1852,"date":"2024-10-24T23:23:05","date_gmt":"2024-10-24T15:23:05","guid":{"rendered":"https:\/\/shop.yipinqian.com\/product\/very-rare-high-translucent-icy-natural-type-a-jadeite-pendant-carved-with-guanyin-symbolizes-compassion-mercy-healing-protection-purity-enlightenment-harmony-balance-and-the-feminine-divine-certificat\/"},"modified":"2025-02-24T01:34:17","modified_gmt":"2025-02-23T17:34:17","slug":"very-rare-high-translucent-icy-natural-type-a-jadeite-pendant-carved-with-guanyin-symbolizes-compassion-mercy-healing-protection-purity-enlightenment-harmony-balance-and-the-feminine-divine-certificat","status":"publish","type":"product","link":"https:\/\/shop.yipinqian.com\/pt\/produto\/very-rare-high-translucent-icy-natural-type-a-jadeite-pendant-carved-with-guanyin-symbolizes-compassion-mercy-healing-protection-purity-enlightenment-harmony-balance-and-the-feminine-divine-certificat\/","title":{"rendered":"Very Rare High Translucent Icy Natural Type A Jadeite Pendant carved with Guanyin symbolizes compassion, mercy, healing, protection, purity, enlightenment, harmony, balance, and the feminine divine certificate weigh 19.62 g, 52.8 * 46.6 * 5 mm (pendant78)"},"content":{"rendered":"<p>Introducing a very rare, high translucent icy natural with light green in hue Type A jadeite pendant that is exquisitely carved with the symbol of Guanyin &#8211; the embodiment of compassion, mercy, healing, protection, purity and enlightenment. This pendant also represents harmony and balance while celebrating the feminine divine.<\/p>\n<ul>\n<li>Symbolic Design: The Guanyin symbol carved on this Type A jadeite pendant is a powerful representation of love and compassion.<\/li>\n<li>Natural Beauty: The high translucent icy quality of this natural Type A jadeite pendant adds to its beauty as it shimmers in various lights.<\/li>\n<li>Certificate Included: This beautiful piece comes with a certificate to assure authenticity for peace of mind.<\/li>\n<\/ul>\n<p><strong>Certificate numbers: GD2110H013028<\/strong><\/p>\n<p><img fetchpriority=\"high\" decoding=\"async\" height=\"1080\" src=\"https:\/\/shop.yipinqian.com\/wp-content\/uploads\/2024\/10\/1b5ba98c0b9bc82fb2f75314ff9e2733.jpg?from=476444299\" width=\"1080\"><img decoding=\"async\" height=\"1080\" src=\"https:\/\/shop.yipinqian.com\/wp-content\/uploads\/2024\/10\/e8191c655866c022a43c3c8130c5af9f.jpg?from=476444299\" width=\"1080\"><\/p>\n<p>The elegant necklace style makes it perfect for daily wear. It can be worn by anyone as it is unisex in design.<\/p>\n<ul>\n<li>Made from Jadeite: The use of premium quality Jadeite adds to the durability and longevity which makes this piece stand out from others.<\/li>\n<\/ul>\n<p>This gorgeous necklace is sourced from Myanmar &#8211; one that you can wear with pride or gift it to someone special who appreciates fine jewelry accessories.<\/p>\n<p>Yi Pin Qian \u2013 Um negociante de pedras preciosas e metais preciosos em Cingapura \u2013 N\u00famero de licen\u00e7a PS20190000031<\/p>\n<p>*Todos os Jadeites comprados de Yi Pin Qian em Cingapura, os clientes podem reservar hor\u00e1rios para polimento ou pequenos reparos por manuseio incorreto - taxas se aplicam e somente para clientes de Yi Pin Qian em Cingapura*<\/p>\n<p><strong>**Tipos de Certificados**<\/strong><\/p>\n<p><strong>NGI (Nan Yang Gemol\u00f3gico)<\/strong><\/p>\n<p>ou <strong>Certificados no exterior <\/strong>(Yi Pin Qian usa apenas certificados aut\u00eanticos de laborat\u00f3rios estrangeiros e tamb\u00e9m controla a qualidade de cada um dos nossos produtos antes de coloc\u00e1-los \u00e0 venda em Cingapura)<\/p>\n<p>Cada produto no TikTok ter\u00e1 o tipo de certificado fornecido indicado na descri\u00e7\u00e3o. Para qualquer cliente que deseje enviar seu pedido para a NGI Singapore, haver\u00e1 um tempo de espera para entrega do pedido estimado em torno de 4 semanas para receber seu pedido. <strong>As solicita\u00e7\u00f5es de relat\u00f3rios da NGI Gemstone precisam ser feitas por mensagem para a loja Yi Pin Qian TikTok.<\/strong> Obrigado, <strong><u>taxas extras se aplicam<\/u><\/strong>.<\/p>\n<p><strong>A jade\u00edta natural n\u00e3o \u00e9 perfeita, apenas um lembrete gentil, nossa jade\u00edta natural, como todas as coisas bonitas da natureza, vem com suas caracter\u00edsticas e varia\u00e7\u00f5es \u00fanicas. Convidamos nossos valiosos clientes a abra\u00e7ar essas varia\u00e7\u00f5es naturais. Boas compras!<\/strong><\/p>\n<p><strong><u>Nenhuma das fotos e filmagens de v\u00eddeo foram filtradas. Incentivamos nossos clientes a tamb\u00e9m assistirem aos v\u00eddeos que os acompanham para uma vis\u00e3o mais abrangente de nossos produtos<\/u><\/strong><\/p>","protected":false},"excerpt":{"rendered":"<p>Introducing a very rare, high translucent icy natural with light green in hue Type A jadeite pendant that is exquisitely carved with the symbol of Guanyin &#8211; the embodiment of compassion, mercy, healing, protection, purity and enlightenment. This pendant also represents harmony and balance while celebrating the feminine divine. Symbolic Design: The Guanyin symbol carved [&hellip;]<\/p>","protected":false},"featured_media":8466,"comment_status":"open","ping_status":"closed","template":"","meta":[],"product_brand":[],"product_cat":[196],"product_tag":[],"class_list":{"0":"post-1852","1":"product","2":"type-product","3":"status-publish","4":"has-post-thumbnail","6":"product_cat-vault-collection","8":"first","9":"instock","10":"sale","11":"shipping-taxable","12":"purchasable","13":"product-type-simple"},"_links":{"self":[{"href":"https:\/\/shop.yipinqian.com\/pt\/wp-json\/wp\/v2\/product\/1852","targetHints":{"allow":["GET"]}}],"collection":[{"href":"https:\/\/shop.yipinqian.com\/pt\/wp-json\/wp\/v2\/product"}],"about":[{"href":"https:\/\/shop.yipinqian.com\/pt\/wp-json\/wp\/v2\/types\/product"}],"replies":[{"embeddable":true,"href":"https:\/\/shop.yipinqian.com\/pt\/wp-json\/wp\/v2\/comments?post=1852"}],"version-history":[{"count":0,"href":"https:\/\/shop.yipinqian.com\/pt\/wp-json\/wp\/v2\/product\/1852\/revisions"}],"wp:featuredmedia":[{"embeddable":true,"href":"https:\/\/shop.yipinqian.com\/pt\/wp-json\/wp\/v2\/media\/8466"}],"wp:attachment":[{"href":"https:\/\/shop.yipinqian.com\/pt\/wp-json\/wp\/v2\/media?parent=1852"}],"wp:term":[{"taxonomy":"product_brand","embeddable":true,"href":"https:\/\/shop.yipinqian.com\/pt\/wp-json\/wp\/v2\/product_brand?post=1852"},{"taxonomy":"product_cat","embeddable":true,"href":"https:\/\/shop.yipinqian.com\/pt\/wp-json\/wp\/v2\/product_cat?post=1852"},{"taxonomy":"product_tag","embeddable":true,"href":"https:\/\/shop.yipinqian.com\/pt\/wp-json\/wp\/v2\/product_tag?post=1852"}],"curies":[{"name":"wp","href":"https:\/\/api.w.org\/{rel}","templated":true}]}}