{"id":1851,"date":"2024-10-24T23:23:05","date_gmt":"2024-10-24T15:23:05","guid":{"rendered":"https:\/\/shop.yipinqian.com\/product\/very-rare-green-red-and-yellow-natural-type-a-jadeite-jade-pendant-necklace-with-sceneries-certificate-included-weigh-29-84-grams-measurement-61-6-39-7-5-8-mm-pendant183\/"},"modified":"2025-02-24T01:17:25","modified_gmt":"2025-02-23T17:17:25","slug":"very-rare-green-red-and-yellow-natural-type-a-jadeite-jade-pendant-necklace-with-sceneries-certificate-included-weigh-29-84-grams-measurement-61-6-39-7-5-8-mm-pendant183","status":"publish","type":"product","link":"https:\/\/shop.yipinqian.com\/pt\/produto\/very-rare-green-red-and-yellow-natural-type-a-jadeite-jade-pendant-necklace-with-sceneries-certificate-included-weigh-29-84-grams-measurement-61-6-39-7-5-8-mm-pendant183\/","title":{"rendered":"Colar com pingente de jade\u00edte natural tipo A verde, vermelho e amarelo muito raro com paisagens, certificado incluso, pesa 29,84 gramas, medida 61,6 * 39,7 * 5,8 mm (pendant183)"},"content":{"rendered":"<p>Eleve sua cole\u00e7\u00e3o de joias com este colar com pingente de jade\u00edte natural tipo A verde, vermelho e amarelo muito raro com paisagens. Este colar \u00e9 um exemplo impressionante da beleza do jade\u00edte, apresentando uma combina\u00e7\u00e3o de cores verde, vermelho e amarelo.<\/p>\n<p><\/p>\n<p><strong>N\u00fameros de certificado: ZS22090100086<\/strong><\/p>\n<ul>\n<li>Design exclusivo: o pingente \u00e9 projetado com belos cen\u00e1rios que o destacam de outros colares.<\/li>\n<li>Material de alta qualidade: feito de jade\u00edta natural tipo A, este colar \u00e9 dur\u00e1vel e duradouro.<\/li>\n<li>Certificado inclu\u00eddo: Este colar vem com um certificado para garantir sua autenticidade.<\/li>\n<\/ul>\n<p>Pesagem <strong>29,84 gramas<\/strong> e medindo <strong>61,6 * 39,7 * 5,8 mil\u00edmetros<\/strong> (pendant183), este colar unissex tem um estilo elegante que o torna perfeito para uso di\u00e1rio ou ocasi\u00f5es especiais.<\/p>\n<ul>\n<li>Feito em Mianmar: O pa\u00eds de origem deste produto \u00e9 Mianmar, onde s\u00e3o encontradas as pedras de jade da melhor qualidade<\/li>\n<\/ul>\n<p>Adicione este colar com pingente de jade\u00edta natural tipo A, verde, vermelha e amarela, muito raro, \u00e0 sua cole\u00e7\u00e3o hoje mesmo para elevar qualquer visual sem esfor\u00e7o!<\/p>\n<p><\/p>\n<p>Yi Pin Qian \u2013 Um negociante de pedras preciosas e metais preciosos em Cingapura \u2013 N\u00famero de licen\u00e7a PS20190000031<\/p>\n<p><\/p>\n<p>*Todos os Jadeites comprados de Yi Pin Qian em Cingapura, os clientes podem reservar hor\u00e1rios para polimento ou pequenos reparos por manuseio incorreto - taxas se aplicam e somente para clientes de Yi Pin Qian em Cingapura*<\/p>\n<p><\/p>\n<p><strong>**Tipos de Certificados**<\/strong><\/p>\n<p><\/p>\n<p><strong>NGI (Nan Yang Gemol\u00f3gico)<\/strong><\/p>\n<p>ou <strong>Certificados no exterior <\/strong>(Yi Pin Qian usa apenas certificados aut\u00eanticos de laborat\u00f3rios estrangeiros e tamb\u00e9m controla a qualidade de cada um dos nossos produtos antes de coloc\u00e1-los \u00e0 venda em Cingapura)<\/p>\n<p><\/p>\n<p>Cada produto no TikTok ter\u00e1 o tipo de certificado fornecido indicado na descri\u00e7\u00e3o. Para qualquer cliente que deseje enviar seu pedido para a NGI Singapore, haver\u00e1 um tempo de espera para entrega do pedido estimado em torno de 4 semanas para receber seu pedido. <strong>As solicita\u00e7\u00f5es de relat\u00f3rios da NGI Gemstone precisam ser feitas por mensagem para a loja Yi Pin Qian TikTok.<\/strong> Obrigado, <strong><u>taxas extras se aplicam<\/u><\/strong>.<\/p>\n<p><\/p>\n<p><strong>A jade\u00edta natural n\u00e3o \u00e9 perfeita, apenas um lembrete gentil, nossa jade\u00edta natural, como todas as coisas bonitas da natureza, vem com suas caracter\u00edsticas e varia\u00e7\u00f5es \u00fanicas. Convidamos nossos valiosos clientes a abra\u00e7ar essas varia\u00e7\u00f5es naturais. Boas compras!<\/strong><\/p>\n<p><\/p>\n<p><strong><u>Nenhuma das fotos e filmagens de v\u00eddeo foram filtradas. Incentivamos nossos clientes a tamb\u00e9m assistirem aos v\u00eddeos que os acompanham para uma vis\u00e3o mais abrangente de nossos produtos<\/u><\/strong><\/p>","protected":false},"excerpt":{"rendered":"<p>Eleve sua cole\u00e7\u00e3o de joias com este colar com pingente de jade\u00edta natural tipo A verde, vermelho e amarelo muito raro com paisagens. Este colar \u00e9 um exemplo impressionante da beleza do jade\u00edta, apresentando uma combina\u00e7\u00e3o de cores verde, vermelho e amarelo. N\u00fameros de certificado: ZS22090100086 Design exclusivo: O pingente \u00e9 projetado com belas paisagens que [\u2026]<\/p>","protected":false},"featured_media":8454,"comment_status":"open","ping_status":"closed","template":"","meta":[],"product_brand":[],"product_cat":[195],"product_tag":[],"class_list":{"0":"post-1851","1":"product","2":"type-product","3":"status-publish","4":"has-post-thumbnail","6":"product_cat-heirloom-grade","8":"first","9":"instock","10":"sale","11":"shipping-taxable","12":"purchasable","13":"product-type-simple"},"_links":{"self":[{"href":"https:\/\/shop.yipinqian.com\/pt\/wp-json\/wp\/v2\/product\/1851","targetHints":{"allow":["GET"]}}],"collection":[{"href":"https:\/\/shop.yipinqian.com\/pt\/wp-json\/wp\/v2\/product"}],"about":[{"href":"https:\/\/shop.yipinqian.com\/pt\/wp-json\/wp\/v2\/types\/product"}],"replies":[{"embeddable":true,"href":"https:\/\/shop.yipinqian.com\/pt\/wp-json\/wp\/v2\/comments?post=1851"}],"version-history":[{"count":0,"href":"https:\/\/shop.yipinqian.com\/pt\/wp-json\/wp\/v2\/product\/1851\/revisions"}],"wp:featuredmedia":[{"embeddable":true,"href":"https:\/\/shop.yipinqian.com\/pt\/wp-json\/wp\/v2\/media\/8454"}],"wp:attachment":[{"href":"https:\/\/shop.yipinqian.com\/pt\/wp-json\/wp\/v2\/media?parent=1851"}],"wp:term":[{"taxonomy":"product_brand","embeddable":true,"href":"https:\/\/shop.yipinqian.com\/pt\/wp-json\/wp\/v2\/product_brand?post=1851"},{"taxonomy":"product_cat","embeddable":true,"href":"https:\/\/shop.yipinqian.com\/pt\/wp-json\/wp\/v2\/product_cat?post=1851"},{"taxonomy":"product_tag","embeddable":true,"href":"https:\/\/shop.yipinqian.com\/pt\/wp-json\/wp\/v2\/product_tag?post=1851"}],"curies":[{"name":"wp","href":"https:\/\/api.w.org\/{rel}","templated":true}]}}