{"id":1846,"date":"2024-10-24T23:23:02","date_gmt":"2024-10-24T15:23:02","guid":{"rendered":"https:\/\/shop.yipinqian.com\/product\/very-rare-good-quality-reddish-yellow-and-light-green-natural-type-a-jadeite-jade-crafted-with-milo-buddha-as-pendant-with-certificate-weigh-37-43-grams-measurement-50-18-5-20-3-mm-pendant235\/"},"modified":"2025-02-24T01:17:25","modified_gmt":"2025-02-23T17:17:25","slug":"very-rare-good-quality-reddish-yellow-and-light-green-natural-type-a-jadeite-jade-crafted-with-milo-buddha-as-pendant-with-certificate-weigh-37-43-grams-measurement-50-18-5-20-3-mm-pendant235","status":"publish","type":"product","link":"https:\/\/shop.yipinqian.com\/pt\/produto\/very-rare-good-quality-reddish-yellow-and-light-green-natural-type-a-jadeite-jade-crafted-with-milo-buddha-as-pendant-with-certificate-weigh-37-43-grams-measurement-50-18-5-20-3-mm-pendant235\/","title":{"rendered":"Jade\u00edta natural tipo A, amarelo avermelhado e verde claro, muito rara e de boa qualidade, trabalhada com o Buda Milo como pingente com certificado, pesa 37,43 gramas, medindo 50 * 18,5 * 20,3 mm (pendant235)"},"content":{"rendered":"<p>Este pingente deslumbrante apresenta uma Jade\u00edta Natural Tipo A, amarela avermelhada e verde-clara, muito rara e de alta qualidade, habilmente trabalhada com um design de Buda Milo. O pingente vem com um certificado, pesando 37,43 gramas e medindo 50 * 18,5 * 20,3 mm.<\/p>\n<p><\/p>\n<p>N\u00fameros de certificado: GD2203H010383<\/p>\n<ul>\n<li>\n<strong>Jade\u00edta rara tipo A:<\/strong> Feito de jade\u00edta natural tipo A, rara e de alta qualidade, de cor amarelo-avermelhada e verde-claro.<\/li>\n<li>\n<strong>Desenho do Buda de Milo:<\/strong> Feito com muito carinho e com detalhes requintados do Buda de Milo.<\/li>\n<li>\n<strong>Certificado inclu\u00eddo:<\/strong> Vem com um certificado para garantia de autenticidade.<\/li>\n<li>\n<strong>Pesa 37,43 gramas:<\/strong> Peso substancial para uma sensa\u00e7\u00e3o luxuosa ao usar.<\/li>\n<\/ul>\n<p>Yi Pin Qian \u2013 Um negociante de pedras preciosas e metais preciosos em Cingapura \u2013 N\u00famero de licen\u00e7a PS20190000031<\/p>\n<p><\/p>\n<p>*Todos os Jadeites comprados de Yi Pin Qian em Cingapura, os clientes podem reservar hor\u00e1rios para polimento ou pequenos reparos por manuseio incorreto - taxas se aplicam e somente para clientes de Yi Pin Qian em Cingapura*<\/p>\n<p><\/p>\n<p><strong>**Tipos de Certificados**<\/strong><\/p>\n<p><\/p>\n<p><strong>NGI (Nan Yang Gemol\u00f3gico)<\/strong><\/p>\n<p>ou <strong>Certificados no exterior <\/strong>(Yi Pin Qian usa apenas certificados aut\u00eanticos de laborat\u00f3rios estrangeiros e tamb\u00e9m controla a qualidade de cada um dos nossos produtos antes de coloc\u00e1-los \u00e0 venda em Cingapura)<\/p>\n<p><\/p>\n<p>Cada produto no TikTok ter\u00e1 o tipo de certificado fornecido indicado na descri\u00e7\u00e3o. Para qualquer cliente que deseje enviar seu pedido para a NGI Singapore, haver\u00e1 um tempo de espera para entrega do pedido estimado em torno de 4 semanas para receber seu pedido. <strong>As solicita\u00e7\u00f5es de relat\u00f3rios da NGI Gemstone precisam ser feitas por mensagem para a loja Yi Pin Qian TikTok.<\/strong> Obrigado, <strong><u>taxas extras se aplicam<\/u><\/strong>.<\/p>\n<p><\/p>\n<p><strong>A jade\u00edta natural n\u00e3o \u00e9 perfeita, apenas um lembrete gentil, nossa jade\u00edta natural, como todas as coisas bonitas da natureza, vem com suas caracter\u00edsticas e varia\u00e7\u00f5es \u00fanicas. Convidamos nossos valiosos clientes a abra\u00e7ar essas varia\u00e7\u00f5es naturais. Boas compras!<\/strong><\/p>\n<p><\/p>\n<p><strong><u>Nenhuma das fotos e filmagens de v\u00eddeo foram filtradas. Incentivamos nossos clientes a tamb\u00e9m assistirem aos v\u00eddeos que os acompanham para uma vis\u00e3o mais abrangente de nossos produtos<\/u><\/strong><\/p>","protected":false},"excerpt":{"rendered":"<p>This stunning pendant features a very rare and high-quality Reddish Yellow and Light Green Natural Type A Jadeite Jade, expertly crafted with a Milo Buddha design. The pendant comes with a certificate, weighing 37.43 grams and measuring 50 * 18.5 * 20.3 mm. Certificate numbers: GD2203H010383 Rare Type A Jadeite: Made from rare and high-quality [&hellip;]<\/p>","protected":false},"featured_media":8419,"comment_status":"open","ping_status":"closed","template":"","meta":[],"product_brand":[],"product_cat":[195],"product_tag":[],"class_list":{"0":"post-1846","1":"product","2":"type-product","3":"status-publish","4":"has-post-thumbnail","6":"product_cat-heirloom-grade","8":"first","9":"instock","10":"sale","11":"shipping-taxable","12":"purchasable","13":"product-type-simple"},"_links":{"self":[{"href":"https:\/\/shop.yipinqian.com\/pt\/wp-json\/wp\/v2\/product\/1846","targetHints":{"allow":["GET"]}}],"collection":[{"href":"https:\/\/shop.yipinqian.com\/pt\/wp-json\/wp\/v2\/product"}],"about":[{"href":"https:\/\/shop.yipinqian.com\/pt\/wp-json\/wp\/v2\/types\/product"}],"replies":[{"embeddable":true,"href":"https:\/\/shop.yipinqian.com\/pt\/wp-json\/wp\/v2\/comments?post=1846"}],"version-history":[{"count":0,"href":"https:\/\/shop.yipinqian.com\/pt\/wp-json\/wp\/v2\/product\/1846\/revisions"}],"wp:featuredmedia":[{"embeddable":true,"href":"https:\/\/shop.yipinqian.com\/pt\/wp-json\/wp\/v2\/media\/8419"}],"wp:attachment":[{"href":"https:\/\/shop.yipinqian.com\/pt\/wp-json\/wp\/v2\/media?parent=1846"}],"wp:term":[{"taxonomy":"product_brand","embeddable":true,"href":"https:\/\/shop.yipinqian.com\/pt\/wp-json\/wp\/v2\/product_brand?post=1846"},{"taxonomy":"product_cat","embeddable":true,"href":"https:\/\/shop.yipinqian.com\/pt\/wp-json\/wp\/v2\/product_cat?post=1846"},{"taxonomy":"product_tag","embeddable":true,"href":"https:\/\/shop.yipinqian.com\/pt\/wp-json\/wp\/v2\/product_tag?post=1846"}],"curies":[{"name":"wp","href":"https:\/\/api.w.org\/{rel}","templated":true}]}}