{"id":1844,"date":"2024-10-24T23:23:01","date_gmt":"2024-10-24T15:23:01","guid":{"rendered":"https:\/\/shop.yipinqian.com\/product\/very-fine-and-old-full-yellow-natural-type-a-jadeite-pendant-carved-as-a-leave-and-a-mythical-beast-on-it-with-certificate-weight-16-02-grams-44-26-10-mm-meaning-good-luck-and-auspiciousness-pendant10\/"},"modified":"2025-02-24T01:17:25","modified_gmt":"2025-02-23T17:17:25","slug":"very-fine-and-old-full-yellow-natural-type-a-jadeite-pendant-carved-as-a-leave-and-a-mythical-beast-on-it-with-certificate-weight-16-02-grams-44-26-10-mm-meaning-good-luck-and-auspiciousness-pendant10","status":"publish","type":"product","link":"https:\/\/shop.yipinqian.com\/pt\/produto\/very-fine-and-old-full-yellow-natural-type-a-jadeite-pendant-carved-as-a-leave-and-a-mythical-beast-on-it-with-certificate-weight-16-02-grams-44-26-10-mm-meaning-good-luck-and-auspiciousness-pendant10\/","title":{"rendered":"Very fine and old full Yellow Natural Type A Jadeite Pendant carved as a leaf and a Mythical Beast on it with certificate weight 16.02 grams, 44 * 26 * 10 mm meaning Good luck and auspiciousness (pendant107)"},"content":{"rendered":"<p>This very fine and old full Yellow Natural Type A Jadeite Pendant is a rare and exquisite piece of jewelry accessory that belongs to the Jade Necklaces &amp; Pendants category.<\/p>\n<ul>\n<li>\n<strong>Autenticidade garantida:<\/strong> This pendant comes with a certificate of authenticity, ensuring that it is 100% genuine.<\/li>\n<\/ul>\n<p><strong>Certificate numbers: GD2110H008718<\/strong><\/p>\n<p><img fetchpriority=\"high\" decoding=\"async\" height=\"1080\" src=\"https:\/\/shop.yipinqian.com\/wp-content\/uploads\/2024\/10\/921cec096cacf5d5c325ac5180bb4443.jpg?from=476444299\" width=\"1080\"><\/p>\n<ul>\n<li>\n<strong>Auspicious Design:<\/strong> Carved as a leaf with a mythical beast on it, this pendant symbolizes good luck and auspiciousness.<\/li>\n<li>\n<strong>Qualidade Premium:<\/strong> Made from high-quality Yellow Natural Type A Jadeite, this pendant has an exceptional finish and shine.<\/li>\n<\/ul>\n<p>This stunning piece weighs 16.02 grams and measures 44 * 26 * 10 mm. The casual Necklace Style makes it perfect for daily wear, while the unisex design makes it versatile for both men and women to flaunt their style.<\/p>\n<ul>\n<li>\n<strong>Feito em Mianmar: <\/strong>This product comes from Myanmar<\/li>\n<\/ul>\n<p>Add this beautiful Yellow Natural Type A Jadeite Pendant to your jewelry collection for an elegant yet meaningful accessory that will always be in style!<\/p>\n<p>\u00a0<\/p>\n<p>Yi Pin Qian \u2013 Um negociante de pedras preciosas e metais preciosos em Cingapura \u2013 N\u00famero de licen\u00e7a PS20190000031<\/p>\n<p>\u00a0<\/p>\n<p>*Todos os Jadeites comprados de Yi Pin Qian em Cingapura, os clientes podem reservar hor\u00e1rios para polimento ou pequenos reparos por manuseio incorreto - taxas se aplicam e somente para clientes de Yi Pin Qian em Cingapura*<\/p>\n<p>\u00a0<\/p>\n<p><strong>**Tipos de Certificados**<\/strong><\/p>\n<p>\u00a0<\/p>\n<p><strong>NGI (Nan Yang Gemol\u00f3gico)<\/strong><\/p>\n<p>ou <strong>Certificados no exterior <\/strong>(Yi Pin Qian usa apenas certificados aut\u00eanticos de laborat\u00f3rios estrangeiros e tamb\u00e9m controla a qualidade de cada um dos nossos produtos antes de coloc\u00e1-los \u00e0 venda em Cingapura)<\/p>\n<p>\u00a0<\/p>\n<p>Cada produto no TikTok ter\u00e1 o tipo de certificado fornecido indicado na descri\u00e7\u00e3o. Para qualquer cliente que deseje enviar seu pedido para a NGI Singapore, haver\u00e1 um tempo de espera para entrega do pedido estimado em torno de 4 semanas para receber seu pedido. <strong>As solicita\u00e7\u00f5es de relat\u00f3rios da NGI Gemstone precisam ser feitas por mensagem para a loja Yi Pin Qian TikTok.<\/strong> Obrigado, <strong><u>taxas extras se aplicam<\/u><\/strong>.<\/p>","protected":false},"excerpt":{"rendered":"<p>This very fine and old full Yellow Natural Type A Jadeite Pendant is a rare and exquisite piece of jewelry accessory that belongs to the Jade Necklaces &amp; Pendants category. Authenticity Guaranteed: This pendant comes with a certificate of authenticity, ensuring that it is 100% genuine. Certificate numbers: GD2110H008718 Auspicious Design: Carved as a leaf [&hellip;]<\/p>","protected":false},"featured_media":8401,"comment_status":"open","ping_status":"closed","template":"","meta":[],"product_brand":[],"product_cat":[195],"product_tag":[],"class_list":{"0":"post-1844","1":"product","2":"type-product","3":"status-publish","4":"has-post-thumbnail","6":"product_cat-heirloom-grade","8":"first","9":"instock","10":"sale","11":"shipping-taxable","12":"purchasable","13":"product-type-simple"},"_links":{"self":[{"href":"https:\/\/shop.yipinqian.com\/pt\/wp-json\/wp\/v2\/product\/1844","targetHints":{"allow":["GET"]}}],"collection":[{"href":"https:\/\/shop.yipinqian.com\/pt\/wp-json\/wp\/v2\/product"}],"about":[{"href":"https:\/\/shop.yipinqian.com\/pt\/wp-json\/wp\/v2\/types\/product"}],"replies":[{"embeddable":true,"href":"https:\/\/shop.yipinqian.com\/pt\/wp-json\/wp\/v2\/comments?post=1844"}],"version-history":[{"count":0,"href":"https:\/\/shop.yipinqian.com\/pt\/wp-json\/wp\/v2\/product\/1844\/revisions"}],"wp:featuredmedia":[{"embeddable":true,"href":"https:\/\/shop.yipinqian.com\/pt\/wp-json\/wp\/v2\/media\/8401"}],"wp:attachment":[{"href":"https:\/\/shop.yipinqian.com\/pt\/wp-json\/wp\/v2\/media?parent=1844"}],"wp:term":[{"taxonomy":"product_brand","embeddable":true,"href":"https:\/\/shop.yipinqian.com\/pt\/wp-json\/wp\/v2\/product_brand?post=1844"},{"taxonomy":"product_cat","embeddable":true,"href":"https:\/\/shop.yipinqian.com\/pt\/wp-json\/wp\/v2\/product_cat?post=1844"},{"taxonomy":"product_tag","embeddable":true,"href":"https:\/\/shop.yipinqian.com\/pt\/wp-json\/wp\/v2\/product_tag?post=1844"}],"curies":[{"name":"wp","href":"https:\/\/api.w.org\/{rel}","templated":true}]}}