{"id":1841,"date":"2024-10-24T23:22:58","date_gmt":"2024-10-24T15:22:58","guid":{"rendered":"https:\/\/shop.yipinqian.com\/product\/very-beautiful-full-green-and-light-green-hue-natural-type-a-jadeite-jade-crafted-with-three-legs-toad-with-coin-and-ruyi-with-certificate-weigh-16-97-grams-measurement-52-8-21-2-10-7-mm-pendant180\/"},"modified":"2025-02-17T00:04:18","modified_gmt":"2025-02-16T16:04:18","slug":"very-beautiful-full-green-and-light-green-hue-natural-type-a-jadeite-jade-crafted-with-three-legs-toad-with-coin-and-ruyi-with-certificate-weigh-16-97-grams-measurement-52-8-21-2-10-7-mm-pendant180","status":"publish","type":"product","link":"https:\/\/shop.yipinqian.com\/pt\/produto\/very-beautiful-full-green-and-light-green-hue-natural-type-a-jadeite-jade-crafted-with-three-legs-toad-with-coin-and-ruyi-with-certificate-weigh-16-97-grams-measurement-52-8-21-2-10-7-mm-pendant180\/","title":{"rendered":"Jade\u00edta natural tipo A, muito bonita, em tons de verde e verde claro, trabalhada com sapo de tr\u00eas pernas, moeda e ruyi com certificado, pesando 16,97 gramas, medindo 52,8 * 21,2 * 10,7 mm (pendant180)"},"content":{"rendered":"<p>Este pingente de Jade\u00edte Natural Tipo A \u00e9 uma bela adi\u00e7\u00e3o a qualquer cole\u00e7\u00e3o de joias. O Full Green e Light Green Hue d\u00e3o a ele uma apar\u00eancia \u00fanica e atraente, enquanto o Three Legs Toad com moeda e design Ruyi adiciona significado simb\u00f3lico.<\/p>\n<p><\/p>\n<p><strong>N\u00fameros de certificado: GD2112H009368<\/strong><\/p>\n<ul>\n<li>\n<strong>Projeto:<\/strong> O pingente \u00e9 feito com um sapo de tr\u00eas pernas com moedas e design Ruyi, considerados s\u00edmbolos de sorte na cultura chinesa.<\/li>\n<li>\n<strong>Peso:<\/strong> Este pingente pesa 16,97 gramas, o que o torna leve e confort\u00e1vel de usar.<\/li>\n<li>\n<strong>Certificado:<\/strong> Este produto vem com um certificado de autenticidade garantindo que o jade \u00e9 jade\u00edta natural Tipo A<\/li>\n<\/ul>\n<p>O pingente tem medidas de 52,8 * 21,2 * 10,7 mm (pendant180), tornando-o um tamanho ideal para uso di\u00e1rio ou como acess\u00f3rio para ocasi\u00f5es casuais.<\/p>\n<ul>\n<li>\n<strong>Ocasi\u00e3o:<\/strong>O estilo vers\u00e1til do colar o torna adequado para uso di\u00e1rio ou ocasi\u00f5es casuais<\/li>\n<li>.<\/li>\n<\/ul>\n<p>Este colar unissex n\u00e3o vem com nenhuma garantia, mas \u00e9 uma excelente op\u00e7\u00e3o de presente para seus entes queridos que apreciam joias \u00fanicas e ricas em simbolismo!<\/p>\n<p>.<\/p>\n<p>Yi Pin Qian \u2013 Um negociante de pedras preciosas e metais preciosos em Cingapura \u2013 N\u00famero de licen\u00e7a PS20190000031<\/p>\n<p><\/p>\n<p>*Todos os Jadeites comprados de Yi Pin Qian em Cingapura, os clientes podem reservar hor\u00e1rios para polimento ou pequenos reparos por manuseio incorreto - taxas se aplicam e somente para clientes de Yi Pin Qian em Cingapura*<\/p>\n<p><\/p>\n<p><strong>**Tipos de Certificados**<\/strong><\/p>\n<p><\/p>\n<p><strong>NGI (Nan Yang Gemol\u00f3gico)<\/strong><\/p>\n<p>ou <strong>Certificados no exterior <\/strong>(Yi Pin Qian usa apenas certificados aut\u00eanticos de laborat\u00f3rios estrangeiros e tamb\u00e9m controla a qualidade de cada um dos nossos produtos antes de coloc\u00e1-los \u00e0 venda em Cingapura)<\/p>\n<p><\/p>\n<p>Cada produto no TikTok ter\u00e1 o tipo de certificado fornecido indicado na descri\u00e7\u00e3o. Para qualquer cliente que deseje enviar seu pedido para a NGI Singapore, haver\u00e1 um tempo de espera para entrega do pedido estimado em torno de 4 semanas para receber seu pedido. <strong>As solicita\u00e7\u00f5es de relat\u00f3rios da NGI Gemstone precisam ser feitas por mensagem para a loja Yi Pin Qian TikTok.<\/strong> Obrigado, <strong><u>taxas extras se aplicam<\/u><\/strong>.<\/p>\n<p><\/p>\n<p><strong>A jade\u00edta natural n\u00e3o \u00e9 perfeita, apenas um lembrete gentil, nossa jade\u00edta natural, como todas as coisas bonitas da natureza, vem com suas caracter\u00edsticas e varia\u00e7\u00f5es \u00fanicas. Convidamos nossos valiosos clientes a abra\u00e7ar essas varia\u00e7\u00f5es naturais. Boas compras!<\/strong><\/p>\n<p><\/p>\n<p><strong><u>Nenhuma das fotos e filmagens de v\u00eddeo foram filtradas. Incentivamos nossos clientes a tamb\u00e9m assistirem aos v\u00eddeos que os acompanham para uma vis\u00e3o mais abrangente de nossos produtos<\/u><\/strong><\/p>","protected":false},"excerpt":{"rendered":"<p>This Natural Type A Jadeite Jade pendant is a beautiful addition to any jewelry collection. The Full Green and Light Green Hue gives it a unique and eye-catching appearance, while the Three Legs Toad with coin and Ruyi design adds symbolic significance. Certificate numbers: GD2112H009368 Design: The pendant is crafted with Three Legs Toad with [&hellip;]<\/p>","protected":false},"featured_media":8381,"comment_status":"open","ping_status":"closed","template":"","meta":[],"product_brand":[],"product_cat":[48],"product_tag":[],"class_list":{"0":"post-1841","1":"product","2":"type-product","3":"status-publish","4":"has-post-thumbnail","6":"product_cat-pendants","8":"first","9":"instock","10":"sale","11":"shipping-taxable","12":"purchasable","13":"product-type-simple"},"_links":{"self":[{"href":"https:\/\/shop.yipinqian.com\/pt\/wp-json\/wp\/v2\/product\/1841","targetHints":{"allow":["GET"]}}],"collection":[{"href":"https:\/\/shop.yipinqian.com\/pt\/wp-json\/wp\/v2\/product"}],"about":[{"href":"https:\/\/shop.yipinqian.com\/pt\/wp-json\/wp\/v2\/types\/product"}],"replies":[{"embeddable":true,"href":"https:\/\/shop.yipinqian.com\/pt\/wp-json\/wp\/v2\/comments?post=1841"}],"version-history":[{"count":0,"href":"https:\/\/shop.yipinqian.com\/pt\/wp-json\/wp\/v2\/product\/1841\/revisions"}],"wp:featuredmedia":[{"embeddable":true,"href":"https:\/\/shop.yipinqian.com\/pt\/wp-json\/wp\/v2\/media\/8381"}],"wp:attachment":[{"href":"https:\/\/shop.yipinqian.com\/pt\/wp-json\/wp\/v2\/media?parent=1841"}],"wp:term":[{"taxonomy":"product_brand","embeddable":true,"href":"https:\/\/shop.yipinqian.com\/pt\/wp-json\/wp\/v2\/product_brand?post=1841"},{"taxonomy":"product_cat","embeddable":true,"href":"https:\/\/shop.yipinqian.com\/pt\/wp-json\/wp\/v2\/product_cat?post=1841"},{"taxonomy":"product_tag","embeddable":true,"href":"https:\/\/shop.yipinqian.com\/pt\/wp-json\/wp\/v2\/product_tag?post=1841"}],"curies":[{"name":"wp","href":"https:\/\/api.w.org\/{rel}","templated":true}]}}