{"id":1837,"date":"2024-10-24T23:22:57","date_gmt":"2024-10-24T15:22:57","guid":{"rendered":"https:\/\/shop.yipinqian.com\/product\/unique-yellow-and-green-natural-type-a-jadeite-jade-crafted-with-guanyin-as-pendant-necklace-jewellery-with-certificate-weigh-23-54-grams-measurement-57-3-39-3-7-5-mm-pendant205\/"},"modified":"2025-02-17T00:04:18","modified_gmt":"2025-02-16T16:04:18","slug":"unique-yellow-and-green-natural-type-a-jadeite-jade-crafted-with-guanyin-as-pendant-necklace-jewellery-with-certificate-weigh-23-54-grams-measurement-57-3-39-3-7-5-mm-pendant205","status":"publish","type":"product","link":"https:\/\/shop.yipinqian.com\/pt\/produto\/unique-yellow-and-green-natural-type-a-jadeite-jade-crafted-with-guanyin-as-pendant-necklace-jewellery-with-certificate-weigh-23-54-grams-measurement-57-3-39-3-7-5-mm-pendant205\/","title":{"rendered":"Jade\u00edta natural tipo A amarela e verde exclusiva, trabalhada com Guanyin como pingente, joia de colar com certificado, pesa 23,54 gramas, medida 57,3 * 39,3 * 7,5 mm (pendant205)"},"content":{"rendered":"<p>Este colar com pingente de Jade\u00edte Natural Amarelo e Verde Tipo A \u00e9 uma adi\u00e7\u00e3o impressionante a qualquer cole\u00e7\u00e3o de joias. Feito com Guanyin, a deusa chinesa da compaix\u00e3o, esta pe\u00e7a n\u00e3o \u00e9 apenas linda, mas tamb\u00e9m carrega um significado cultural significativo.<\/p>\n<p><\/p>\n<p>N\u00fameros de certificado: 920660009487<\/p>\n<ul>\n<li>\n<strong>Jade\u00edta natural tipo A:<\/strong> O jade usado neste colar com pingente \u00e9 da mais alta qualidade, conhecido como jade\u00edta tipo A. Ele apresenta uma mistura \u00fanica de tons amarelos e verdes que o tornam uma pe\u00e7a verdadeiramente \u00fanica.<\/li>\n<li>\n<strong>Certificado inclu\u00eddo:<\/strong> Este colar vem com um certificado para garantir autenticidade e garantia de qualidade para sua tranquilidade.<\/li>\n<li>\n<strong>Estilo de colar casual:<\/strong> O estilo casual torna este colar perfeito para uso di\u00e1rio ou como pe\u00e7a de destaque em ocasi\u00f5es mais formais.<\/li>\n<\/ul>\n<p>Pesando 23,54 gramas e medindo 57,3 * 39,3 * 7,5 mm (pendant205), este colar unissex se ajusta confortavelmente ao pesco\u00e7o sem parecer pesado ou volumoso, o que o torna perfeito para usar o dia todo, independentemente de voc\u00ea ser homem ou mulher!<\/p>\n<ul>\n<li>\n<strong>Feito em Mianmar:<\/strong> Este produto vem de Mianmar (antiga Birm\u00e2nia), que \u00e9 conhecida ao longo da hist\u00f3ria como uma das principais fontes mundiais de produtos de joalheria de jade\u00edta de alta qualidade, desde a antiguidade at\u00e9 os tempos modernos.<\/li>\n<li><em>Este produto n\u00e3o possui nenhum tipo de garantia oferecida pelo seu Fabricante\/Marca.<\/em><\/li>\n<\/ul>\n<p>Adicione um pouco de cultura e sofistica\u00e7\u00e3o \u00e0 sua vida di\u00e1ria usando este exclusivo pingente Guanyin de Jade\u00edta Natural Tipo A, Amarelo e Verde!<\/p>\n<p><\/p>\n<p>Yi Pin Qian \u2013 Um negociante de pedras preciosas e metais preciosos em Cingapura \u2013 N\u00famero de licen\u00e7a PS20190000031<\/p>\n<p><\/p>\n<p>*Todos os Jadeites comprados de Yi Pin Qian em Cingapura, os clientes podem reservar hor\u00e1rios para polimento ou pequenos reparos por manuseio incorreto - taxas se aplicam e somente para clientes de Yi Pin Qian em Cingapura*<\/p>\n<p><\/p>\n<p><strong>**Tipos de Certificados**<\/strong><\/p>\n<p><\/p>\n<p><strong>NGI (Nan Yang Gemol\u00f3gico)<\/strong><\/p>\n<p>ou <strong>Certificados no exterior <\/strong>(Yi Pin Qian usa apenas certificados aut\u00eanticos de laborat\u00f3rios estrangeiros e tamb\u00e9m controla a qualidade de cada um dos nossos produtos antes de coloc\u00e1-los \u00e0 venda em Cingapura)<\/p>\n<p><\/p>\n<p>Cada produto no TikTok ter\u00e1 o tipo de certificado fornecido indicado na descri\u00e7\u00e3o. Para qualquer cliente que deseje enviar seu pedido para a NGI Singapore, haver\u00e1 um tempo de espera para entrega do pedido estimado em torno de 4 semanas para receber seu pedido. <strong>As solicita\u00e7\u00f5es de relat\u00f3rios da NGI Gemstone precisam ser feitas por mensagem para a loja Yi Pin Qian TikTok.<\/strong> Obrigado, <strong><u>taxas extras se aplicam<\/u><\/strong>.<\/p>\n<p><\/p>\n<p><strong>A jade\u00edta natural n\u00e3o \u00e9 perfeita, apenas um lembrete gentil, nossa jade\u00edta natural, como todas as coisas bonitas da natureza, vem com suas caracter\u00edsticas e varia\u00e7\u00f5es \u00fanicas. Convidamos nossos valiosos clientes a abra\u00e7ar essas varia\u00e7\u00f5es naturais. Boas compras!<\/strong><\/p>\n<p><\/p>\n<p><strong><u>Nenhuma das fotos e filmagens de v\u00eddeo foram filtradas. Incentivamos nossos clientes a tamb\u00e9m assistirem aos v\u00eddeos que os acompanham para uma vis\u00e3o mais abrangente de nossos produtos<\/u><\/strong><\/p>","protected":false},"excerpt":{"rendered":"<p>This Unique Yellow and Green Natural Type A Jadeite Jade pendant necklace is a stunning addition to any jewelry collection. Crafted with Guanyin, the Chinese goddess of compassion, this piece is not only beautiful but also carries significant cultural meaning. Certificate numbers: 920660009487 Natural Type A Jadeite: The jade used in this pendant necklace is [&hellip;]<\/p>","protected":false},"featured_media":8353,"comment_status":"open","ping_status":"closed","template":"","meta":[],"product_brand":[],"product_cat":[48],"product_tag":[],"class_list":{"0":"post-1837","1":"product","2":"type-product","3":"status-publish","4":"has-post-thumbnail","6":"product_cat-pendants","8":"first","9":"instock","10":"sale","11":"shipping-taxable","12":"purchasable","13":"product-type-simple"},"_links":{"self":[{"href":"https:\/\/shop.yipinqian.com\/pt\/wp-json\/wp\/v2\/product\/1837","targetHints":{"allow":["GET"]}}],"collection":[{"href":"https:\/\/shop.yipinqian.com\/pt\/wp-json\/wp\/v2\/product"}],"about":[{"href":"https:\/\/shop.yipinqian.com\/pt\/wp-json\/wp\/v2\/types\/product"}],"replies":[{"embeddable":true,"href":"https:\/\/shop.yipinqian.com\/pt\/wp-json\/wp\/v2\/comments?post=1837"}],"version-history":[{"count":0,"href":"https:\/\/shop.yipinqian.com\/pt\/wp-json\/wp\/v2\/product\/1837\/revisions"}],"wp:featuredmedia":[{"embeddable":true,"href":"https:\/\/shop.yipinqian.com\/pt\/wp-json\/wp\/v2\/media\/8353"}],"wp:attachment":[{"href":"https:\/\/shop.yipinqian.com\/pt\/wp-json\/wp\/v2\/media?parent=1837"}],"wp:term":[{"taxonomy":"product_brand","embeddable":true,"href":"https:\/\/shop.yipinqian.com\/pt\/wp-json\/wp\/v2\/product_brand?post=1837"},{"taxonomy":"product_cat","embeddable":true,"href":"https:\/\/shop.yipinqian.com\/pt\/wp-json\/wp\/v2\/product_cat?post=1837"},{"taxonomy":"product_tag","embeddable":true,"href":"https:\/\/shop.yipinqian.com\/pt\/wp-json\/wp\/v2\/product_tag?post=1837"}],"curies":[{"name":"wp","href":"https:\/\/api.w.org\/{rel}","templated":true}]}}