{"id":18369,"date":"2025-02-09T10:35:54","date_gmt":"2025-02-09T02:35:54","guid":{"rendered":"https:\/\/shop.yipinqian.com\/product\/18k-jadeite-bracelet-natural-type-a-jadeite-crafted-with-7-cabochons-with-12-diamonds-certified-luxury-18kp105\/"},"modified":"2025-02-24T01:17:23","modified_gmt":"2025-02-23T17:17:23","slug":"18k-gold-jadeite-harmony-bracelet","status":"publish","type":"product","link":"https:\/\/shop.yipinqian.com\/pt\/produto\/18k-gold-jadeite-harmony-bracelet\/","title":{"rendered":"18K Gold &#038; Jadeite Harmony Bracelet \u2013 7 Cabochons with 12 Diamonds, \ud83c\udf0cFive Elements Balance, Certified GD2109H014618(18kp105)"},"content":{"rendered":"<p><iframe title=\"18K Gold &amp; Jadeite Harmony Bracelet \u2013 7 Cabochons with 12 Diamonds\" src=\"https:\/\/youtube.com\/embed\/xWpAEdD5ZtY\" width=\"330\" height=\"300\"><\/iframe><\/p>\n<p>18K Gold &amp; Jadeite Harmony Bracelet<\/p>\n<p>Discover the perfect fusion of nature type a jadeite and artistry in this 18K gold bracelet. Featuring 7 natural jadeite cabochons (<strong>1 vibrant green + 6 icy translucent stones<\/strong>) and 12 diamonds, it\u2019s a masterpiece of balance and symbolism.<\/p>\n<p><strong>Key Details:<\/strong><\/p>\n<p><strong>Jadeite Cabochons:<\/strong><\/p>\n<p>1 Green: 3.6 * 3.6 * 2mm (symbolizing growth and vitality).<\/p>\n<p>6 Icy Translucent: Ranging from 4.2mm to 5.3mm (embodying clarity and fluidity).<\/p>\n<p>Materials: 18K gold (2.5g) + 12 diamonds (0.036 carats).<\/p>\n<p>Total Weight: 3.51 grams | Length: 180mm.<\/p>\n<p>Certification: GD2109H014618.<\/p>\n<p><strong>Symbolism &amp; Five Elements (Universal Appeal):<\/strong><\/p>\n<p>\ud83c\udf0cWood (\u6728): The green jadeite represents growth and renewal.<\/p>\n<p>\ud83c\udf0cWater (\u6c34): The icy stones mirror adaptability and calm.<\/p>\n<p>\ud83c\udf0cMetal (\u91d1): The 18K gold setting adds strength and refinement.<\/p>\n<p>\ud83c\udf0cEarth (\u571f): Mined from the earth, jadeite grounds the wearer.<\/p>\n<p>\ud83c\udf0cFire (\u706b): The diamonds\u2019 sparkle ignites passion and creativity.<\/p>\n<p>While those aligned with Wood or Water may feel a special connection, this bracelet transcends boundaries\u2014it\u2019s for anyone who values harmony and craftsmanship.<\/p>\n<p><strong>Priced at $5899.33<\/strong>, this bracelet is more than jewelry\u2014it\u2019s a wearable philosophy of balance. Gift it to someone special or claim it as your own talisman of harmony. Shop now and let this piece tell your story.<\/p>\n<p>&#8212;\u2697&#8212;<\/p>\n<p>Yi Pin Qian \u2013 Um negociante de pedras preciosas e metais preciosos em Cingapura \u2013 N\u00famero de licen\u00e7a PS20190000031<\/p>\n<p>*Todos os Jadeites comprados de Yi Pin Qian em Cingapura, os clientes podem reservar hor\u00e1rios para polimento ou pequenos reparos por manuseio incorreto - taxas se aplicam e somente para clientes de Yi Pin Qian em Cingapura*<\/p>\n<p><strong>**Tipos de Certificados**<\/strong><\/p>\n<p><strong>NGI (Nan Yang Gemol\u00f3gico)<\/strong><\/p>\n<p>ou <strong>Certificados no exterior <\/strong>(Yi Pin Qian usa apenas certificados aut\u00eanticos de laborat\u00f3rios estrangeiros e tamb\u00e9m controla a qualidade de cada um dos nossos produtos antes de coloc\u00e1-los \u00e0 venda em Cingapura)<\/p>\n<p>Cada produto ter\u00e1 o tipo de certificado fornecido indicado na descri\u00e7\u00e3o. Para qualquer cliente que deseje enviar seu pedido para NGI Singapore,\u00a0<strong>As solicita\u00e7\u00f5es de relat\u00f3rios de pedras preciosas da NGI precisam ser feitas por mensagem.<\/strong> Obrigado, <strong><u>taxas extras se aplicam<\/u><\/strong> \u2013 $90 para jade\u00edta \/ $150 para jade\u00edta com ouro 18k \/ $150 para contas de jade\u00edta \u2013 n\u00e3o \u00e9 obrigat\u00f3rio, pois a maioria dos nossos produtos j\u00e1 veio com certificado internacional ou relat\u00f3rio NGI.<\/p>\n<p>(Para mais detalhes ou solicita\u00e7\u00e3o adicional:\u00a0<strong>Por favor, envie-nos uma mensagem se desejar enviar o item adquirido para teste de laborat\u00f3rio NGI<\/strong>)<\/p>\n<p><strong>A jade\u00edta natural n\u00e3o \u00e9 perfeita, apenas um lembrete gentil, nossa jade\u00edta natural, como todas as coisas bonitas da natureza, vem com suas caracter\u00edsticas e varia\u00e7\u00f5es \u00fanicas. Convidamos nossos valiosos clientes a abra\u00e7ar essas varia\u00e7\u00f5es naturais. Boas compras!<\/strong><\/p>\n<p><strong><u>Nenhuma das fotos e filmagens de v\u00eddeo foram filtradas. Incentivamos nossos clientes a tamb\u00e9m assistirem aos v\u00eddeos que os acompanham para uma vis\u00e3o mais abrangente de nossos produtos<\/u><\/strong><\/p>\n<p>&nbsp;<\/p>\n<ul>\n<li>Diferentes plataformas s\u00f3 podem visualizar v\u00eddeos por meio do Desktop<\/li>\n<\/ul>","protected":false},"excerpt":{"rendered":"<p>18K Gold &amp; Jadeite Harmony Bracelet Discover the perfect fusion of nature type a jadeite and artistry in this 18K gold bracelet. Featuring 7 natural jadeite cabochons (1 vibrant green + 6 icy translucent stones) and 12 diamonds, it\u2019s a masterpiece of balance and symbolism. Key Details: Jadeite Cabochons: 1 Green: 3.6 * 3.6 * [&hellip;]<\/p>","protected":false},"featured_media":18371,"comment_status":"open","ping_status":"closed","template":"","meta":[],"product_brand":[],"product_cat":[195],"product_tag":[50,102,64,52,88,72,53,70,65,54,55,56,58,59,60,62],"class_list":{"0":"post-18369","1":"product","2":"type-product","3":"status-publish","4":"has-post-thumbnail","6":"product_cat-heirloom-grade","7":"product_tag-18k-gold","8":"product_tag-bracelet","9":"product_tag-cabochon","10":"product_tag-certified","11":"product_tag-diamonds","12":"product_tag-female","13":"product_tag-fine-quality","14":"product_tag-green","15":"product_tag-high-quality","16":"product_tag-icy","17":"product_tag-jadeite","18":"product_tag-limited-editions","19":"product_tag-new-arrivals","20":"product_tag-translucent","21":"product_tag-type-a-jadeite","22":"product_tag-yi-pin-qian-exclusive","24":"first","25":"instock","26":"sale","27":"shipping-taxable","28":"purchasable","29":"product-type-simple"},"_links":{"self":[{"href":"https:\/\/shop.yipinqian.com\/pt\/wp-json\/wp\/v2\/product\/18369","targetHints":{"allow":["GET"]}}],"collection":[{"href":"https:\/\/shop.yipinqian.com\/pt\/wp-json\/wp\/v2\/product"}],"about":[{"href":"https:\/\/shop.yipinqian.com\/pt\/wp-json\/wp\/v2\/types\/product"}],"replies":[{"embeddable":true,"href":"https:\/\/shop.yipinqian.com\/pt\/wp-json\/wp\/v2\/comments?post=18369"}],"version-history":[{"count":0,"href":"https:\/\/shop.yipinqian.com\/pt\/wp-json\/wp\/v2\/product\/18369\/revisions"}],"wp:featuredmedia":[{"embeddable":true,"href":"https:\/\/shop.yipinqian.com\/pt\/wp-json\/wp\/v2\/media\/18371"}],"wp:attachment":[{"href":"https:\/\/shop.yipinqian.com\/pt\/wp-json\/wp\/v2\/media?parent=18369"}],"wp:term":[{"taxonomy":"product_brand","embeddable":true,"href":"https:\/\/shop.yipinqian.com\/pt\/wp-json\/wp\/v2\/product_brand?post=18369"},{"taxonomy":"product_cat","embeddable":true,"href":"https:\/\/shop.yipinqian.com\/pt\/wp-json\/wp\/v2\/product_cat?post=18369"},{"taxonomy":"product_tag","embeddable":true,"href":"https:\/\/shop.yipinqian.com\/pt\/wp-json\/wp\/v2\/product_tag?post=18369"}],"curies":[{"name":"wp","href":"https:\/\/api.w.org\/{rel}","templated":true}]}}