{"id":1836,"date":"2024-10-24T23:22:57","date_gmt":"2024-10-24T15:22:57","guid":{"rendered":"https:\/\/shop.yipinqian.com\/product\/unique-lavender-natural-type-a-jadeite-pendant-carved-with-scene-come-with-certificate-weight-19-55-grams-53-80-27-50-5-50-mmm-suitable-for-daily-wear-pendant121\/"},"modified":"2025-02-24T00:49:49","modified_gmt":"2025-02-23T16:49:49","slug":"unique-lavender-natural-type-a-jadeite-pendant-carved-with-scene-come-with-certificate-weight-19-55-grams-53-80-27-50-5-50-mmm-suitable-for-daily-wear-pendant121","status":"publish","type":"product","link":"https:\/\/shop.yipinqian.com\/pt\/produto\/unique-lavender-natural-type-a-jadeite-pendant-carved-with-scene-come-with-certificate-weight-19-55-grams-53-80-27-50-5-50-mmm-suitable-for-daily-wear-pendant121\/","title":{"rendered":"Pingente exclusivo de jade\u00edta natural tipo A de lavanda esculpido com cena, vem com certificado, peso 19,55 gramas, 53,80 * 27,50 * 5,50 mm, adequado para uso di\u00e1rio (pendant121)"},"content":{"rendered":"<p>Este Pingente Exclusivo de Jade\u00edta Natural Lavanda Tipo A \u00e9 uma adi\u00e7\u00e3o impressionante \u00e0 sua cole\u00e7\u00e3o de joias. Esculpido com uma cena intrincada, este pingente vem com um certificado para garantir autenticidade e tem um peso de 19,55 gramas.<\/p>\n<ul>\n<li>\n<strong>Material:<\/strong> Feito de linda jade\u00edta tipo A, este pingente \u00e9 da mais alta qualidade.<\/li>\n<li>\n<strong>Dimens\u00f5es:<\/strong> Com 53,80 * 27,50 * 5,50 mm, este pingente tem o tamanho perfeito para uso di\u00e1rio.<\/li>\n<li>\n<strong>Adequado para todos:<\/strong> Este pingente unissex \u00e9 adequado para qualquer pessoa que queira adicionar um pouco de eleg\u00e2ncia ao seu traje.<\/li>\n<\/ul>\n<p><strong>N\u00famero do certificado: ZJ23013107050<\/strong><\/p>\n<p><img fetchpriority=\"high\" decoding=\"async\" height=\"1080\" src=\"https:\/\/shop.yipinqian.com\/wp-content\/uploads\/2024\/10\/03dce99f603da944ab65e5044d0727fe.jpg?from=476444299\" width=\"1080\"><\/p>\n<p>Feito em Myanmar e perfeito para uso di\u00e1rio, a eleg\u00e2ncia sutil deste colar de jade\u00edte lavanda acrescenta estilo e sofistica\u00e7\u00e3o a qualquer roupa. Invista em voc\u00ea ou surpreenda algu\u00e9m especial presenteando-o com algo \u00fanico!<\/p>\n<p>\u00a0<\/p>\n<p>Yi Pin Qian \u2013 Um negociante de pedras preciosas e metais preciosos em Cingapura \u2013 N\u00famero de licen\u00e7a PS20190000031<\/p>\n<p>\u00a0<\/p>\n<p>*Todos os Jadeites comprados de Yi Pin Qian em Cingapura, os clientes podem reservar hor\u00e1rios para polimento ou pequenos reparos por manuseio incorreto - taxas se aplicam e somente para clientes de Yi Pin Qian em Cingapura*<\/p>\n<p>\u00a0<\/p>\n<p><strong>**Tipos de Certificados**<\/strong><\/p>\n<p>\u00a0<\/p>\n<p><strong>NGI (Nan Yang Gemol\u00f3gico)<\/strong><\/p>\n<p>ou <strong>Certificados no exterior <\/strong>(Yi Pin Qian usa apenas certificados aut\u00eanticos de laborat\u00f3rios estrangeiros e tamb\u00e9m controla a qualidade de cada um dos nossos produtos antes de coloc\u00e1-los \u00e0 venda em Cingapura)<\/p>\n<p>\u00a0<\/p>\n<p>Cada produto no TikTok ter\u00e1 o tipo de certificado fornecido indicado na descri\u00e7\u00e3o. Para qualquer cliente que deseje enviar seu pedido para a NGI Singapore, haver\u00e1 um tempo de espera para entrega do pedido estimado em torno de 4 semanas para receber seu pedido. <strong>As solicita\u00e7\u00f5es de relat\u00f3rios da NGI Gemstone precisam ser feitas por mensagem para a loja Yi Pin Qian TikTok.<\/strong> Obrigado, <strong><u>taxas extras se aplicam<\/u><\/strong>.<\/p>","protected":false},"excerpt":{"rendered":"<p>This Unique Lavender Natural Type A Jadeite Pendant is a stunning addition to your jewelry collection. Carved with an intricate scene, this pendant comes with a certificate to ensure authenticity and has a weight of 19.55 grams. Material: Made from beautiful Type A Jadeite, this pendant is of the highest quality. Dimensions: At 53.80 *27.50 [&hellip;]<\/p>","protected":false},"featured_media":8345,"comment_status":"open","ping_status":"closed","template":"","meta":[],"product_brand":[],"product_cat":[194],"product_tag":[],"class_list":{"0":"post-1836","1":"product","2":"type-product","3":"status-publish","4":"has-post-thumbnail","6":"product_cat-value-picks","8":"first","9":"instock","10":"sale","11":"shipping-taxable","12":"purchasable","13":"product-type-simple"},"_links":{"self":[{"href":"https:\/\/shop.yipinqian.com\/pt\/wp-json\/wp\/v2\/product\/1836","targetHints":{"allow":["GET"]}}],"collection":[{"href":"https:\/\/shop.yipinqian.com\/pt\/wp-json\/wp\/v2\/product"}],"about":[{"href":"https:\/\/shop.yipinqian.com\/pt\/wp-json\/wp\/v2\/types\/product"}],"replies":[{"embeddable":true,"href":"https:\/\/shop.yipinqian.com\/pt\/wp-json\/wp\/v2\/comments?post=1836"}],"version-history":[{"count":0,"href":"https:\/\/shop.yipinqian.com\/pt\/wp-json\/wp\/v2\/product\/1836\/revisions"}],"wp:featuredmedia":[{"embeddable":true,"href":"https:\/\/shop.yipinqian.com\/pt\/wp-json\/wp\/v2\/media\/8345"}],"wp:attachment":[{"href":"https:\/\/shop.yipinqian.com\/pt\/wp-json\/wp\/v2\/media?parent=1836"}],"wp:term":[{"taxonomy":"product_brand","embeddable":true,"href":"https:\/\/shop.yipinqian.com\/pt\/wp-json\/wp\/v2\/product_brand?post=1836"},{"taxonomy":"product_cat","embeddable":true,"href":"https:\/\/shop.yipinqian.com\/pt\/wp-json\/wp\/v2\/product_cat?post=1836"},{"taxonomy":"product_tag","embeddable":true,"href":"https:\/\/shop.yipinqian.com\/pt\/wp-json\/wp\/v2\/product_tag?post=1836"}],"curies":[{"name":"wp","href":"https:\/\/api.w.org\/{rel}","templated":true}]}}