{"id":1827,"date":"2024-10-24T23:22:50","date_gmt":"2024-10-24T15:22:50","guid":{"rendered":"https:\/\/shop.yipinqian.com\/product\/this-cute-oily-green-three-legs-toad-natural-type-a-jadeite-necklace-pendant-with-qic-labs-approved-certificate-included-weighs-30-60-grams-42-7-27-6-16-9-mm-symbols-of-good-fortunes-and-money-is-very\/"},"modified":"2025-02-17T00:04:18","modified_gmt":"2025-02-16T16:04:18","slug":"this-cute-oily-green-three-legs-toad-natural-type-a-jadeite-necklace-pendant-with-qic-labs-approved-certificate-included-weighs-30-60-grams-42-7-27-6-16-9-mm-symbols-of-good-fortunes-and-money-is-very","status":"publish","type":"product","link":"https:\/\/shop.yipinqian.com\/pt\/produto\/this-cute-oily-green-three-legs-toad-natural-type-a-jadeite-necklace-pendant-with-qic-labs-approved-certificate-included-weighs-30-60-grams-42-7-27-6-16-9-mm-symbols-of-good-fortunes-and-money-is-very\/","title":{"rendered":"Este lindo pingente de colar de jade\u00edta natural tipo A com tr\u00eas pernas de sapo verde oleoso com certificado aprovado pelo QIC Labs inclu\u00eddo pesa 30,60 gramas, 42,7 * 27,6 * 16,9 mm, s\u00edmbolos de boa sorte e dinheiro, \u00e9 muito adequado para seu uso di\u00e1rio (pendant126)"},"content":{"rendered":"<p>Adicione um toque de boa sorte e fortuna ao seu uso di\u00e1rio com este lindo Pingente de Colar de Jade\u00edta Natural Tipo A de Sapo de Tr\u00eas Pernas Verde-\u00d3leo. O pingente pesa 30,60 gramas e mede 42,7 * 27,6 * 16,9 mm.<\/p>\n<ul>\n<li>S\u00edmbolos de boa sorte e prosperidade<\/li>\n<li>Estilo de colar casual adequado para uso di\u00e1rio<\/li>\n<li>Feito de jade\u00edta natural tipo A de Mianmar<\/li>\n<li><strong>Com certificado aprovado pela QIC Labs inclu\u00eddo \u2013 N\u00fameros de certificado: SD24040804648<\/strong><\/li>\n<\/ul>\n<p><img fetchpriority=\"high\" decoding=\"async\" height=\"1080\" src=\"https:\/\/shop.yipinqian.com\/wp-content\/uploads\/2024\/10\/a9421e1b8e480129a501a8866a7342ed.jpg?from=476444299\" width=\"1080\"><img decoding=\"async\" height=\"1080\" src=\"https:\/\/shop.yipinqian.com\/wp-content\/uploads\/2024\/10\/125f9d9e90f76c1a0fde7d1a28663519.jpg?from=476444299\" width=\"1080\"><\/p>\n<p><strong>Corda de compra adicional para este pingente, podemos fazer uma rodada de cordas para atuar como um fecho para que o cliente possa prender esta corda ajust\u00e1vel de abertura\/fechamento de compra adicional<\/strong><\/p>\n<p>\u00a0<\/p>\n<p>O sapo de tr\u00eas pernas, tamb\u00e9m conhecido como sapo do dinheiro, \u00e9 um s\u00edmbolo popular de riqueza, sorte e prosperidade nas culturas asi\u00e1ticas.<br \/>Este colar tem design unissex, o que o torna o presente perfeito para quem gosta de acess\u00f3rios exclusivos que trazem energia positiva para suas vidas.<br \/>Confie na autenticidade deste produto, pois ele vem com um certificado aprovado pela QIC Labs inclu\u00eddo.<br \/>Adicione um pouco de charme aos seus looks do dia a dia com esta pe\u00e7a marcante que \u00e9 ao mesmo tempo estilosa e significativa!<\/p>\n<p>.<\/p>\n<p>Yi Pin Qian \u2013 Um negociante de pedras preciosas e metais preciosos em Cingapura \u2013 N\u00famero de licen\u00e7a PS20190000031<\/p>\n<p>*Todos os Jadeites comprados de Yi Pin Qian em Cingapura, os clientes podem reservar hor\u00e1rios para polimento ou pequenos reparos por manuseio incorreto - taxas se aplicam e somente para clientes de Yi Pin Qian em Cingapura*<\/p>\n<p><strong>**Tipos de Certificados**<\/strong><\/p>\n<p><strong>NGI (Nan Yang Gemol\u00f3gico)<\/strong><\/p>\n<p>ou <strong>Certificados no exterior <\/strong>(Yi Pin Qian usa apenas certificados aut\u00eanticos de laborat\u00f3rios estrangeiros e tamb\u00e9m controla a qualidade de cada um dos nossos produtos antes de coloc\u00e1-los \u00e0 venda em Cingapura)<\/p>\n<p>Cada produto no TikTok ter\u00e1 o tipo de certificado fornecido indicado na descri\u00e7\u00e3o. Para qualquer cliente que deseje enviar seu pedido para a NGI Singapore, haver\u00e1 um tempo de espera para entrega do pedido estimado em torno de 4 semanas para receber seu pedido. <strong>As solicita\u00e7\u00f5es de relat\u00f3rios da NGI Gemstone precisam ser feitas por mensagem para a loja Yi Pin Qian TikTok.<\/strong> Obrigado, <strong><u>taxas extras se aplicam<\/u><\/strong>.<\/p>\n<p><strong>A jade\u00edta natural n\u00e3o \u00e9 perfeita, apenas um lembrete gentil, nossa jade\u00edta natural, como todas as coisas bonitas da natureza, vem com suas caracter\u00edsticas e varia\u00e7\u00f5es \u00fanicas. Convidamos nossos valiosos clientes a abra\u00e7ar essas varia\u00e7\u00f5es naturais. Boas compras!<\/strong><\/p>\n<p><strong><u>Nenhuma das fotos e filmagens de v\u00eddeo foram filtradas. Incentivamos nossos clientes a tamb\u00e9m assistirem aos v\u00eddeos que os acompanham para uma vis\u00e3o mais abrangente de nossos produtos<\/u><\/strong><\/p>","protected":false},"excerpt":{"rendered":"<p>Add a touch of good fortune and luck to your daily wear with this cute Oil Green Three Legs Toad Natural Type A Jadeite Necklace Pendant. The pendant weighs 30.60 grams and measures 42.7 * 27.6 * 16.9 mm. Symbols of good fortune and prosperity Casual necklace style suitable for daily wear Made from natural [&hellip;]<\/p>","protected":false},"featured_media":8280,"comment_status":"open","ping_status":"closed","template":"","meta":[],"product_brand":[],"product_cat":[48],"product_tag":[],"class_list":{"0":"post-1827","1":"product","2":"type-product","3":"status-publish","4":"has-post-thumbnail","6":"product_cat-pendants","8":"first","9":"instock","10":"sale","11":"shipping-taxable","12":"purchasable","13":"product-type-simple"},"_links":{"self":[{"href":"https:\/\/shop.yipinqian.com\/pt\/wp-json\/wp\/v2\/product\/1827","targetHints":{"allow":["GET"]}}],"collection":[{"href":"https:\/\/shop.yipinqian.com\/pt\/wp-json\/wp\/v2\/product"}],"about":[{"href":"https:\/\/shop.yipinqian.com\/pt\/wp-json\/wp\/v2\/types\/product"}],"replies":[{"embeddable":true,"href":"https:\/\/shop.yipinqian.com\/pt\/wp-json\/wp\/v2\/comments?post=1827"}],"version-history":[{"count":0,"href":"https:\/\/shop.yipinqian.com\/pt\/wp-json\/wp\/v2\/product\/1827\/revisions"}],"wp:featuredmedia":[{"embeddable":true,"href":"https:\/\/shop.yipinqian.com\/pt\/wp-json\/wp\/v2\/media\/8280"}],"wp:attachment":[{"href":"https:\/\/shop.yipinqian.com\/pt\/wp-json\/wp\/v2\/media?parent=1827"}],"wp:term":[{"taxonomy":"product_brand","embeddable":true,"href":"https:\/\/shop.yipinqian.com\/pt\/wp-json\/wp\/v2\/product_brand?post=1827"},{"taxonomy":"product_cat","embeddable":true,"href":"https:\/\/shop.yipinqian.com\/pt\/wp-json\/wp\/v2\/product_cat?post=1827"},{"taxonomy":"product_tag","embeddable":true,"href":"https:\/\/shop.yipinqian.com\/pt\/wp-json\/wp\/v2\/product_tag?post=1827"}],"curies":[{"name":"wp","href":"https:\/\/api.w.org\/{rel}","templated":true}]}}