{"id":1823,"date":"2024-10-24T23:22:48","date_gmt":"2024-10-24T15:22:48","guid":{"rendered":"https:\/\/shop.yipinqian.com\/product\/tea-green-yellow-natural-type-a-jadeite-pendant-carved-as-dragon-head-fish-body-meaning-prosperity-wealth-and-happiness-with-certificate-weighs-49-67-grams-62-60-43-50-12-10-mm-pendant93\/"},"modified":"2025-02-17T00:04:18","modified_gmt":"2025-02-16T16:04:18","slug":"tea-green-yellow-natural-type-a-jadeite-pendant-carved-as-dragon-head-fish-body-meaning-prosperity-wealth-and-happiness-with-certificate-weighs-49-67-grams-62-60-43-50-12-10-mm-pendant93","status":"publish","type":"product","link":"https:\/\/shop.yipinqian.com\/pt\/produto\/tea-green-yellow-natural-type-a-jadeite-pendant-carved-as-dragon-head-fish-body-meaning-prosperity-wealth-and-happiness-with-certificate-weighs-49-67-grams-62-60-43-50-12-10-mm-pendant93\/","title":{"rendered":"Tea Green Yellow Natural Type A Jadeite Pendant Carved as Dragon Head Fish Body meaning Prosperity, wealth and happiness with certificate weighs 49.67 grams, 62.60 * 43.50 * 12.10 mm (pendant93)"},"content":{"rendered":"<p>Elevate your accessory game with this Tea Green Yellow Natural Type A Jadeite Pendant Carved as Dragon Head Fish Body. Crafted from high-quality jadeite, this pendant is intricately carved to depict a dragon head and fish body, symbolizing prosperity, wealth and happiness.<\/p>\n<ul>\n<li>\n<strong>Material:<\/strong> Made from high-quality Tea Green Yellow Natural Type A Jadeite<\/li>\n<li>\n<strong>Projeto:<\/strong> Features an intricately carved dragon head and fish body<\/li>\n<li>\n<strong>Certificado:<\/strong> Vem com um certificado de autenticidade<\/li>\n<\/ul>\n<p><strong>N\u00fameros de certificado: ZS240319048<\/strong><\/p>\n<p><img fetchpriority=\"high\" decoding=\"async\" height=\"1080\" src=\"https:\/\/shop.yipinqian.com\/wp-content\/uploads\/2024\/10\/c661b784bc84e8555594bde3a351a9b0.jpg?from=476444299\" width=\"1080\"><\/p>\n<ul>\n<li><strong>DIMENSIONS (mm): The pendant weighs 49.67 grams &amp; measures 62.60 * 43.50 *12 .10 (L*W*H)<\/strong><\/li>\n<\/ul>\n<p><strong>This unisex piece is perfect for adding a touch of elegance to any casual outfit or daily wear.<\/strong><\/p>\n<ul>\n<li><strong>Tipo de Jade: Jade\u00edta<\/strong><\/li>\n<li><strong>Certificate : Yes<\/strong><\/li>\n<\/ul>\n<p><strong>Made in Myanmar, it makes for an ideal gift or as an addition to your own jewelry collection.<\/strong><\/p>\n<p>\u00a0<\/p>\n<p>Yi Pin Qian \u2013 Um negociante de pedras preciosas e metais preciosos em Cingapura \u2013 N\u00famero de licen\u00e7a PS20190000031<\/p>\n<p>\u00a0<\/p>\n<p>*Todos os Jadeites comprados de Yi Pin Qian em Cingapura, os clientes podem reservar hor\u00e1rios para polimento ou pequenos reparos por manuseio incorreto - taxas se aplicam e somente para clientes de Yi Pin Qian em Cingapura*<\/p>\n<p>\u00a0<\/p>\n<p><strong>**Tipos de Certificados**<\/strong><\/p>\n<p>\u00a0<\/p>\n<p><strong>NGI (Nan Yang Gemol\u00f3gico)<\/strong><\/p>\n<p>ou <strong>Certificados no exterior <\/strong>(Yi Pin Qian usa apenas certificados aut\u00eanticos de laborat\u00f3rios estrangeiros e tamb\u00e9m controla a qualidade de cada um dos nossos produtos antes de coloc\u00e1-los \u00e0 venda em Cingapura)<\/p>\n<p>\u00a0<\/p>\n<p>Cada produto no TikTok ter\u00e1 o tipo de certificado fornecido indicado na descri\u00e7\u00e3o. Para qualquer cliente que deseje enviar seu pedido para a NGI Singapore, haver\u00e1 um tempo de espera para entrega do pedido estimado em torno de 4 semanas para receber seu pedido. <strong>As solicita\u00e7\u00f5es de relat\u00f3rios da NGI Gemstone precisam ser feitas por mensagem para a loja Yi Pin Qian TikTok.<\/strong> Obrigado, <strong><u>taxas extras se aplicam<\/u><\/strong>.<\/p>\n<p>\u00a0<\/p>\n<p><strong>.<\/strong><\/p>","protected":false},"excerpt":{"rendered":"<p>Elevate your accessory game with this Tea Green Yellow Natural Type A Jadeite Pendant Carved as Dragon Head Fish Body. Crafted from high-quality jadeite, this pendant is intricately carved to depict a dragon head and fish body, symbolizing prosperity, wealth and happiness. Material: Made from high-quality Tea Green Yellow Natural Type A Jadeite Design: Features [&hellip;]<\/p>","protected":false},"featured_media":8247,"comment_status":"open","ping_status":"closed","template":"","meta":[],"product_brand":[],"product_cat":[48],"product_tag":[],"class_list":{"0":"post-1823","1":"product","2":"type-product","3":"status-publish","4":"has-post-thumbnail","6":"product_cat-pendants","8":"first","9":"instock","10":"sale","11":"shipping-taxable","12":"purchasable","13":"product-type-simple"},"_links":{"self":[{"href":"https:\/\/shop.yipinqian.com\/pt\/wp-json\/wp\/v2\/product\/1823","targetHints":{"allow":["GET"]}}],"collection":[{"href":"https:\/\/shop.yipinqian.com\/pt\/wp-json\/wp\/v2\/product"}],"about":[{"href":"https:\/\/shop.yipinqian.com\/pt\/wp-json\/wp\/v2\/types\/product"}],"replies":[{"embeddable":true,"href":"https:\/\/shop.yipinqian.com\/pt\/wp-json\/wp\/v2\/comments?post=1823"}],"version-history":[{"count":0,"href":"https:\/\/shop.yipinqian.com\/pt\/wp-json\/wp\/v2\/product\/1823\/revisions"}],"wp:featuredmedia":[{"embeddable":true,"href":"https:\/\/shop.yipinqian.com\/pt\/wp-json\/wp\/v2\/media\/8247"}],"wp:attachment":[{"href":"https:\/\/shop.yipinqian.com\/pt\/wp-json\/wp\/v2\/media?parent=1823"}],"wp:term":[{"taxonomy":"product_brand","embeddable":true,"href":"https:\/\/shop.yipinqian.com\/pt\/wp-json\/wp\/v2\/product_brand?post=1823"},{"taxonomy":"product_cat","embeddable":true,"href":"https:\/\/shop.yipinqian.com\/pt\/wp-json\/wp\/v2\/product_cat?post=1823"},{"taxonomy":"product_tag","embeddable":true,"href":"https:\/\/shop.yipinqian.com\/pt\/wp-json\/wp\/v2\/product_tag?post=1823"}],"curies":[{"name":"wp","href":"https:\/\/api.w.org\/{rel}","templated":true}]}}