{"id":1822,"date":"2024-10-24T23:22:47","date_gmt":"2024-10-24T15:22:47","guid":{"rendered":"https:\/\/shop.yipinqian.com\/product\/super-rare-yellow-redish-and-green-hue-natural-type-a-jadeite-jade-crafted-with-lion-as-hand-held-piece-display-or-pendant-certificate-weigh-93-64-grams-measurement-53-3-32-2-30-7-mm-hand5\/"},"modified":"2025-02-24T01:17:25","modified_gmt":"2025-02-23T17:17:25","slug":"super-rare-yellow-redish-and-green-hue-natural-type-a-jadeite-jade-crafted-with-lion-as-hand-held-piece-display-or-pendant-certificate-weigh-93-64-grams-measurement-53-3-32-2-30-7-mm-hand5","status":"publish","type":"product","link":"https:\/\/shop.yipinqian.com\/pt\/produto\/super-rare-yellow-redish-and-green-hue-natural-type-a-jadeite-jade-crafted-with-lion-as-hand-held-piece-display-or-pendant-certificate-weigh-93-64-grams-measurement-53-3-32-2-30-7-mm-hand5\/","title":{"rendered":"Jade\u00edta natural super rara de tonalidade amarela, avermelhada e verde, tipo A, trabalhada com le\u00e3o como pe\u00e7a de m\u00e3o, exibi\u00e7\u00e3o ou pingente, certificado pesa 93,64 gramas, medida 53,3 * 32,2 * 30,7 mm (m\u00e3o 5)"},"content":{"rendered":"<p>Este Super Raro Amarelo, Avermelhado e Verde Natural Tipo A Jade\u00edta Jade \u00e9 uma deslumbrante pe\u00e7a de acess\u00f3rio de joalheria e decora\u00e7\u00e3o que vai deixar voc\u00ea sem f\u00f4lego. Com um peso de 93,64 gramas e medidas de 53,3 * 32,2 * 30,7 mm (hand5), \u00e9 trabalhado com um design de le\u00e3o que pode ser usado como pe\u00e7a de m\u00e3o, exibi\u00e7\u00e3o ou pingente.<\/p>\n<p>\u00a0<\/p>\n<p>N\u00fameros de certificado: GD2112H009364<\/p>\n<p><img fetchpriority=\"high\" decoding=\"async\" height=\"1080\" src=\"https:\/\/shop.yipinqian.com\/wp-content\/uploads\/2024\/10\/ebfda337164528cd39c3ea18aa5d1ca4.jpg?from=476444299\" width=\"1080\"><\/p>\n<ul>\n<li>\n<strong>Jade\u00edta natural tipo A:<\/strong> Este jade \u00e9 feito de jade\u00edta natural tipo A com cores deslumbrantes que o tornam \u00fanico.<\/li>\n<li>\n<strong>Certificado:<\/strong> Este produto possui certificado, garantindo sua autenticidade.<\/li>\n<li>\n<strong>Tipo de Jade:<\/strong> Feito de jade\u00edta de alta qualidade, o que o torna mais valioso e bonito.<\/li>\n<\/ul>\n<p>Este acess\u00f3rio de joalheria tamb\u00e9m pode ser usado como decora\u00e7\u00e3o de enfeite para casa para adicionar beleza \u00e0 sua cole\u00e7\u00e3o de decora\u00e7\u00e3o, tornando seu quarto mais elegante do que nunca<\/p>\n<ul>\n<li>\n<strong>Pa\u00eds de origem:<\/strong> O pa\u00eds de origem deste produto \u00e9 Mianmar, ent\u00e3o voc\u00ea sabe que est\u00e1 adquirindo materiais aut\u00eanticos e de qualidade de especialistas na \u00e1rea.<\/li>\n<li>\n<strong>Nenhuma garantia inclu\u00edda: <\/strong>Esta pe\u00e7a incr\u00edvel n\u00e3o vem com garantia, mas seu material aut\u00eantico durar\u00e1 muitos anos se manuseado com cuidado<\/li>\n<li>.<\/li>\n<\/ul>\n<p>A pe\u00e7a\/exibi\u00e7\u00e3o\/pingente de jade\u00edta natural tipo A super rara, em tons de amarelo, avermelhado e verde, ser\u00e1 uma adi\u00e7\u00e3o incr\u00edvel a qualquer cole\u00e7\u00e3o ou um presente inesquec\u00edvel para algu\u00e9m especial em sua vida, ent\u00e3o n\u00e3o hesite: compre hoje mesmo!<\/p>\n<p>\u00a0<\/p>\n<p>Yi Pin Qian \u2013 Um negociante de pedras preciosas e metais preciosos em Cingapura \u2013 N\u00famero de licen\u00e7a PS20190000031<\/p>\n<p>\u00a0<\/p>\n<p>*Todos os Jadeites comprados de Yi Pin Qian em Cingapura, os clientes podem reservar hor\u00e1rios para polimento ou pequenos reparos por manuseio incorreto - taxas se aplicam e somente para clientes de Yi Pin Qian em Cingapura*<\/p>\n<p>\u00a0<\/p>\n<p><strong>**Tipos de Certificados**<\/strong><\/p>\n<p>\u00a0<\/p>\n<p><strong>NGI (Nan Yang Gemol\u00f3gico)<\/strong><\/p>\n<p>ou <strong>Certificados no exterior <\/strong>(Yi Pin Qian usa apenas certificados aut\u00eanticos de laborat\u00f3rios estrangeiros e tamb\u00e9m controla a qualidade de cada um dos nossos produtos antes de coloc\u00e1-los \u00e0 venda em Cingapura)<\/p>\n<p>\u00a0<\/p>\n<p>Cada produto no TikTok ter\u00e1 o tipo de certificado fornecido indicado na descri\u00e7\u00e3o. Para qualquer cliente que deseje enviar seu pedido para a NGI Singapore, haver\u00e1 um tempo de espera para entrega do pedido estimado em torno de 4 semanas para receber seu pedido. <strong>As solicita\u00e7\u00f5es de relat\u00f3rios da NGI Gemstone precisam ser feitas por mensagem para a loja Yi Pin Qian TikTok.<\/strong> Obrigado, <strong><u>taxas extras se aplicam<\/u><\/strong>.<\/p>\n<p>\u00a0<\/p>\n<p><strong>A jade\u00edta natural n\u00e3o \u00e9 perfeita, apenas um lembrete gentil, nossa jade\u00edta natural, como todas as coisas bonitas da natureza, vem com suas caracter\u00edsticas e varia\u00e7\u00f5es \u00fanicas. Convidamos nossos valiosos clientes a abra\u00e7ar essas varia\u00e7\u00f5es naturais. Boas compras!<\/strong><\/p>\n<p>\u00a0<\/p>\n<p><strong><u>Nenhuma das fotos e filmagens de v\u00eddeo foram filtradas. Incentivamos nossos clientes a tamb\u00e9m assistirem aos v\u00eddeos que os acompanham para uma vis\u00e3o mais abrangente de nossos produtos<\/u><\/strong><\/p>","protected":false},"excerpt":{"rendered":"<p>This Super Rare Yellow, Redish and Green Hue Natural Type A Jadeite Jade is a stunning piece of jewelry accessory and decoration that will leave you breathless. With a weight of 93.64 grams and measurement of 53.3 * 32.2 * 30.7 mm (hand5), it is crafted with a lion design that can be used as [&hellip;]<\/p>","protected":false},"featured_media":8237,"comment_status":"open","ping_status":"closed","template":"","meta":[],"product_brand":[],"product_cat":[195],"product_tag":[],"class_list":{"0":"post-1822","1":"product","2":"type-product","3":"status-publish","4":"has-post-thumbnail","6":"product_cat-heirloom-grade","8":"first","9":"instock","10":"sale","11":"shipping-taxable","12":"purchasable","13":"product-type-simple"},"_links":{"self":[{"href":"https:\/\/shop.yipinqian.com\/pt\/wp-json\/wp\/v2\/product\/1822","targetHints":{"allow":["GET"]}}],"collection":[{"href":"https:\/\/shop.yipinqian.com\/pt\/wp-json\/wp\/v2\/product"}],"about":[{"href":"https:\/\/shop.yipinqian.com\/pt\/wp-json\/wp\/v2\/types\/product"}],"replies":[{"embeddable":true,"href":"https:\/\/shop.yipinqian.com\/pt\/wp-json\/wp\/v2\/comments?post=1822"}],"version-history":[{"count":0,"href":"https:\/\/shop.yipinqian.com\/pt\/wp-json\/wp\/v2\/product\/1822\/revisions"}],"wp:featuredmedia":[{"embeddable":true,"href":"https:\/\/shop.yipinqian.com\/pt\/wp-json\/wp\/v2\/media\/8237"}],"wp:attachment":[{"href":"https:\/\/shop.yipinqian.com\/pt\/wp-json\/wp\/v2\/media?parent=1822"}],"wp:term":[{"taxonomy":"product_brand","embeddable":true,"href":"https:\/\/shop.yipinqian.com\/pt\/wp-json\/wp\/v2\/product_brand?post=1822"},{"taxonomy":"product_cat","embeddable":true,"href":"https:\/\/shop.yipinqian.com\/pt\/wp-json\/wp\/v2\/product_cat?post=1822"},{"taxonomy":"product_tag","embeddable":true,"href":"https:\/\/shop.yipinqian.com\/pt\/wp-json\/wp\/v2\/product_tag?post=1822"}],"curies":[{"name":"wp","href":"https:\/\/api.w.org\/{rel}","templated":true}]}}