{"id":1818,"date":"2024-10-24T23:22:44","date_gmt":"2024-10-24T15:22:44","guid":{"rendered":"https:\/\/shop.yipinqian.com\/product\/super-rare-reddish-yellow-abd-tea-green-premium-quality-natural-type-a-jadeite-jade-crafted-with-pixiu-as-pendant-with-certificate-weigh-34-14-grams-measurement-45-2-19-5-22-1-mm-pendant221\/"},"modified":"2025-02-24T01:17:26","modified_gmt":"2025-02-23T17:17:26","slug":"super-rare-reddish-yellow-abd-tea-green-premium-quality-natural-type-a-jadeite-jade-crafted-with-pixiu-as-pendant-with-certificate-weigh-34-14-grams-measurement-45-2-19-5-22-1-mm-pendant221","status":"publish","type":"product","link":"https:\/\/shop.yipinqian.com\/pt\/produto\/super-rare-reddish-yellow-abd-tea-green-premium-quality-natural-type-a-jadeite-jade-crafted-with-pixiu-as-pendant-with-certificate-weigh-34-14-grams-measurement-45-2-19-5-22-1-mm-pendant221\/","title":{"rendered":"Jade\u00edta natural super rara avermelhada, amarela e verde ch\u00e1 de qualidade premium, tipo A, trabalhada com Pixiu, como pingente com certificado, pesa 34,14 gramas, medindo 45,2 * 19,5 * 22,1 mm (pendant221)"},"content":{"rendered":"<p>Apresentando nossa Jade\u00edta Natural Tipo A Super Rara Avermelhada, Amarela e Verde Ch\u00e1 Premium de Qualidade, trabalhada com Pixiu como Pingente. Esta pe\u00e7a deslumbrante \u00e9 uma verdadeira obra-prima, pesando 34,14 gramas e medindo 45,2 * 19,5 * 22,1 mm (pendant221). \u00c9 o complemento perfeito para sua cole\u00e7\u00e3o de joias.<\/p>\n<p>\u00a0<\/p>\n<p>N\u00fameros de certificado: GD2111H016490<\/p>\n<ul>\n<li>\n<strong>Material de alta qualidade:<\/strong> Feito com jade\u00edta natural Tipo A de qualidade premium, este pingente \u00e9 dur\u00e1vel e durar\u00e1 a vida toda.<\/li>\n<li>\n<strong>Certificado inclu\u00eddo:<\/strong> Este pingente vem com um certificado de autenticidade para garantir que voc\u00ea est\u00e1 adquirindo jade\u00edta natural genu\u00edna.<\/li>\n<li>\n<strong>Design maravilhoso:<\/strong> As cores super raras avermelhadas, amarelas e verde-ch\u00e1 do jade s\u00e3o perfeitamente complementadas pelo design Pixiu, que acrescenta um elemento de estilo a esta pe\u00e7a.<\/li>\n<\/ul>\n<p>Este estilo de colar unissex \u00e9 perfeito para uso casual ou para ocasi\u00f5es especiais, quando voc\u00ea quer expressar seu gosto requintado em acess\u00f3rios de joalheria e derivados!<\/p>\n<ul>\n<li>\n<strong>Feito em Mianmar:<\/strong>Esta linda pe\u00e7a vem diretamente de Mianmar, conhecida por sua Jade\u00edta Tipo A natural de alta qualidade!<\/li>\n<\/ul>\n<p>Voc\u00ea n\u00e3o encontrar\u00e1 outro pingente como este em nenhum outro lugar! Se voc\u00ea est\u00e1 procurando por algo \u00fanico, mas estiloso - n\u00e3o procure mais do que nosso Pingente de Jade\u00edta Natural Tipo A Super Raro Vermelho, Amarelo e Verde Ch\u00e1 de Qualidade Premium feito com Pixiu!<\/p>\n<p>\u00a0<\/p>\n<p>Yi Pin Qian \u2013 Um negociante de pedras preciosas e metais preciosos em Cingapura \u2013 N\u00famero de licen\u00e7a PS20190000031<\/p>\n<p>\u00a0<\/p>\n<p>*Todos os Jadeites comprados de Yi Pin Qian em Cingapura, os clientes podem reservar hor\u00e1rios para polimento ou pequenos reparos por manuseio incorreto - taxas se aplicam e somente para clientes de Yi Pin Qian em Cingapura*<\/p>\n<p>\u00a0<\/p>\n<p><strong>**Tipos de Certificados**<\/strong><\/p>\n<p>\u00a0<\/p>\n<p><strong>NGI (Nan Yang Gemol\u00f3gico)<\/strong><\/p>\n<p>ou <strong>Certificados no exterior <\/strong>(Yi Pin Qian usa apenas certificados aut\u00eanticos de laborat\u00f3rios estrangeiros e tamb\u00e9m controla a qualidade de cada um dos nossos produtos antes de coloc\u00e1-los \u00e0 venda em Cingapura)<\/p>\n<p>\u00a0<\/p>\n<p>Cada produto no TikTok ter\u00e1 o tipo de certificado fornecido indicado na descri\u00e7\u00e3o. Para qualquer cliente que deseje enviar seu pedido para a NGI Singapore, haver\u00e1 um tempo de espera para entrega do pedido estimado em torno de 4 semanas para receber seu pedido. <strong>As solicita\u00e7\u00f5es de relat\u00f3rios da NGI Gemstone precisam ser feitas por mensagem para a loja Yi Pin Qian TikTok.<\/strong> Obrigado, <strong><u>taxas extras se aplicam<\/u><\/strong>.<\/p>\n<p>\u00a0<\/p>\n<p><strong>A jade\u00edta natural n\u00e3o \u00e9 perfeita, apenas um lembrete gentil, nossa jade\u00edta natural, como todas as coisas bonitas da natureza, vem com suas caracter\u00edsticas e varia\u00e7\u00f5es \u00fanicas. Convidamos nossos valiosos clientes a abra\u00e7ar essas varia\u00e7\u00f5es naturais. Boas compras!<\/strong><\/p>\n<p>\u00a0<\/p>\n<p><strong><u>Nenhuma das fotos e filmagens de v\u00eddeo foram filtradas. Incentivamos nossos clientes a tamb\u00e9m assistirem aos v\u00eddeos que os acompanham para uma vis\u00e3o mais abrangente de nossos produtos<\/u><\/strong><\/p>","protected":false},"excerpt":{"rendered":"<p>Introducing our Super Rare Reddish, Yellow and Tea Green Premium Quality Natural Type A Jadeite Jade crafted with Pixiu as Pendant. This stunning piece is a true masterpiece, weighing 34.14 grams and measuring 45.2 * 19.5 * 22.1 mm (pendant221). It&#8217;s the perfect addition to your jewelry collection. \u00a0 Certificate numbers: GD2111H016490 High-Quality Material: Made [&hellip;]<\/p>","protected":false},"featured_media":8210,"comment_status":"open","ping_status":"closed","template":"","meta":[],"product_brand":[],"product_cat":[195],"product_tag":[],"class_list":{"0":"post-1818","1":"product","2":"type-product","3":"status-publish","4":"has-post-thumbnail","6":"product_cat-heirloom-grade","8":"first","9":"instock","10":"sale","11":"shipping-taxable","12":"purchasable","13":"product-type-simple"},"_links":{"self":[{"href":"https:\/\/shop.yipinqian.com\/pt\/wp-json\/wp\/v2\/product\/1818","targetHints":{"allow":["GET"]}}],"collection":[{"href":"https:\/\/shop.yipinqian.com\/pt\/wp-json\/wp\/v2\/product"}],"about":[{"href":"https:\/\/shop.yipinqian.com\/pt\/wp-json\/wp\/v2\/types\/product"}],"replies":[{"embeddable":true,"href":"https:\/\/shop.yipinqian.com\/pt\/wp-json\/wp\/v2\/comments?post=1818"}],"version-history":[{"count":0,"href":"https:\/\/shop.yipinqian.com\/pt\/wp-json\/wp\/v2\/product\/1818\/revisions"}],"wp:featuredmedia":[{"embeddable":true,"href":"https:\/\/shop.yipinqian.com\/pt\/wp-json\/wp\/v2\/media\/8210"}],"wp:attachment":[{"href":"https:\/\/shop.yipinqian.com\/pt\/wp-json\/wp\/v2\/media?parent=1818"}],"wp:term":[{"taxonomy":"product_brand","embeddable":true,"href":"https:\/\/shop.yipinqian.com\/pt\/wp-json\/wp\/v2\/product_brand?post=1818"},{"taxonomy":"product_cat","embeddable":true,"href":"https:\/\/shop.yipinqian.com\/pt\/wp-json\/wp\/v2\/product_cat?post=1818"},{"taxonomy":"product_tag","embeddable":true,"href":"https:\/\/shop.yipinqian.com\/pt\/wp-json\/wp\/v2\/product_tag?post=1818"}],"curies":[{"name":"wp","href":"https:\/\/api.w.org\/{rel}","templated":true}]}}