{"id":1817,"date":"2024-10-24T23:22:44","date_gmt":"2024-10-24T15:22:44","guid":{"rendered":"https:\/\/shop.yipinqian.com\/product\/super-rare-pure-white-semi-icy-natural-type-a-jadeite-jade-crafted-as-violin-pendant-certificate-weighs-3-92-grams-measurement-27-7-15-5-3-mm-pendant256\/"},"modified":"2025-02-24T00:49:51","modified_gmt":"2025-02-23T16:49:51","slug":"super-rare-pure-white-semi-icy-natural-type-a-jadeite-jade-crafted-as-violin-pendant-certificate-weighs-3-92-grams-measurement-27-7-15-5-3-mm-pendant256","status":"publish","type":"product","link":"https:\/\/shop.yipinqian.com\/pt\/produto\/super-rare-pure-white-semi-icy-natural-type-a-jadeite-jade-crafted-as-violin-pendant-certificate-weighs-3-92-grams-measurement-27-7-15-5-3-mm-pendant256\/","title":{"rendered":"Jade\u00edta natural semi-gelada super rara, branca pura, tipo A, trabalhada como pingente de violino, certificado pesa 3,92 gramas, medida 27,7 * 15 * 5,3 mm (pendant256)"},"content":{"rendered":"<p>Este requintado pingente de violino \u00e9 feito de jade\u00edta natural semi-gelada branca pura super rara tipo A, o que o torna uma joia verdadeiramente \u00fanica.<\/p>\n<p><\/p>\n<p>N\u00fameros de certificado: 920660019223<\/p>\n<ul>\n<li>\n<strong>Material:<\/strong> Jade\u00edta super rara, branca pura, semi-gelo natural tipo A<\/li>\n<li>\n<strong>Peso:<\/strong> 3,92 gramas<\/li>\n<li>\n<strong>Certificado:<\/strong> Sim<\/li>\n<li>\n<strong>Medi\u00e7\u00e3o:<\/strong> 27,7 * 15 * 5,3 mm (pendente256)<\/li>\n<li><em>Feito em Mianmar, este pingente \u00e9 perfeito para uso di\u00e1rio e adequado tanto para homens quanto para mulheres.<\/em><\/li>\n<\/ul>\n<p>Adicione um toque de eleg\u00e2ncia ao seu traje com este pingente em forma de violino, exibindo a beleza da jade\u00edta natural em um estilo de colar casual.<\/p>\n<p>.<\/p>\n<p><strong>A jade\u00edta natural n\u00e3o \u00e9 perfeita, apenas um lembrete gentil, nossa jade\u00edta natural, como todas as coisas bonitas da natureza, vem com suas caracter\u00edsticas e varia\u00e7\u00f5es \u00fanicas. Convidamos nossos valiosos clientes a abra\u00e7ar essas varia\u00e7\u00f5es naturais. Boas compras!<\/strong><\/p>\n<p><\/p>\n<p><strong><u>Nenhuma das fotos e filmagens de v\u00eddeo foram filtradas. Incentivamos nossos clientes a tamb\u00e9m assistirem aos v\u00eddeos que os acompanham para uma vis\u00e3o mais abrangente de nossos produtos<\/u><\/strong><\/p>","protected":false},"excerpt":{"rendered":"<p>Este requintado Pingente de Violino \u00e9 feito de Jade\u00edta Natural Semi Gelada Super Rara, Tipo A, Branco Puro, tornando-o uma pe\u00e7a de joia verdadeiramente \u00fanica. N\u00fameros de certificado: 920660019223 Material: Jade\u00edta Natural Semi Gelada Super Rara, Tipo A, Branco Puro Peso: 3,92 gramas Certificado: Sim Medida: 27,7 * 15 * 5,3 mm (pendant256) Feito [\u2026]<\/p>","protected":false},"featured_media":8193,"comment_status":"open","ping_status":"closed","template":"","meta":[],"product_brand":[],"product_cat":[194],"product_tag":[],"class_list":{"0":"post-1817","1":"product","2":"type-product","3":"status-publish","4":"has-post-thumbnail","6":"product_cat-value-picks","8":"first","9":"instock","10":"sale","11":"shipping-taxable","12":"purchasable","13":"product-type-simple"},"_links":{"self":[{"href":"https:\/\/shop.yipinqian.com\/pt\/wp-json\/wp\/v2\/product\/1817","targetHints":{"allow":["GET"]}}],"collection":[{"href":"https:\/\/shop.yipinqian.com\/pt\/wp-json\/wp\/v2\/product"}],"about":[{"href":"https:\/\/shop.yipinqian.com\/pt\/wp-json\/wp\/v2\/types\/product"}],"replies":[{"embeddable":true,"href":"https:\/\/shop.yipinqian.com\/pt\/wp-json\/wp\/v2\/comments?post=1817"}],"version-history":[{"count":0,"href":"https:\/\/shop.yipinqian.com\/pt\/wp-json\/wp\/v2\/product\/1817\/revisions"}],"wp:featuredmedia":[{"embeddable":true,"href":"https:\/\/shop.yipinqian.com\/pt\/wp-json\/wp\/v2\/media\/8193"}],"wp:attachment":[{"href":"https:\/\/shop.yipinqian.com\/pt\/wp-json\/wp\/v2\/media?parent=1817"}],"wp:term":[{"taxonomy":"product_brand","embeddable":true,"href":"https:\/\/shop.yipinqian.com\/pt\/wp-json\/wp\/v2\/product_brand?post=1817"},{"taxonomy":"product_cat","embeddable":true,"href":"https:\/\/shop.yipinqian.com\/pt\/wp-json\/wp\/v2\/product_cat?post=1817"},{"taxonomy":"product_tag","embeddable":true,"href":"https:\/\/shop.yipinqian.com\/pt\/wp-json\/wp\/v2\/product_tag?post=1817"}],"curies":[{"name":"wp","href":"https:\/\/api.w.org\/{rel}","templated":true}]}}