{"id":1816,"date":"2024-10-24T23:22:43","date_gmt":"2024-10-24T15:22:43","guid":{"rendered":"https:\/\/shop.yipinqian.com\/product\/super-rare-premium-high-quality-light-green-with-green-natural-type-a-jadeite-jade-crafted-as-standing-guanyin-set-on-18k-gold-with-diamonds-and-one-green-cabochon-certificate-weigh-27-19-grams-measur\/"},"modified":"2025-02-24T01:34:17","modified_gmt":"2025-02-23T17:34:17","slug":"super-rare-premium-high-quality-light-green-with-green-natural-type-a-jadeite-jade-crafted-as-standing-guanyin-set-on-18k-gold-with-diamonds-and-one-green-cabochon-certificate-weigh-27-19-grams-measur","status":"publish","type":"product","link":"https:\/\/shop.yipinqian.com\/pt\/produto\/super-rare-premium-high-quality-light-green-with-green-natural-type-a-jadeite-jade-crafted-as-standing-guanyin-set-on-18k-gold-with-diamonds-and-one-green-cabochon-certificate-weigh-27-19-grams-measur\/","title":{"rendered":"Super raro Premium de alta qualidade verde claro com jade\u00edte verde natural tipo A, trabalhado como Guanyin em p\u00e9, cravejado em ouro 18k com diamantes e um caboch\u00e3o verde, certificado pesando 27,19 gramas, medindo 89,9 * 33,2 * 11,9 mm (18kp34)"},"content":{"rendered":"<p>Experimente a beleza requintada deste colar Super Raro Premium de Alta Qualidade em Jade\u00edta Verde Claro com Jade Natural Tipo A Verde com um design Standing Guanyin. Fixado em Ouro 18k, adornado com diamantes e um caboch\u00e3o verde deslumbrante, esta pe\u00e7a \u00e9 verdadeiramente \u00fanica.<\/p>\n<p>\u00a0<\/p>\n<p>N\u00fameros de certificado: GD2110H016123<\/p>\n<p>\u00a0<\/p>\n<p><strong>Peso do ouro 18k = 6,61 gramas <\/strong><\/p>\n<p><strong>Medidas da jade\u00edta = 74,3 * 29,5 * 6,3 mm<\/strong><\/p>\n<p><strong>Com medi\u00e7\u00e3o de configura\u00e7\u00e3o = 89,9 * 33,2 * 11,9 mm<\/strong><\/p>\n<p><strong>Diamantes: 120 * 0,003 = 0,36 quilates<\/strong><\/p>\n<p>\u00a0<\/p>\n<ul>\n<li>Qualidade Premium Super Rara<\/li>\n<li>Jade\u00edta Natural Tipo A Jade<\/li>\n<li>Design de Guanyin em p\u00e9<\/li>\n<li>Configura\u00e7\u00e3o de ouro 18k<\/li>\n<\/ul>\n<p>Pesando 27,19 gramas e medindo 89,9 *33,2 *11,9 mm, este colar exala eleg\u00e2ncia e sofistica\u00e7\u00e3o.<\/p>\n<ul>\n<li>Certificado inclu\u00eddo: Sim<\/li>\n<li>Diamante Material Secund\u00e1rio Ouro Puro Quilate Material de Configura\u00e7\u00e3o<\/li>\n<\/ul>\n<p>Feito em Mianmar (Birm\u00e2nia) Jade<\/p>\n<p>Tipo: Jade\u00edta \/ Colar Elegante<\/p>\n<p>\u00a0<\/p>\n<p>Yi Pin Qian \u2013 Um negociante de pedras preciosas e metais preciosos em Cingapura \u2013 N\u00famero de licen\u00e7a PS20190000031<\/p>\n<p>\u00a0<\/p>\n<p>*Todos os Jadeites comprados de Yi Pin Qian em Cingapura, os clientes podem reservar hor\u00e1rios para polimento ou pequenos reparos por manuseio incorreto - taxas se aplicam e somente para clientes de Yi Pin Qian em Cingapura*<\/p>\n<p>\u00a0<\/p>\n<p><strong>**Tipos de Certificados**<\/strong><\/p>\n<p>\u00a0<\/p>\n<p><strong>NGI (Nan Yang Gemol\u00f3gico)<\/strong><\/p>\n<p>ou <strong>Certificados no exterior <\/strong>(Yi Pin Qian usa apenas certificados aut\u00eanticos de laborat\u00f3rios estrangeiros e tamb\u00e9m controla a qualidade de cada um dos nossos produtos antes de coloc\u00e1-los \u00e0 venda em Cingapura)<\/p>\n<p>\u00a0<\/p>\n<p>Cada produto no TikTok ter\u00e1 o tipo de certificado fornecido indicado na descri\u00e7\u00e3o. Para qualquer cliente que deseje enviar seu pedido para a NGI Singapore, haver\u00e1 um tempo de espera para entrega do pedido estimado em torno de 4 semanas para receber seu pedido. <strong>As solicita\u00e7\u00f5es de relat\u00f3rios da NGI Gemstone precisam ser feitas por mensagem para a loja Yi Pin Qian TikTok.<\/strong> Obrigado, <strong><u>taxas extras se aplicam<\/u><\/strong>.<\/p>\n<p>\u00a0<\/p>\n<p><strong>A jade\u00edta natural n\u00e3o \u00e9 perfeita, apenas um lembrete gentil, nossa jade\u00edta natural, como todas as coisas bonitas da natureza, vem com suas caracter\u00edsticas e varia\u00e7\u00f5es \u00fanicas. Convidamos nossos valiosos clientes a abra\u00e7ar essas varia\u00e7\u00f5es naturais. Boas compras!<\/strong><\/p>\n<p>\u00a0<\/p>\n<p><strong><u>Nenhuma das fotos e filmagens de v\u00eddeo foram filtradas. Incentivamos nossos clientes a tamb\u00e9m assistirem aos v\u00eddeos que os acompanham para uma vis\u00e3o mais abrangente de nossos produtos<\/u><\/strong><\/p>","protected":false},"excerpt":{"rendered":"<p>Experience the exquisite beauty of this Super Rare Premium High Quality Light Green with Green Natural Type A Jadeite Jade necklace featuring a Standing Guanyin design. Set on 18k Gold, adorned with diamonds and a stunning green cabochon, this piece is truly one-of-a-kind. \u00a0 Certificate numbers: GD2110H016123 \u00a0 18k Gold Weight = 6.61 grams Jadeite [&hellip;]<\/p>","protected":false},"featured_media":8176,"comment_status":"open","ping_status":"closed","template":"","meta":[],"product_brand":[],"product_cat":[196],"product_tag":[],"class_list":{"0":"post-1816","1":"product","2":"type-product","3":"status-publish","4":"has-post-thumbnail","6":"product_cat-vault-collection","8":"first","9":"instock","10":"sale","11":"shipping-taxable","12":"purchasable","13":"product-type-simple"},"_links":{"self":[{"href":"https:\/\/shop.yipinqian.com\/pt\/wp-json\/wp\/v2\/product\/1816","targetHints":{"allow":["GET"]}}],"collection":[{"href":"https:\/\/shop.yipinqian.com\/pt\/wp-json\/wp\/v2\/product"}],"about":[{"href":"https:\/\/shop.yipinqian.com\/pt\/wp-json\/wp\/v2\/types\/product"}],"replies":[{"embeddable":true,"href":"https:\/\/shop.yipinqian.com\/pt\/wp-json\/wp\/v2\/comments?post=1816"}],"version-history":[{"count":0,"href":"https:\/\/shop.yipinqian.com\/pt\/wp-json\/wp\/v2\/product\/1816\/revisions"}],"wp:featuredmedia":[{"embeddable":true,"href":"https:\/\/shop.yipinqian.com\/pt\/wp-json\/wp\/v2\/media\/8176"}],"wp:attachment":[{"href":"https:\/\/shop.yipinqian.com\/pt\/wp-json\/wp\/v2\/media?parent=1816"}],"wp:term":[{"taxonomy":"product_brand","embeddable":true,"href":"https:\/\/shop.yipinqian.com\/pt\/wp-json\/wp\/v2\/product_brand?post=1816"},{"taxonomy":"product_cat","embeddable":true,"href":"https:\/\/shop.yipinqian.com\/pt\/wp-json\/wp\/v2\/product_cat?post=1816"},{"taxonomy":"product_tag","embeddable":true,"href":"https:\/\/shop.yipinqian.com\/pt\/wp-json\/wp\/v2\/product_tag?post=1816"}],"curies":[{"name":"wp","href":"https:\/\/api.w.org\/{rel}","templated":true}]}}