{"id":1815,"date":"2024-10-24T23:22:43","date_gmt":"2024-10-24T15:22:43","guid":{"rendered":"https:\/\/shop.yipinqian.com\/product\/super-rare-old-mine-3-34-specify-gravity-highly-translucent-carved-as-horse-natural-type-a-jadeite-pendant-with-ngi-gemstone-report-weight-141-40-grams-62-46-26-67-13-29-mm-very-fine-grain-colorless-t\/"},"modified":"2025-07-04T04:21:51","modified_gmt":"2025-07-03T20:21:51","slug":"super-rare-old-mine-3-34-specify-gravity-highly-translucent-carved-as-horse-natural-type-a-jadeite-pendant-with-ngi-gemstone-report-weight-141-40-grams-62-46-26-67-13-29-mm-very-fine-grain-colorless-t","status":"publish","type":"product","link":"https:\/\/shop.yipinqian.com\/pt\/produto\/super-rare-old-mine-3-34-specify-gravity-highly-translucent-carved-as-horse-natural-type-a-jadeite-pendant-with-ngi-gemstone-report-weight-141-40-grams-62-46-26-67-13-29-mm-very-fine-grain-colorless-t\/","title":{"rendered":"Mina antiga super rara 3,34 Especificar gravidade Altamente transl\u00facido Esculpido como pingente de jade\u00edta natural tipo A de cavalo com relat\u00f3rio de pedra preciosa NGI peso 141,40 gramas, 62,46 * 26,67 * 13,29 mm, gr\u00e3o muito fino incolor a verde azulado claro (pendant138)"},"content":{"rendered":"<h2>Highly Translucent Carved as Horse<\/h2>\n<p><iframe title=\"Highly Translucent Carved as Horse\" src=\"https:\/\/youtube.com\/embed\/c3HhyLHwRT0\/\" width=\"330\" height=\"300\"><\/iframe><br \/>\nEste pingente requintado \u00e9 um achado raro para os entusiastas do jade. Feito de jade\u00edta natural Tipo A, esta pe\u00e7a Super Rara de Mina Antiga ostenta uma gravidade espec\u00edfica de 3,34 e \u00e9 altamente transl\u00facida, com um gr\u00e3o muito fino e boa translucidez, de incolor a verde-azulado fraco.<\/p>\n<p><strong>N\u00fameros de relat\u00f3rios NGI: 63837046<\/strong><\/p>\n<p><img fetchpriority=\"high\" decoding=\"async\" class=\"alignnone\" src=\"https:\/\/shop.yipinqian.com\/wp-content\/uploads\/2024\/10\/ff5f64251ef2665eb77a1687393c6932.jpg?from=476444299\" alt=\"Highly Translucent Carved as Horse\" width=\"1080\" height=\"1080\" \/><\/p>\n<ul>\n<li><strong>Design exclusivo:<\/strong> O design esculpido em forma de cavalo acrescenta um toque elegante ao pingente.<\/li>\n<li><strong>Relat\u00f3rio de pedras preciosas da NGI:<\/strong> Vem com um relat\u00f3rio NGI Gemstone que confirma o peso de 141,40 gramas e as medidas de 62,46 * 26,67 * 13,29 mm<\/li>\n<\/ul>\n<p>(pendant183), este colar unissex tem um estilo elegante que o torna perfeito para uso di\u00e1rio ou ocasi\u00f5es especiais.<\/p>\n<ul>\n<li><strong>Certificado inclu\u00eddo:<\/strong> O certificado de autenticidade est\u00e1 inclu\u00eddo com esta pe\u00e7a para que voc\u00ea possa ter certeza de sua heran\u00e7a<\/li>\n<li><strong>Feito em Mianmar:<\/strong> Este deslumbrante pingente de jade\u00edta vem de Mianmar, conhecido mundialmente como a melhor fonte de jade\u00edta rara e de alta qualidade.<\/li>\n<\/ul>\n<p>Observe que, embora n\u00e3o haja garantia inclu\u00edda neste item, ele foi criado com os mais altos padr\u00f5es e ser\u00e1 valorizado por muitos anos por seu sortudo propriet\u00e1rio!<\/p>\n<p>Yi Pin Qian \u2013 Um negociante de pedras preciosas e metais preciosos em Cingapura \u2013 N\u00famero de licen\u00e7a PS20190000031<\/p>\n<p>*Todos os Jadeites comprados de Yi Pin Qian em Cingapura, os clientes podem reservar hor\u00e1rios para polimento ou pequenos reparos por manuseio incorreto - taxas se aplicam e somente para clientes de Yi Pin Qian em Cingapura*<\/p>\n<p><strong>**Tipos de Certificados**<\/strong><\/p>\n<p>NGI (Nan Yang Gemol\u00f3gico)<\/p>\n<p>ou certificados estrangeiros (Yi Pin Qian usa apenas certificados aut\u00eanticos de laborat\u00f3rios estrangeiros e tamb\u00e9m controla a qualidade de cada um dos nossos produtos antes de coloc\u00e1-los \u00e0 venda em Cingapura)<\/p>\n<p>Cada produto no TikTok ter\u00e1 o tipo de certificado fornecido indicado na descri\u00e7\u00e3o. Para qualquer cliente que deseje enviar seu pedido para a NGI Singapore, haver\u00e1 um tempo de espera para entrega do pedido estimado em torno de 4 semanas para receber seu pedido. <strong>As solicita\u00e7\u00f5es de relat\u00f3rios da NGI Gemstone precisam ser feitas por mensagem para a loja Yi Pin Qian TikTok.<\/strong> Obrigado, taxas extras ser\u00e3o aplicadas.<\/p>","protected":false},"excerpt":{"rendered":"<h2>Highly Translucent Carved as Horse<\/h2>\n<p><img decoding=\"async\" class=\"aligncenter size-medium wp-image-22182\" src=\"https:\/\/shop.yipinqian.com\/wp-content\/uploads\/2024\/10\/WhatsApp-Image-2024-05-21-at-15.06.31_7e5d4053-300x300.jpg\" alt=\"Highly Translucent Carved as Horse\" width=\"300\" height=\"300\" srcset=\"https:\/\/shop.yipinqian.com\/wp-content\/uploads\/2024\/10\/WhatsApp-Image-2024-05-21-at-15.06.31_7e5d4053-300x300.jpg 300w, https:\/\/shop.yipinqian.com\/wp-content\/uploads\/2024\/10\/WhatsApp-Image-2024-05-21-at-15.06.31_7e5d4053-1024x1024.jpg 1024w, https:\/\/shop.yipinqian.com\/wp-content\/uploads\/2024\/10\/WhatsApp-Image-2024-05-21-at-15.06.31_7e5d4053-150x150.jpg 150w, https:\/\/shop.yipinqian.com\/wp-content\/uploads\/2024\/10\/WhatsApp-Image-2024-05-21-at-15.06.31_7e5d4053-768x768.jpg 768w, https:\/\/shop.yipinqian.com\/wp-content\/uploads\/2024\/10\/WhatsApp-Image-2024-05-21-at-15.06.31_7e5d4053-12x12.jpg 12w, https:\/\/shop.yipinqian.com\/wp-content\/uploads\/2024\/10\/WhatsApp-Image-2024-05-21-at-15.06.31_7e5d4053-500x500.jpg 500w, https:\/\/shop.yipinqian.com\/wp-content\/uploads\/2024\/10\/WhatsApp-Image-2024-05-21-at-15.06.31_7e5d4053-100x100.jpg 100w, https:\/\/shop.yipinqian.com\/wp-content\/uploads\/2024\/10\/WhatsApp-Image-2024-05-21-at-15.06.31_7e5d4053.jpg 1080w\" sizes=\"(max-width: 300px) 100vw, 300px\" \/><\/p>","protected":false},"featured_media":8168,"comment_status":"open","ping_status":"closed","template":"","meta":[],"product_brand":[],"product_cat":[196],"product_tag":[],"class_list":{"0":"post-1815","1":"product","2":"type-product","3":"status-publish","4":"has-post-thumbnail","6":"product_cat-vault-collection","8":"first","9":"instock","10":"sale","11":"shipping-taxable","12":"purchasable","13":"product-type-simple"},"_links":{"self":[{"href":"https:\/\/shop.yipinqian.com\/pt\/wp-json\/wp\/v2\/product\/1815","targetHints":{"allow":["GET"]}}],"collection":[{"href":"https:\/\/shop.yipinqian.com\/pt\/wp-json\/wp\/v2\/product"}],"about":[{"href":"https:\/\/shop.yipinqian.com\/pt\/wp-json\/wp\/v2\/types\/product"}],"replies":[{"embeddable":true,"href":"https:\/\/shop.yipinqian.com\/pt\/wp-json\/wp\/v2\/comments?post=1815"}],"version-history":[{"count":0,"href":"https:\/\/shop.yipinqian.com\/pt\/wp-json\/wp\/v2\/product\/1815\/revisions"}],"wp:featuredmedia":[{"embeddable":true,"href":"https:\/\/shop.yipinqian.com\/pt\/wp-json\/wp\/v2\/media\/8168"}],"wp:attachment":[{"href":"https:\/\/shop.yipinqian.com\/pt\/wp-json\/wp\/v2\/media?parent=1815"}],"wp:term":[{"taxonomy":"product_brand","embeddable":true,"href":"https:\/\/shop.yipinqian.com\/pt\/wp-json\/wp\/v2\/product_brand?post=1815"},{"taxonomy":"product_cat","embeddable":true,"href":"https:\/\/shop.yipinqian.com\/pt\/wp-json\/wp\/v2\/product_cat?post=1815"},{"taxonomy":"product_tag","embeddable":true,"href":"https:\/\/shop.yipinqian.com\/pt\/wp-json\/wp\/v2\/product_tag?post=1815"}],"curies":[{"name":"wp","href":"https:\/\/api.w.org\/{rel}","templated":true}]}}