{"id":1811,"date":"2024-10-24T23:22:41","date_gmt":"2024-10-24T15:22:41","guid":{"rendered":"https:\/\/shop.yipinqian.com\/product\/super-rare-multi-tones-collectible-natural-type-a-jadeite-jade-crafted-with-parrot-for-handheld-certificate-weighs-121-86-grams-measurement-76-42-5-34-3-mm-hand7\/"},"modified":"2025-02-24T01:34:17","modified_gmt":"2025-02-23T17:34:17","slug":"super-rare-multi-tones-collectible-natural-type-a-jadeite-jade-crafted-with-parrot-for-handheld-certificate-weighs-121-86-grams-measurement-76-42-5-34-3-mm-hand7","status":"publish","type":"product","link":"https:\/\/shop.yipinqian.com\/pt\/produto\/super-rare-multi-tones-collectible-natural-type-a-jadeite-jade-crafted-with-parrot-for-handheld-certificate-weighs-121-86-grams-measurement-76-42-5-34-3-mm-hand7\/","title":{"rendered":"Jade\u00edte natural colecion\u00e1vel super rara de v\u00e1rios tons, tipo A, trabalhada com Parrot para m\u00e3o, certificado pesa 121,86 gramas, medida 76 * 42,5 * 34,3 mm (m\u00e3o7)"},"content":{"rendered":"<p>Enrique\u00e7a sua cole\u00e7\u00e3o com esta jade\u00edta natural colecion\u00e1vel super rara de v\u00e1rios tons, tipo A, com um design de papagaio lindamente trabalhado.<\/p>\n<p>\u00a0<\/p>\n<p>N\u00fameros de certificado: 920660031212<\/p>\n<p><img fetchpriority=\"high\" decoding=\"async\" height=\"1080\" src=\"https:\/\/shop.yipinqian.com\/wp-content\/uploads\/2024\/10\/68772d8f0c6cac34c4048dd139302a12.jpg?from=476444299\" width=\"1080\"><\/p>\n<ul>\n<li>Artesanato requintado<\/li>\n<li>Pesa 121,86 gramas<\/li>\n<li>Medidas: 76 * 42,5 * 34,3 mm (hand7)<\/li>\n<\/ul>\n<p>Esta pe\u00e7a \u00fanica vem com um certificado, garantindo sua autenticidade e qualidade, tornando-a uma adi\u00e7\u00e3o valiosa \u00e0 sua cole\u00e7\u00e3o de acess\u00f3rios e derivados de joias.<\/p>\n<ul>\n<li>Certificado inclu\u00eddo: Sim<\/li>\n<\/ul>\n<ul>\n<li>Eleve seu estilo com esta deslumbrante decora\u00e7\u00e3o de jade, perfeita tanto para uso port\u00e1til quanto para exibi\u00e7\u00e3o.<\/li>\n<li>Tipo de Jade: Jade\u00edta<\/li>\n<\/ul>\n<p>Yi Pin Qian \u2013 Um negociante de pedras preciosas e metais preciosos em Cingapura \u2013 N\u00famero de licen\u00e7a PS20190000031<\/p>\n<p>\u00a0<\/p>\n<p>*Todos os Jadeites comprados de Yi Pin Qian em Cingapura, os clientes podem reservar hor\u00e1rios para polimento ou pequenos reparos por manuseio incorreto - taxas se aplicam e somente para clientes de Yi Pin Qian em Cingapura*<\/p>\n<p>\u00a0<\/p>\n<p><strong>**Tipos de Certificados**<\/strong><\/p>\n<p>\u00a0<\/p>\n<p><strong>NGI (Nan Yang Gemol\u00f3gico)<\/strong><\/p>\n<p>ou <strong>Certificados no exterior <\/strong>(Yi Pin Qian usa apenas certificados aut\u00eanticos de laborat\u00f3rios estrangeiros e tamb\u00e9m controla a qualidade de cada um dos nossos produtos antes de coloc\u00e1-los \u00e0 venda em Cingapura)<\/p>\n<p>\u00a0<\/p>\n<p>Cada produto no TikTok ter\u00e1 o tipo de certificado fornecido indicado na descri\u00e7\u00e3o. Para qualquer cliente que deseje enviar seu pedido para a NGI Singapore, haver\u00e1 um tempo de espera para entrega do pedido estimado em torno de 4 semanas para receber seu pedido. <strong>As solicita\u00e7\u00f5es de relat\u00f3rios da NGI Gemstone precisam ser feitas por mensagem para a loja Yi Pin Qian TikTok.<\/strong> Obrigado, <strong><u>taxas extras se aplicam<\/u><\/strong>.<\/p>\n<p>\u00a0<\/p>\n<p><strong>A jade\u00edta natural n\u00e3o \u00e9 perfeita, apenas um lembrete gentil, nossa jade\u00edta natural, como todas as coisas bonitas da natureza, vem com suas caracter\u00edsticas e varia\u00e7\u00f5es \u00fanicas. Convidamos nossos valiosos clientes a abra\u00e7ar essas varia\u00e7\u00f5es naturais. Boas compras!<\/strong><\/p>\n<p>\u00a0<\/p>\n<p><strong><u>Nenhuma das fotos e filmagens de v\u00eddeo foram filtradas. Incentivamos nossos clientes a tamb\u00e9m assistirem aos v\u00eddeos que os acompanham para uma vis\u00e3o mais abrangente de nossos produtos<\/u><\/strong><\/p>\n<p>\u00a0<\/p>\n<ul>\n<li>Diferentes plataformas s\u00f3 podem visualizar v\u00eddeos por meio do Desktop<\/li>\n<\/ul>","protected":false},"excerpt":{"rendered":"<p>Enhance your collection with this Super Rare Multi Tones Collectible Natural Type A Jadeite Jade featuring a beautifully crafted Parrot design. \u00a0 Certificate numbers: 920660031212 Exquisite Craftsmanship Weighs 121.86 grams Measurements: 76 * 42.5 * 34.3 mm (hand7) This unique piece comes with a certificate, ensuring its authenticity and quality, making it a valuable addition [&hellip;]<\/p>","protected":false},"featured_media":8148,"comment_status":"open","ping_status":"closed","template":"","meta":[],"product_brand":[],"product_cat":[196],"product_tag":[],"class_list":{"0":"post-1811","1":"product","2":"type-product","3":"status-publish","4":"has-post-thumbnail","6":"product_cat-vault-collection","8":"first","9":"instock","10":"sale","11":"shipping-taxable","12":"purchasable","13":"product-type-simple"},"_links":{"self":[{"href":"https:\/\/shop.yipinqian.com\/pt\/wp-json\/wp\/v2\/product\/1811","targetHints":{"allow":["GET"]}}],"collection":[{"href":"https:\/\/shop.yipinqian.com\/pt\/wp-json\/wp\/v2\/product"}],"about":[{"href":"https:\/\/shop.yipinqian.com\/pt\/wp-json\/wp\/v2\/types\/product"}],"replies":[{"embeddable":true,"href":"https:\/\/shop.yipinqian.com\/pt\/wp-json\/wp\/v2\/comments?post=1811"}],"version-history":[{"count":0,"href":"https:\/\/shop.yipinqian.com\/pt\/wp-json\/wp\/v2\/product\/1811\/revisions"}],"wp:featuredmedia":[{"embeddable":true,"href":"https:\/\/shop.yipinqian.com\/pt\/wp-json\/wp\/v2\/media\/8148"}],"wp:attachment":[{"href":"https:\/\/shop.yipinqian.com\/pt\/wp-json\/wp\/v2\/media?parent=1811"}],"wp:term":[{"taxonomy":"product_brand","embeddable":true,"href":"https:\/\/shop.yipinqian.com\/pt\/wp-json\/wp\/v2\/product_brand?post=1811"},{"taxonomy":"product_cat","embeddable":true,"href":"https:\/\/shop.yipinqian.com\/pt\/wp-json\/wp\/v2\/product_cat?post=1811"},{"taxonomy":"product_tag","embeddable":true,"href":"https:\/\/shop.yipinqian.com\/pt\/wp-json\/wp\/v2\/product_tag?post=1811"}],"curies":[{"name":"wp","href":"https:\/\/api.w.org\/{rel}","templated":true}]}}