{"id":1807,"date":"2024-10-24T23:22:39","date_gmt":"2024-10-24T15:22:39","guid":{"rendered":"https:\/\/shop.yipinqian.com\/product\/super-rare-high-quality-light-green-and-yellow-natural-type-a-jadeite-jade-crafted-with-dragonfly-and-ruyi-as-pendant-certificate-weighs-60-60-grams-measurement-60-32-1-22-3-mm-pendant260\/"},"modified":"2025-02-24T01:17:26","modified_gmt":"2025-02-23T17:17:26","slug":"super-rare-high-quality-light-green-and-yellow-natural-type-a-jadeite-jade-crafted-with-dragonfly-and-ruyi-as-pendant-certificate-weighs-60-60-grams-measurement-60-32-1-22-3-mm-pendant260","status":"publish","type":"product","link":"https:\/\/shop.yipinqian.com\/pt\/produto\/super-rare-high-quality-light-green-and-yellow-natural-type-a-jadeite-jade-crafted-with-dragonfly-and-ruyi-as-pendant-certificate-weighs-60-60-grams-measurement-60-32-1-22-3-mm-pendant260\/","title":{"rendered":"Jade\u00edte natural super rara de alta qualidade, verde claro e amarelo, tipo A, trabalhada com lib\u00e9lula e ruyi como pingente, o certificado pesa 60,60 gramas, medindo 60 * 32,1 * 22,3 mm (pendant260)"},"content":{"rendered":"<p><span><\/span><\/p>\n<p><span>Este pingente de jade\u00edta natural tipo A, verde-claro e amarelo, super raro e de alta qualidade \u00e9 uma joia deslumbrante, trabalhada com detalhes complexos de uma lib\u00e9lula e um ruyi.<\/span><\/p>\n<p><span><\/span><\/p>\n<p><span>N\u00fameros de certificado: GD2011H021760<\/span><\/p>\n<p><span><\/span><\/p>\n<p><img fetchpriority=\"high\" decoding=\"async\" height=\"1080\" src=\"https:\/\/shop.yipinqian.com\/wp-content\/uploads\/2024\/10\/349df79ee371393e2150d6f172e2385e.jpg?from=476444299\" width=\"1080\"><\/p>\n<ul>\n<li>Trabalho artesanal requintado: o pingente \u00e9 meticulosamente projetado com jade de alta qualidade, exibindo uma mistura \u00fanica de cores verde-claro e amarelo.<\/li>\n<li>Design exclusivo: os motivos Lib\u00e9lula e Ruyi adicionam um toque simb\u00f3lico ao pingente, tornando-o uma pe\u00e7a elegante e marcante.<\/li>\n<li>Medidas precisas: pesando 60,60 gramas e medindo 60 * 32,1 * 22,3 mm, este pingente certamente se destacar\u00e1.<\/li>\n<\/ul>\n<p><span>Selecionado \u00e0 m\u00e3o de Myanmar, este Jadeite Tipo A Jade vem com um certificado para garantia de autenticidade. \u00c9 adequado para uso di\u00e1rio, tornando-o perfeito para qualquer ocasi\u00e3o.<\/span><\/p>\n<ul>\n<li>Certificado inclu\u00eddo: Sim<\/li>\n<li>Pa\u00eds de origem: Mianmar<\/li>\n<li>Ocasi\u00e3o: Diariamente<\/li>\n<li>Tipo de garantia: N\u00e3o<\/li>\n<li>G\u00eanero: Unissex<\/li>\n<li>.O estilo colar apresenta um design elegante que complementa perfeitamente a beleza do jade.<\/li>\n<\/ul>\n<p><span>Yi Pin Qian \u2013 Um negociante de pedras preciosas e metais preciosos em Cingapura \u2013 N\u00famero de licen\u00e7a PS20190000031<\/span><\/p>\n<p><span><\/span><\/p>\n<p><span>*Todos os Jadeites comprados de Yi Pin Qian em Cingapura, os clientes podem reservar hor\u00e1rios para polimento ou pequenos reparos por manuseio incorreto - taxas se aplicam e somente para clientes de Yi Pin Qian em Cingapura*<\/span><\/p>\n<p><span><\/span><\/p>\n<p><span><strong>**Tipos de Certificados**<\/strong><\/span><\/p>\n<p><span><\/span><\/p>\n<p><span><strong>NGI (Nan Yang Gemol\u00f3gico)<\/strong><\/span><\/p>\n<p><span>ou <strong>Certificados no exterior <\/strong>(Yi Pin Qian usa apenas certificados aut\u00eanticos de laborat\u00f3rios estrangeiros e tamb\u00e9m controla a qualidade de cada um dos nossos produtos antes de coloc\u00e1-los \u00e0 venda em Cingapura)<\/span><\/p>\n<p><span><\/span><\/p>\n<p><span>Cada produto no TikTok ter\u00e1 o tipo de certificado fornecido indicado na descri\u00e7\u00e3o. Para qualquer cliente que deseje enviar seu pedido para a NGI Singapore, haver\u00e1 um tempo de espera para entrega do pedido estimado em torno de 4 semanas para receber seu pedido. <strong>As solicita\u00e7\u00f5es de relat\u00f3rios da NGI Gemstone precisam ser feitas por mensagem para a loja Yi Pin Qian TikTok.<\/strong> Obrigado, <strong><u>taxas extras se aplicam<\/u><\/strong>.<\/span><\/p>\n<p><span><\/span><\/p>\n<p><span><strong>A jade\u00edta natural n\u00e3o \u00e9 perfeita, apenas um lembrete gentil, nossa jade\u00edta natural, como todas as coisas bonitas da natureza, vem com suas caracter\u00edsticas e varia\u00e7\u00f5es \u00fanicas. Convidamos nossos valiosos clientes a abra\u00e7ar essas varia\u00e7\u00f5es naturais. Boas compras!<\/strong><\/span><\/p>\n<p><span><\/span><\/p>\n<p><span><strong><u>Nenhuma das fotos e filmagens de v\u00eddeo foram filtradas. Incentivamos nossos clientes a tamb\u00e9m assistirem aos v\u00eddeos que os acompanham para uma vis\u00e3o mais abrangente de nossos produtos<\/u><\/strong><\/span><\/p>\n<p><span><\/span><\/p>","protected":false},"excerpt":{"rendered":"<p>This Super Rare High Quality Light Green and Yellow Natural Type A Jadeite Jade pendant is a stunning piece of jewelry crafted with intricate details of a Dragonfly and Ruyi. Certificate numbers: GD2011H021760 Exquisite Craftsmanship: The pendant is meticulously designed with high-quality jade, showcasing a unique blend of light green and yellow colors. Unique Design: [&hellip;]<\/p>","protected":false},"featured_media":8092,"comment_status":"open","ping_status":"closed","template":"","meta":[],"product_brand":[],"product_cat":[195],"product_tag":[],"class_list":{"0":"post-1807","1":"product","2":"type-product","3":"status-publish","4":"has-post-thumbnail","6":"product_cat-heirloom-grade","8":"first","9":"instock","10":"sale","11":"shipping-taxable","12":"purchasable","13":"product-type-simple"},"_links":{"self":[{"href":"https:\/\/shop.yipinqian.com\/pt\/wp-json\/wp\/v2\/product\/1807","targetHints":{"allow":["GET"]}}],"collection":[{"href":"https:\/\/shop.yipinqian.com\/pt\/wp-json\/wp\/v2\/product"}],"about":[{"href":"https:\/\/shop.yipinqian.com\/pt\/wp-json\/wp\/v2\/types\/product"}],"replies":[{"embeddable":true,"href":"https:\/\/shop.yipinqian.com\/pt\/wp-json\/wp\/v2\/comments?post=1807"}],"version-history":[{"count":0,"href":"https:\/\/shop.yipinqian.com\/pt\/wp-json\/wp\/v2\/product\/1807\/revisions"}],"wp:featuredmedia":[{"embeddable":true,"href":"https:\/\/shop.yipinqian.com\/pt\/wp-json\/wp\/v2\/media\/8092"}],"wp:attachment":[{"href":"https:\/\/shop.yipinqian.com\/pt\/wp-json\/wp\/v2\/media?parent=1807"}],"wp:term":[{"taxonomy":"product_brand","embeddable":true,"href":"https:\/\/shop.yipinqian.com\/pt\/wp-json\/wp\/v2\/product_brand?post=1807"},{"taxonomy":"product_cat","embeddable":true,"href":"https:\/\/shop.yipinqian.com\/pt\/wp-json\/wp\/v2\/product_cat?post=1807"},{"taxonomy":"product_tag","embeddable":true,"href":"https:\/\/shop.yipinqian.com\/pt\/wp-json\/wp\/v2\/product_tag?post=1807"}],"curies":[{"name":"wp","href":"https:\/\/api.w.org\/{rel}","templated":true}]}}