{"id":1803,"date":"2024-10-24T23:22:36","date_gmt":"2024-10-24T15:22:36","guid":{"rendered":"https:\/\/shop.yipinqian.com\/product\/super-rare-green-and-brown-natural-type-a-jadeite-jade-crafted-with-vermilion-bird-as-pendant-with-certificate-weigh-59-21-grams-measurement-45-8-32-27-3-mm-pendant231\/"},"modified":"2025-02-24T01:17:26","modified_gmt":"2025-02-23T17:17:26","slug":"super-rare-green-and-brown-natural-type-a-jadeite-jade-crafted-with-vermilion-bird-as-pendant-with-certificate-weigh-59-21-grams-measurement-45-8-32-27-3-mm-pendant231","status":"publish","type":"product","link":"https:\/\/shop.yipinqian.com\/pt\/produto\/super-rare-green-and-brown-natural-type-a-jadeite-jade-crafted-with-vermilion-bird-as-pendant-with-certificate-weigh-59-21-grams-measurement-45-8-32-27-3-mm-pendant231\/","title":{"rendered":"Jade\u00edta natural super rara verde e marrom tipo A, trabalhada com p\u00e1ssaro vermelho, como pingente com certificado, pesa 59,21 gramas, medindo 45,8 * 32 * 27,3 mm (pendant231)"},"content":{"rendered":"<p>Este pingente Super Raro de Jade\u00edta Natural Verde e Marrom Tipo A \u00e9 uma verdadeira obra-prima, trabalhada com detalhes intrincados do p\u00e1ssaro Vermilion. O pingente pesa 59,21 gramas e mede 45,8 * 32 * 27,3 mm, tornando-o uma adi\u00e7\u00e3o \u00fanica \u00e0 sua cole\u00e7\u00e3o de joias.<\/p>\n<p>\u00a0<\/p>\n<p>N\u00fameros de certificado: GD2109H018441<\/p>\n<ul>\n<li>\n<strong>Raro e natural:<\/strong> Feita de Jade\u00edta Tipo A genu\u00edna de Mianmar, esta pe\u00e7a \u00e9 realmente \u00fanica.<\/li>\n<li>\n<strong>Com Certificado:<\/strong> Este pingente vem com um certificado de autenticidade para sua tranquilidade.<\/li>\n<li>\n<strong>Ocasi\u00e3o auspiciosa:<\/strong> O p\u00e1ssaro vermelho simboliza boa sorte e prosperidade, o que o torna perfeito para qualquer ocasi\u00e3o auspiciosa que voc\u00ea esteja comemorando.<\/li>\n<\/ul>\n<p>O design unissex torna este colar adequado para qualquer um que queira adicionar um estilo casual ao seu traje. Observe que este produto n\u00e3o vem com nenhum tipo de garantia oferecido pelo fabricante ou vendedor.<\/p>\n<p>\u00a0<\/p>\n<p>O p\u00e1ssaro Vermilion \u00e9 um dos Quatro S\u00edmbolos das constela\u00e7\u00f5es chinesas. De acordo com Wu Xing, o sistema tao\u00edsta de cinco elementos, ele representa o elemento fogo, a dire\u00e7\u00e3o sul e a esta\u00e7\u00e3o ver\u00e3o correspondentemente.<\/p>\n<p>\u00a0<\/p>\n<p>Yi Pin Qian \u2013 Um negociante de pedras preciosas e metais preciosos em Cingapura \u2013 N\u00famero de licen\u00e7a PS20190000031<\/p>\n<p>\u00a0<\/p>\n<p>*Todos os Jadeites comprados de Yi Pin Qian em Cingapura, os clientes podem reservar hor\u00e1rios para polimento ou pequenos reparos por manuseio incorreto - taxas se aplicam e somente para clientes de Yi Pin Qian em Cingapura*<\/p>\n<p>\u00a0<\/p>\n<p><strong>**Tipos de Certificados**<\/strong><\/p>\n<p>\u00a0<\/p>\n<p><strong>NGI (Nan Yang Gemol\u00f3gico)<\/strong><\/p>\n<p>ou <strong>Certificados no exterior <\/strong>(Yi Pin Qian usa apenas certificados aut\u00eanticos de laborat\u00f3rios estrangeiros e tamb\u00e9m controla a qualidade de cada um dos nossos produtos antes de coloc\u00e1-los \u00e0 venda em Cingapura)<\/p>\n<p>\u00a0<\/p>\n<p>Cada produto no TikTok ter\u00e1 o tipo de certificado fornecido indicado na descri\u00e7\u00e3o. Para qualquer cliente que deseje enviar seu pedido para a NGI Singapore, haver\u00e1 um tempo de espera para entrega do pedido estimado em torno de 4 semanas para receber seu pedido. <strong>As solicita\u00e7\u00f5es de relat\u00f3rios da NGI Gemstone precisam ser feitas por mensagem para a loja Yi Pin Qian TikTok.<\/strong> Obrigado, <strong><u>taxas extras se aplicam<\/u><\/strong>.<\/p>\n<p>\u00a0<\/p>\n<p><strong>A jade\u00edta natural n\u00e3o \u00e9 perfeita, apenas um lembrete gentil, nossa jade\u00edta natural, como todas as coisas bonitas da natureza, vem com suas caracter\u00edsticas e varia\u00e7\u00f5es \u00fanicas. Convidamos nossos valiosos clientes a abra\u00e7ar essas varia\u00e7\u00f5es naturais. Boas compras!<\/strong><\/p>\n<p>\u00a0<\/p>\n<p><strong><u>Nenhuma das fotos e filmagens de v\u00eddeo foram filtradas. Incentivamos nossos clientes a tamb\u00e9m assistirem aos v\u00eddeos que os acompanham para uma vis\u00e3o mais abrangente de nossos produtos<\/u><\/strong><\/p>","protected":false},"excerpt":{"rendered":"<p>This Super Rare Green and Brown Natural Type A Jadeite Jade pendant is a true masterpiece, crafted with intricate details of the Vermilion bird. The pendant weighs 59.21 grams and measures 45.8 * 32 * 27.3 mm, making it a unique addition to your jewelry collection. \u00a0 Certificate numbers: GD2109H018441 Rare &#038; Natural: Made from [&hellip;]<\/p>","protected":false},"featured_media":8063,"comment_status":"open","ping_status":"closed","template":"","meta":[],"product_brand":[],"product_cat":[195],"product_tag":[],"class_list":{"0":"post-1803","1":"product","2":"type-product","3":"status-publish","4":"has-post-thumbnail","6":"product_cat-heirloom-grade","8":"first","9":"instock","10":"sale","11":"shipping-taxable","12":"purchasable","13":"product-type-simple"},"_links":{"self":[{"href":"https:\/\/shop.yipinqian.com\/pt\/wp-json\/wp\/v2\/product\/1803","targetHints":{"allow":["GET"]}}],"collection":[{"href":"https:\/\/shop.yipinqian.com\/pt\/wp-json\/wp\/v2\/product"}],"about":[{"href":"https:\/\/shop.yipinqian.com\/pt\/wp-json\/wp\/v2\/types\/product"}],"replies":[{"embeddable":true,"href":"https:\/\/shop.yipinqian.com\/pt\/wp-json\/wp\/v2\/comments?post=1803"}],"version-history":[{"count":0,"href":"https:\/\/shop.yipinqian.com\/pt\/wp-json\/wp\/v2\/product\/1803\/revisions"}],"wp:featuredmedia":[{"embeddable":true,"href":"https:\/\/shop.yipinqian.com\/pt\/wp-json\/wp\/v2\/media\/8063"}],"wp:attachment":[{"href":"https:\/\/shop.yipinqian.com\/pt\/wp-json\/wp\/v2\/media?parent=1803"}],"wp:term":[{"taxonomy":"product_brand","embeddable":true,"href":"https:\/\/shop.yipinqian.com\/pt\/wp-json\/wp\/v2\/product_brand?post=1803"},{"taxonomy":"product_cat","embeddable":true,"href":"https:\/\/shop.yipinqian.com\/pt\/wp-json\/wp\/v2\/product_cat?post=1803"},{"taxonomy":"product_tag","embeddable":true,"href":"https:\/\/shop.yipinqian.com\/pt\/wp-json\/wp\/v2\/product_tag?post=1803"}],"curies":[{"name":"wp","href":"https:\/\/api.w.org\/{rel}","templated":true}]}}