{"id":1802,"date":"2024-10-24T23:22:36","date_gmt":"2024-10-24T15:22:36","guid":{"rendered":"https:\/\/shop.yipinqian.com\/product\/stunning-rare-brown-with-red-and-white-antique-style-pendant-necklace-natural-type-a-jadeite-with-certificate-included-weigh-33-71-grams-51-3-42-6-7-mm-engrave-with-chinese-word-ruyi-means-as-one-wish\/"},"modified":"2025-02-24T01:17:26","modified_gmt":"2025-02-23T17:17:26","slug":"stunning-rare-brown-with-red-and-white-antique-style-pendant-necklace-natural-type-a-jadeite-with-certificate-included-weigh-33-71-grams-51-3-42-6-7-mm-engrave-with-chinese-word-ruyi-means-as-one-wish","status":"publish","type":"product","link":"https:\/\/shop.yipinqian.com\/pt\/produto\/stunning-rare-brown-with-red-and-white-antique-style-pendant-necklace-natural-type-a-jadeite-with-certificate-included-weigh-33-71-grams-51-3-42-6-7-mm-engrave-with-chinese-word-ruyi-means-as-one-wish\/","title":{"rendered":"Colar com pingente raro e impressionante em estilo antigo, marrom com vermelho e branco, jade\u00edta natural tipo A, com certificado incluso, pesa 33,71 gramas, 51,3 * 42 * 6,7 mm, gravado com a palavra chinesa ruyi que significa como desejar, para uso di\u00e1rio (pendant27)"},"content":{"rendered":"<p>Delicie-se com a beleza deste deslumbrante colar com pingente raro marrom com vermelho e branco estilo antigo feito de jade\u00edta natural tipo A. Pesando 33,71 gramas e medindo 51,3 * 42 * 6,7 mm, este colar vem com um certificado de autenticidade de Mianmar.<\/p>\n<ul>\n<li>\n<strong>Design de estilo antigo:<\/strong> O colar possui um pingente de estilo antigo que adiciona um toque de charme vintage ao seu visual.<\/li>\n<li>\n<strong>Jade\u00edta rara:<\/strong> A jade\u00edta natural Tipo A usada no pingente \u00e9 rara e conhecida por suas cores vibrantes.<\/li>\n<li>\n<strong>Gravura Ruyi:<\/strong>A palavra chinesa \u201cruyi\u201d, que significa \u201cComo se deseja, tudo vai bem\u201d, est\u00e1 gravada no pingente, tornando-o um s\u00edmbolo de boa sorte e prosperidade.<\/li>\n<\/ul>\n<p>Este colar unissex \u00e9 perfeito para uso di\u00e1rio, pois apresenta um estilo casual que complementa bem qualquer roupa.<\/p>\n<ul>\n<li><strong>Certificado inclu\u00eddo: O certificado inclu\u00eddo garante que voc\u00ea est\u00e1 adquirindo jade\u00edta genu\u00edna <\/strong><\/li>\n<\/ul>\n<p><strong>N\u00fameros de certificado: GD2111H009128<\/strong><\/p>\n<p><img fetchpriority=\"high\" decoding=\"async\" height=\"1080\" src=\"https:\/\/shop.yipinqian.com\/wp-content\/uploads\/2024\/10\/28bed2b58d298d201ef6dbfd98057d1f.jpg?from=476444299\" width=\"1080\"><\/p>\n<ul>\n<li><strong>Sem garantia: este produto n\u00e3o vem com nenhum tipo de garantia, mas n\u00e3o se preocupe, ele \u00e9 feito para durar muito!<\/strong><\/li>\n<\/ul>\n<p><strong>Eleve seu estilo adicionando este deslumbrante colar com pingente raro em estilo antigo, marrom com vermelho e branco, \u00e0 sua cole\u00e7\u00e3o de joias!<\/strong><\/p>\n<p>\u00a0<\/p>\n<p>Yi Pin Qian \u2013 Um negociante de pedras preciosas e metais preciosos em Cingapura \u2013 N\u00famero de licen\u00e7a PS20190000031<\/p>\n<p>\u00a0<\/p>\n<p>*Todos os Jadeites comprados de Yi Pin Qian em Cingapura, os clientes podem reservar hor\u00e1rios para polimento ou pequenos reparos por manuseio incorreto - taxas se aplicam e somente para clientes de Yi Pin Qian em Cingapura*<\/p>\n<p>\u00a0<\/p>\n<p><strong>**Tipos de Certificados**<\/strong><\/p>\n<p>\u00a0<\/p>\n<p><strong>NGI (Nan Yang Gemol\u00f3gico)<\/strong><\/p>\n<p>ou <strong>Certificados no exterior <\/strong>(Yi Pin Qian usa apenas certificados aut\u00eanticos de laborat\u00f3rios estrangeiros e tamb\u00e9m controla a qualidade de cada um dos nossos produtos antes de coloc\u00e1-los \u00e0 venda em Cingapura)<\/p>\n<p>\u00a0<\/p>\n<p>Cada produto no TikTok ter\u00e1 o tipo de certificado fornecido indicado na descri\u00e7\u00e3o. Para qualquer cliente que deseje enviar seu pedido para a NGI Singapore, haver\u00e1 um tempo de espera para entrega do pedido estimado em torno de 4 semanas para receber seu pedido. <strong>As solicita\u00e7\u00f5es de relat\u00f3rios da NGI Gemstone precisam ser feitas por mensagem para a loja Yi Pin Qian TikTok.<\/strong> Obrigado, <strong><u>taxas extras se aplicam<\/u><\/strong>.<\/p>\n<p>\u00a0<\/p>\n<p><strong>A jade\u00edta natural n\u00e3o \u00e9 perfeita, apenas um lembrete gentil, nossa jade\u00edta natural, como todas as coisas bonitas da natureza, vem com suas caracter\u00edsticas e varia\u00e7\u00f5es \u00fanicas. Convidamos nossos valiosos clientes a abra\u00e7ar essas varia\u00e7\u00f5es naturais. Boas compras!<\/strong><\/p>\n<p>\u00a0<\/p>\n<p><strong><u>Nenhuma das fotos e filmagens de v\u00eddeo foram filtradas. Incentivamos nossos clientes a tamb\u00e9m assistirem aos v\u00eddeos que os acompanham para uma vis\u00e3o mais abrangente de nossos produtos<\/u><\/strong><\/p>","protected":false},"excerpt":{"rendered":"<p>Indulge in the beauty of this Stunning Rare Brown with Red and White Antique-style Pendant Necklace made of natural Type A Jadeite. Weighing 33.71 grams and sized at 51.3 * 42 * 6.7 mm, this necklace comes with a certificate of authenticity from Myanmar. Antique-style Design: The necklace features an antique-style pendant that adds a [&hellip;]<\/p>","protected":false},"featured_media":8055,"comment_status":"open","ping_status":"closed","template":"","meta":[],"product_brand":[],"product_cat":[195],"product_tag":[],"class_list":{"0":"post-1802","1":"product","2":"type-product","3":"status-publish","4":"has-post-thumbnail","6":"product_cat-heirloom-grade","8":"first","9":"instock","10":"sale","11":"shipping-taxable","12":"purchasable","13":"product-type-simple"},"_links":{"self":[{"href":"https:\/\/shop.yipinqian.com\/pt\/wp-json\/wp\/v2\/product\/1802","targetHints":{"allow":["GET"]}}],"collection":[{"href":"https:\/\/shop.yipinqian.com\/pt\/wp-json\/wp\/v2\/product"}],"about":[{"href":"https:\/\/shop.yipinqian.com\/pt\/wp-json\/wp\/v2\/types\/product"}],"replies":[{"embeddable":true,"href":"https:\/\/shop.yipinqian.com\/pt\/wp-json\/wp\/v2\/comments?post=1802"}],"version-history":[{"count":0,"href":"https:\/\/shop.yipinqian.com\/pt\/wp-json\/wp\/v2\/product\/1802\/revisions"}],"wp:featuredmedia":[{"embeddable":true,"href":"https:\/\/shop.yipinqian.com\/pt\/wp-json\/wp\/v2\/media\/8055"}],"wp:attachment":[{"href":"https:\/\/shop.yipinqian.com\/pt\/wp-json\/wp\/v2\/media?parent=1802"}],"wp:term":[{"taxonomy":"product_brand","embeddable":true,"href":"https:\/\/shop.yipinqian.com\/pt\/wp-json\/wp\/v2\/product_brand?post=1802"},{"taxonomy":"product_cat","embeddable":true,"href":"https:\/\/shop.yipinqian.com\/pt\/wp-json\/wp\/v2\/product_cat?post=1802"},{"taxonomy":"product_tag","embeddable":true,"href":"https:\/\/shop.yipinqian.com\/pt\/wp-json\/wp\/v2\/product_tag?post=1802"}],"curies":[{"name":"wp","href":"https:\/\/api.w.org\/{rel}","templated":true}]}}