{"id":1801,"date":"2024-10-24T23:22:35","date_gmt":"2024-10-24T15:22:35","guid":{"rendered":"https:\/\/shop.yipinqian.com\/product\/stunning-piece-of-natural-type-a-jadeite-pendant-necklace-crafted-with-nothing-symbols-of-peace-and-peace-everything-goes-well-with-gic-labs-approved-certificate-weigh-10-79-grams-35-5-18-3-8-8-mm-ver\/"},"modified":"2025-02-24T00:49:51","modified_gmt":"2025-02-23T16:49:51","slug":"stunning-piece-of-natural-type-a-jadeite-pendant-necklace-crafted-with-nothing-symbols-of-peace-and-peace-everything-goes-well-with-gic-labs-approved-certificate-weigh-10-79-grams-35-5-18-3-8-8-mm-ver","status":"publish","type":"product","link":"https:\/\/shop.yipinqian.com\/pt\/produto\/stunning-piece-of-natural-type-a-jadeite-pendant-necklace-crafted-with-nothing-symbols-of-peace-and-peace-everything-goes-well-with-gic-labs-approved-certificate-weigh-10-79-grams-35-5-18-3-8-8-mm-ver\/","title":{"rendered":"Pe\u00e7a impressionante de colar com pingente de jade\u00edta natural tipo A, feito sem nada, s\u00edmbolos de paz e tranquilidade, tudo vai bem, com certificado aprovado pelos laborat\u00f3rios QIC, pesa 10,79 gramas, 35,5 * 18,3 * 8,8 mm, muito adequado para uso di\u00e1rio (pendant39)"},"content":{"rendered":"<p>Esta deslumbrante pe\u00e7a de colar com pingente de jade\u00edta natural tipo A \u00e9 uma adi\u00e7\u00e3o perfeita \u00e0 sua cole\u00e7\u00e3o de joias. O lindo pingente de jade \u00e9 trabalhado com os s\u00edmbolos de paz e harmonia, tornando-o uma escolha perfeita para uso di\u00e1rio ou cole\u00e7\u00f5es.<\/p>\n<ul>\n<li><strong>S\u00edmbolos da Paz:<\/strong> O pingente \u00e9 feito com s\u00edmbolos de paz e harmonia, o que o torna uma escolha perfeita para quem valoriza a paz.<\/li>\n<li><strong>Certificado aprovado pela QIC Labs:<\/strong> Com o certificado aprovado pelos laborat\u00f3rios QIC, voc\u00ea pode ter certeza de que est\u00e1 adquirindo uma pe\u00e7a aut\u00eantica.<\/li>\n<\/ul>\n<p><strong>N\u00fameros de certificado: 5824030101469<\/strong><\/p>\n<p><img fetchpriority=\"high\" decoding=\"async\" src=\"https:\/\/shop.yipinqian.com\/wp-content\/uploads\/2024\/10\/93a91d90c980e2732207d83bf4603b8e.jpg?from=476444299\" width=\"1080\" height=\"1080\" \/><\/p>\n<ul>\n<li><strong>Jade\u00edta natural tipo A:<\/strong> Feito de jade\u00edta natural Tipo A, este colar tem uma apar\u00eancia e toque requintados que real\u00e7ar\u00e3o sua beleza.<\/li>\n<\/ul>\n<p>O colar pesa 10,79 gramas, o que o torna leve e confort\u00e1vel para usar o dia todo. O tamanho mede 35,5 * 18,3 * 8,8 mm, o que o torna adequado para homens e mulheres que preferem estilos de joias casuais.<\/p>\n<ul>\n<li><strong>Estilo de colar casual: <\/strong>O estilo do colar \u00e9 casual, o que torna este pingente adequado para uso di\u00e1rio ou ocasi\u00f5es informais<\/li>\n<li><strong>Feito em Mianmar: <\/strong>Este lindo colar vem de Mianmar, conhecida como a terra do jade na \u00c1sia, o que garante sua autenticidade<\/li>\n<li>Este deslumbrante colar com pingente de jade\u00edta natural tipo A com certificado aprovado pelos laborat\u00f3rios GIC n\u00e3o tem garantia, mas sua beleza durar\u00e1 para sempre como um bem precioso em qualquer ocasi\u00e3o ou traje, independentemente do g\u00eanero.<\/li>\n<\/ul>\n<p>Yi Pin Qian \u2013 Um negociante de pedras preciosas e metais preciosos em Cingapura \u2013 N\u00famero de licen\u00e7a PS20190000031<\/p>\n<p>\u00a0<\/p>\n<p>*Todos os Jadeites comprados de Yi Pin Qian em Cingapura, os clientes podem reservar hor\u00e1rios para polimento ou pequenos reparos por manuseio incorreto - taxas se aplicam e somente para clientes de Yi Pin Qian em Cingapura*<\/p>\n<p>\u00a0<\/p>\n<p><strong>**Tipos de Certificados**<\/strong><\/p>\n<p>\u00a0<\/p>\n<p><strong>NGI (Nan Yang Gemol\u00f3gico)<\/strong><\/p>\n<p>ou <strong>Certificados no exterior <\/strong>(Yi Pin Qian usa apenas certificados aut\u00eanticos de laborat\u00f3rios estrangeiros e tamb\u00e9m controla a qualidade de cada um dos nossos produtos antes de coloc\u00e1-los \u00e0 venda em Cingapura)<\/p>\n<p>\u00a0<\/p>\n<p>Cada produto no TikTok ter\u00e1 o tipo de certificado fornecido indicado na descri\u00e7\u00e3o. Para qualquer cliente que deseje enviar seu pedido para a NGI Singapore, haver\u00e1 um tempo de espera para entrega do pedido estimado em torno de 4 semanas para receber seu pedido. <strong>As solicita\u00e7\u00f5es de relat\u00f3rios da NGI Gemstone precisam ser feitas por mensagem para a loja Yi Pin Qian TikTok.<\/strong> Obrigado, <strong><u>taxas extras se aplicam<\/u><\/strong>.<\/p>\n<p>\u00a0<\/p>\n<p><strong>A jade\u00edta natural n\u00e3o \u00e9 perfeita, apenas um lembrete gentil, nossa jade\u00edta natural, como todas as coisas bonitas da natureza, vem com suas caracter\u00edsticas e varia\u00e7\u00f5es \u00fanicas. Convidamos nossos valiosos clientes a abra\u00e7ar essas varia\u00e7\u00f5es naturais. Boas compras!<\/strong><\/p>\n<p>\u00a0<\/p>\n<p><strong><u>Nenhuma das fotos e filmagens de v\u00eddeo foram filtradas. Incentivamos nossos clientes a tamb\u00e9m assistirem aos v\u00eddeos que os acompanham para uma vis\u00e3o mais abrangente de nossos produtos<\/u><\/strong><\/p>","protected":false},"excerpt":{"rendered":"<p>This stunning piece of Natural Type A Jadeite Pendant Necklace is a perfect addition to your jewelry collection. The beautiful jade pendant is crafted with the symbols of Peace and harmony, making it a perfect choice for daily wear or collections. Symbols of Peace: The pendant is crafted with the symbols of peace and harmony, [&hellip;]<\/p>","protected":false},"featured_media":8045,"comment_status":"open","ping_status":"closed","template":"","meta":[],"product_brand":[],"product_cat":[194],"product_tag":[],"class_list":{"0":"post-1801","1":"product","2":"type-product","3":"status-publish","4":"has-post-thumbnail","6":"product_cat-value-picks","8":"first","9":"instock","10":"sale","11":"shipping-taxable","12":"purchasable","13":"product-type-simple"},"_links":{"self":[{"href":"https:\/\/shop.yipinqian.com\/pt\/wp-json\/wp\/v2\/product\/1801","targetHints":{"allow":["GET"]}}],"collection":[{"href":"https:\/\/shop.yipinqian.com\/pt\/wp-json\/wp\/v2\/product"}],"about":[{"href":"https:\/\/shop.yipinqian.com\/pt\/wp-json\/wp\/v2\/types\/product"}],"replies":[{"embeddable":true,"href":"https:\/\/shop.yipinqian.com\/pt\/wp-json\/wp\/v2\/comments?post=1801"}],"version-history":[{"count":0,"href":"https:\/\/shop.yipinqian.com\/pt\/wp-json\/wp\/v2\/product\/1801\/revisions"}],"wp:featuredmedia":[{"embeddable":true,"href":"https:\/\/shop.yipinqian.com\/pt\/wp-json\/wp\/v2\/media\/8045"}],"wp:attachment":[{"href":"https:\/\/shop.yipinqian.com\/pt\/wp-json\/wp\/v2\/media?parent=1801"}],"wp:term":[{"taxonomy":"product_brand","embeddable":true,"href":"https:\/\/shop.yipinqian.com\/pt\/wp-json\/wp\/v2\/product_brand?post=1801"},{"taxonomy":"product_cat","embeddable":true,"href":"https:\/\/shop.yipinqian.com\/pt\/wp-json\/wp\/v2\/product_cat?post=1801"},{"taxonomy":"product_tag","embeddable":true,"href":"https:\/\/shop.yipinqian.com\/pt\/wp-json\/wp\/v2\/product_tag?post=1801"}],"curies":[{"name":"wp","href":"https:\/\/api.w.org\/{rel}","templated":true}]}}