{"id":1796,"date":"2024-10-24T23:22:32","date_gmt":"2024-10-24T15:22:32","guid":{"rendered":"https:\/\/shop.yipinqian.com\/product\/special-sales-very-rare-brown-and-light-green-natural-type-a-jadeite-jade-crafted-with-guan-gong-as-pendant-with-certificate-weigh-66-01-grams-measurement-70-43-7-18-mm-pendant228\/"},"modified":"2025-02-24T01:34:17","modified_gmt":"2025-02-23T17:34:17","slug":"special-sales-very-rare-brown-and-light-green-natural-type-a-jadeite-jade-crafted-with-guan-gong-as-pendant-with-certificate-weigh-66-01-grams-measurement-70-43-7-18-mm-pendant228","status":"publish","type":"product","link":"https:\/\/shop.yipinqian.com\/pt\/produto\/special-sales-very-rare-brown-and-light-green-natural-type-a-jadeite-jade-crafted-with-guan-gong-as-pendant-with-certificate-weigh-66-01-grams-measurement-70-43-7-18-mm-pendant228\/","title":{"rendered":"Vendas especiais \u2013 Jade\u00edta natural tipo A marrom e verde claro muito rara, trabalhada com Guan Gong como pingente com certificado, pesando 66,01 gramas, medindo 70 * 43,7 * 18 mm (pendant228)"},"content":{"rendered":"<p>Aproveite nossas vendas especiais e tenha uma pe\u00e7a muito rara de Jade\u00edte Tipo A natural com a representa\u00e7\u00e3o de Guan Gong como um pingente. Este acess\u00f3rio de joia requintado \u00e9 criado com uma bela combina\u00e7\u00e3o de cores marrom e verde claro, tornando-o verdadeiramente \u00fanico.<\/p>\n<p><\/p>\n<p>N\u00fameros de certificado: ZGDX1014973<\/p>\n<ul>\n<li>\n<strong>Ocasi\u00e3o auspiciosa:<\/strong> Este pingente \u00e9 perfeito para qualquer ocasi\u00e3o especial, acrescentando um toque extra de eleg\u00e2ncia ao seu traje.<\/li>\n<li>\n<strong>Feito com Guan Gong:<\/strong> A representa\u00e7\u00e3o de Guan Gong acrescenta um toque de simbolismo a esta pe\u00e7a j\u00e1 linda, tornando-a perfeita para aqueles que apreciam o significado cultural em suas joias.<\/li>\n<li>\n<strong>Certificado inclu\u00eddo:<\/strong> Voc\u00ea pode ter certeza de que est\u00e1 adquirindo um produto aut\u00eantico, pois este pingente vem com seu pr\u00f3prio certificado para que voc\u00ea possa comprar com confian\u00e7a.<\/li>\n<\/ul>\n<p>Feito de Jade\u00edta Tipo A natural proveniente de Mianmar, este estilo de colar casual unissex pesa 66,01 gramas e mede 70 * 43,7 * 18 mm (pendant228). Seu artesanato de qualidade o torna um complemento ideal para qualquer cole\u00e7\u00e3o de joias sem a necessidade de preocupa\u00e7\u00f5es com o tipo de garantia - apenas pura beleza que durar\u00e1 para sempre<\/p>\n<p><\/p>\n<p>Yi Pin Qian \u2013 Um negociante de pedras preciosas e metais preciosos em Cingapura \u2013 N\u00famero de licen\u00e7a PS20190000031<\/p>\n<p><\/p>\n<p>*Todos os Jadeites comprados de Yi Pin Qian em Cingapura, os clientes podem reservar hor\u00e1rios para polimento ou pequenos reparos por manuseio incorreto - taxas se aplicam e somente para clientes de Yi Pin Qian em Cingapura*<\/p>\n<p><\/p>\n<p><strong>**Tipos de Certificados**<\/strong><\/p>\n<p><\/p>\n<p><strong>NGI (Nan Yang Gemol\u00f3gico)<\/strong><\/p>\n<p>ou <strong>Certificados no exterior <\/strong>(Yi Pin Qian usa apenas certificados aut\u00eanticos de laborat\u00f3rios estrangeiros e tamb\u00e9m controla a qualidade de cada um dos nossos produtos antes de coloc\u00e1-los \u00e0 venda em Cingapura)<\/p>\n<p><\/p>\n<p>Cada produto no TikTok ter\u00e1 o tipo de certificado fornecido indicado na descri\u00e7\u00e3o. Para qualquer cliente que deseje enviar seu pedido para a NGI Singapore, haver\u00e1 um tempo de espera para entrega do pedido estimado em torno de 4 semanas para receber seu pedido. <strong>As solicita\u00e7\u00f5es de relat\u00f3rios da NGI Gemstone precisam ser feitas por mensagem para a loja Yi Pin Qian TikTok.<\/strong> Obrigado, <strong><u>taxas extras se aplicam<\/u><\/strong>.<\/p>\n<p><\/p>\n<p><strong>A jade\u00edta natural n\u00e3o \u00e9 perfeita, apenas um lembrete gentil, nossa jade\u00edta natural, como todas as coisas bonitas da natureza, vem com suas caracter\u00edsticas e varia\u00e7\u00f5es \u00fanicas. Convidamos nossos valiosos clientes a abra\u00e7ar essas varia\u00e7\u00f5es naturais. Boas compras!<\/strong><\/p>\n<p><\/p>\n<p><strong><u>Nenhuma das fotos e filmagens de v\u00eddeo foram filtradas. Incentivamos nossos clientes a tamb\u00e9m assistirem aos v\u00eddeos que os acompanham para uma vis\u00e3o mais abrangente de nossos produtos<\/u><\/strong><\/p>\n<p><\/p>\n<p>.<\/p>","protected":false},"excerpt":{"rendered":"<p>Take advantage of our special sales and own a very rare piece of natural Type A Jadeite Jade with the depiction of Guan Gong as a pendant. This exquisite jewelry accessory is crafted with a beautiful combination of brown and light green colors, making it truly unique. Certificate numbers: ZGDX1014973 Auspicious Occasion: This pendant is [&hellip;]<\/p>","protected":false},"featured_media":7995,"comment_status":"open","ping_status":"closed","template":"","meta":[],"product_brand":[],"product_cat":[196],"product_tag":[],"class_list":{"0":"post-1796","1":"product","2":"type-product","3":"status-publish","4":"has-post-thumbnail","6":"product_cat-vault-collection","8":"first","9":"instock","10":"sale","11":"shipping-taxable","12":"purchasable","13":"product-type-simple"},"_links":{"self":[{"href":"https:\/\/shop.yipinqian.com\/pt\/wp-json\/wp\/v2\/product\/1796","targetHints":{"allow":["GET"]}}],"collection":[{"href":"https:\/\/shop.yipinqian.com\/pt\/wp-json\/wp\/v2\/product"}],"about":[{"href":"https:\/\/shop.yipinqian.com\/pt\/wp-json\/wp\/v2\/types\/product"}],"replies":[{"embeddable":true,"href":"https:\/\/shop.yipinqian.com\/pt\/wp-json\/wp\/v2\/comments?post=1796"}],"version-history":[{"count":0,"href":"https:\/\/shop.yipinqian.com\/pt\/wp-json\/wp\/v2\/product\/1796\/revisions"}],"wp:featuredmedia":[{"embeddable":true,"href":"https:\/\/shop.yipinqian.com\/pt\/wp-json\/wp\/v2\/media\/7995"}],"wp:attachment":[{"href":"https:\/\/shop.yipinqian.com\/pt\/wp-json\/wp\/v2\/media?parent=1796"}],"wp:term":[{"taxonomy":"product_brand","embeddable":true,"href":"https:\/\/shop.yipinqian.com\/pt\/wp-json\/wp\/v2\/product_brand?post=1796"},{"taxonomy":"product_cat","embeddable":true,"href":"https:\/\/shop.yipinqian.com\/pt\/wp-json\/wp\/v2\/product_cat?post=1796"},{"taxonomy":"product_tag","embeddable":true,"href":"https:\/\/shop.yipinqian.com\/pt\/wp-json\/wp\/v2\/product_tag?post=1796"}],"curies":[{"name":"wp","href":"https:\/\/api.w.org\/{rel}","templated":true}]}}