{"id":1791,"date":"2024-10-24T23:22:29","date_gmt":"2024-10-24T15:22:29","guid":{"rendered":"https:\/\/shop.yipinqian.com\/product\/special-offer-green-with-light-green-floating-flower-piaohua-natural-type-a-jadeite-pendant-necklace-crafted-with-bat-on-ruyi-with-certificate-weigh-17-71-grams-51-6-34-5-6-mm-sysmbols-of-happiness-au\/"},"modified":"2025-02-17T00:04:17","modified_gmt":"2025-02-16T16:04:17","slug":"special-offer-green-with-light-green-floating-flower-piaohua-natural-type-a-jadeite-pendant-necklace-crafted-with-bat-on-ruyi-with-certificate-weigh-17-71-grams-51-6-34-5-6-mm-sysmbols-of-happiness-au","status":"publish","type":"product","link":"https:\/\/shop.yipinqian.com\/pt\/produto\/special-offer-green-with-light-green-floating-flower-piaohua-natural-type-a-jadeite-pendant-necklace-crafted-with-bat-on-ruyi-with-certificate-weigh-17-71-grams-51-6-34-5-6-mm-sysmbols-of-happiness-au\/","title":{"rendered":"Special Offer, Green with Light Green Floating Flower (Piaohua) Natural Type A Jadeite Pendant Necklace crafted with Bat on Ruyi with certificate weigh 17.71 grams, 51.6 * 34.5 * 6 mm sysmbols of Happiness, auspiciousness (pendant103)"},"content":{"rendered":"<p>Elevate your everyday look with this exquisite Green with Light Green Floating Flower (Piaohua) Natural Type A Jadeite Pendant Necklace. Hand-crafted to perfection, this pendant necklace features a Bat on Ruyi design, symbolizing happiness and auspiciousness.<\/p>\n<ul>\n<li>\n<strong>Material:<\/strong> Made of high-quality natural Type A jadeite from Myanmar<\/li>\n<li>\n<strong>Certificado:<\/strong> Vem com um certificado de autenticidade<\/li>\n<\/ul>\n<p><strong>Certificate numbers: CQT910359009076<\/strong><\/p>\n<p><img fetchpriority=\"high\" decoding=\"async\" height=\"1080\" src=\"https:\/\/shop.yipinqian.com\/wp-content\/uploads\/2024\/10\/3f041433cefc3b08911a0fac9a7e1b05.jpg?from=476444299\" width=\"1080\"><\/p>\n<ul>\n<li>\n<strong>Peso e dimens\u00f5es:<\/strong> Weighing in at 17.71 grams, the pendant measures 51.6 * 34.5 * 6 mm<\/li>\n<li>\n<strong>Tipo de Jade:<\/strong> Made from precious jadeite stone for added luxury and durability<\/li>\n<li><strong>Neklace Style:Casual style perfect for everyday wear.<\/strong><\/li>\n<li><strong>This unisex necklace is perfect for daily wear or as a thoughtful gift to someone special. Add some elegance to your jewelry collection today with this stunning Natural Jadeite Pendant Necklace!<\/strong><\/li>\n<\/ul>\n<p>Yi Pin Qian \u2013 Um negociante de pedras preciosas e metais preciosos em Cingapura \u2013 N\u00famero de licen\u00e7a PS20190000031<\/p>\n<p>\u00a0<\/p>\n<p>*Todos os Jadeites comprados de Yi Pin Qian em Cingapura, os clientes podem reservar hor\u00e1rios para polimento ou pequenos reparos por manuseio incorreto - taxas se aplicam e somente para clientes de Yi Pin Qian em Cingapura*<\/p>\n<p>\u00a0<\/p>\n<p><strong>**Tipos de Certificados**<\/strong><\/p>\n<p>\u00a0<\/p>\n<p><strong>NGI (Nan Yang Gemol\u00f3gico)<\/strong><\/p>\n<p>ou <strong>Certificados no exterior <\/strong>(Yi Pin Qian usa apenas certificados aut\u00eanticos de laborat\u00f3rios estrangeiros e tamb\u00e9m controla a qualidade de cada um dos nossos produtos antes de coloc\u00e1-los \u00e0 venda em Cingapura)<\/p>\n<p>\u00a0<\/p>\n<p>Cada produto no TikTok ter\u00e1 o tipo de certificado fornecido indicado na descri\u00e7\u00e3o. Para qualquer cliente que deseje enviar seu pedido para a NGI Singapore, haver\u00e1 um tempo de espera para entrega do pedido estimado em torno de 4 semanas para receber seu pedido. <strong>As solicita\u00e7\u00f5es de relat\u00f3rios da NGI Gemstone precisam ser feitas por mensagem para a loja Yi Pin Qian TikTok.<\/strong> Obrigado, <strong><u>taxas extras se aplicam<\/u><\/strong>.<\/p>\n<p>\u00a0<\/p>\n<p><strong>A jade\u00edta natural n\u00e3o \u00e9 perfeita, apenas um lembrete gentil, nossa jade\u00edta natural, como todas as coisas bonitas da natureza, vem com suas caracter\u00edsticas e varia\u00e7\u00f5es \u00fanicas. Convidamos nossos valiosos clientes a abra\u00e7ar essas varia\u00e7\u00f5es naturais. Boas compras!<\/strong><\/p>\n<p>\u00a0<\/p>\n<p><strong><u>Nenhuma das fotos e filmagens de v\u00eddeo foram filtradas. Incentivamos nossos clientes a tamb\u00e9m assistirem aos v\u00eddeos que os acompanham para uma vis\u00e3o mais abrangente de nossos produtos<\/u><\/strong><\/p>","protected":false},"excerpt":{"rendered":"<p>Elevate your everyday look with this exquisite Green with Light Green Floating Flower (Piaohua) Natural Type A Jadeite Pendant Necklace. Hand-crafted to perfection, this pendant necklace features a Bat on Ruyi design, symbolizing happiness and auspiciousness. Material: Made of high-quality natural Type A jadeite from Myanmar Certificate: Comes with a certificate of authenticity Certificate numbers: [&hellip;]<\/p>","protected":false},"featured_media":7948,"comment_status":"open","ping_status":"closed","template":"","meta":[],"product_brand":[],"product_cat":[48],"product_tag":[],"class_list":{"0":"post-1791","1":"product","2":"type-product","3":"status-publish","4":"has-post-thumbnail","6":"product_cat-pendants","8":"first","9":"instock","10":"sale","11":"shipping-taxable","12":"purchasable","13":"product-type-simple"},"_links":{"self":[{"href":"https:\/\/shop.yipinqian.com\/pt\/wp-json\/wp\/v2\/product\/1791","targetHints":{"allow":["GET"]}}],"collection":[{"href":"https:\/\/shop.yipinqian.com\/pt\/wp-json\/wp\/v2\/product"}],"about":[{"href":"https:\/\/shop.yipinqian.com\/pt\/wp-json\/wp\/v2\/types\/product"}],"replies":[{"embeddable":true,"href":"https:\/\/shop.yipinqian.com\/pt\/wp-json\/wp\/v2\/comments?post=1791"}],"version-history":[{"count":0,"href":"https:\/\/shop.yipinqian.com\/pt\/wp-json\/wp\/v2\/product\/1791\/revisions"}],"wp:featuredmedia":[{"embeddable":true,"href":"https:\/\/shop.yipinqian.com\/pt\/wp-json\/wp\/v2\/media\/7948"}],"wp:attachment":[{"href":"https:\/\/shop.yipinqian.com\/pt\/wp-json\/wp\/v2\/media?parent=1791"}],"wp:term":[{"taxonomy":"product_brand","embeddable":true,"href":"https:\/\/shop.yipinqian.com\/pt\/wp-json\/wp\/v2\/product_brand?post=1791"},{"taxonomy":"product_cat","embeddable":true,"href":"https:\/\/shop.yipinqian.com\/pt\/wp-json\/wp\/v2\/product_cat?post=1791"},{"taxonomy":"product_tag","embeddable":true,"href":"https:\/\/shop.yipinqian.com\/pt\/wp-json\/wp\/v2\/product_tag?post=1791"}],"curies":[{"name":"wp","href":"https:\/\/api.w.org\/{rel}","templated":true}]}}