{"id":1790,"date":"2024-10-24T23:22:28","date_gmt":"2024-10-24T15:22:28","guid":{"rendered":"https:\/\/shop.yipinqian.com\/product\/special-offer-price-semi-icy-bamboo-natural-type-a-jadeite-pendant-necklace-with-qic-approved-labs-certificate-weigh-13-67-grams-44-3-16-8-7-mm-symbols-of-rising-higher-and-everlasting-suitable-for-da\/"},"modified":"2025-02-24T00:49:51","modified_gmt":"2025-02-23T16:49:51","slug":"special-offer-price-semi-icy-bamboo-natural-type-a-jadeite-pendant-necklace-with-qic-approved-labs-certificate-weigh-13-67-grams-44-3-16-8-7-mm-symbols-of-rising-higher-and-everlasting-suitable-for-da","status":"publish","type":"product","link":"https:\/\/shop.yipinqian.com\/pt\/produto\/special-offer-price-semi-icy-bamboo-natural-type-a-jadeite-pendant-necklace-with-qic-approved-labs-certificate-weigh-13-67-grams-44-3-16-8-7-mm-symbols-of-rising-higher-and-everlasting-suitable-for-da\/","title":{"rendered":"Special Offer Price Semi Icy Bamboo Natural Type A Jadeite Pendant Necklace with QIC approved labs certificate weigh 13.67 grams, 44.3 * 16 * 8.7 mm, symbols of Rising higher and everlasting, suitable for daily wear (pendant53)"},"content":{"rendered":"<p>This Special Offer Price Semi Icy Bamboo Natural Type A Jadeite Pendant Necklace is a symbol of rising higher and everlasting. With QIC approved labs certificate and weighing 13.67 grams, this necklace is made of natural type A jadeite from Myanmar.<\/p>\n<p>\u00a0<\/p>\n<p><strong>Certificate numbers: SD24030201981<\/strong><\/p>\n<p><img fetchpriority=\"high\" decoding=\"async\" height=\"1080\" src=\"https:\/\/shop.yipinqian.com\/wp-content\/uploads\/2024\/10\/f4679271aacb1eb96222059207c67e36.jpg?from=476444299\" width=\"1080\"><\/p>\n<ul>\n<li><strong>Principais caracter\u00edsticas:<\/strong><\/li>\n<li>&#8211; Weighs 13.67 grams<\/li>\n<li>&#8211; Measures 44.3 * 16 * 8.7 mm<\/li>\n<li>&#8211; QIC approved labs certificate included<\/li>\n<li>&#8211; Symbolizes rising higher and everlasting<\/li>\n<\/ul>\n<p>This necklace is perfect for daily wear, thanks to its casual style, making it suitable for anyone to wear.<\/p>\n<ul>\n<li><strong>The attributes of this product include:<\/strong><\/li>\n<li>The With Certificate: Yes\u00a0 The Country Of Origin: Myanmar\u00a0 The Occasion: Daily The Warranty Type: No \u00a0\u00a0\u00a0The Gender : Unisex \u00a0\u00a0\u00a0\u00a0<\/li>\n<li>Jade Type : Jadeite<\/li>\n<li>Necklace Style : Casual \u00a0\u00a0\u00a0\u00a0\u00a0 \u00a0\u00a0\u00a0\u00a0\u00a0\u00a0 \u00a0\u00a0\u00a0\u00a0\u00a0\u00a0\u00a0\u00a0\u00a0\u00a0\u00a0 \u00a0\u00a0\u00a0\u00a0\u00a0\u00a0\u00a0 \u00a0\u00a0\u00a0\u00a0\u00a0\u00a0\u00a0\u00a0\u00a0<\/li>\n<\/ul>\n<p>Yi Pin Qian \u2013 Um negociante de pedras preciosas e metais preciosos em Cingapura \u2013 N\u00famero de licen\u00e7a PS20190000031<\/p>\n<p>\u00a0<\/p>\n<p>*Todos os Jadeites comprados de Yi Pin Qian em Cingapura, os clientes podem reservar hor\u00e1rios para polimento ou pequenos reparos por manuseio incorreto - taxas se aplicam e somente para clientes de Yi Pin Qian em Cingapura*<\/p>\n<p>\u00a0<\/p>\n<p><strong>**Tipos de Certificados**<\/strong><\/p>\n<p>\u00a0<\/p>\n<p><strong>NGI (Nan Yang Gemol\u00f3gico)<\/strong><\/p>\n<p>ou <strong>Certificados no exterior <\/strong>(Yi Pin Qian usa apenas certificados aut\u00eanticos de laborat\u00f3rios estrangeiros e tamb\u00e9m controla a qualidade de cada um dos nossos produtos antes de coloc\u00e1-los \u00e0 venda em Cingapura)<\/p>\n<p>\u00a0<\/p>\n<p>Cada produto no TikTok ter\u00e1 o tipo de certificado fornecido indicado na descri\u00e7\u00e3o. Para qualquer cliente que deseje enviar seu pedido para a NGI Singapore, haver\u00e1 um tempo de espera para entrega do pedido estimado em torno de 4 semanas para receber seu pedido. <strong>As solicita\u00e7\u00f5es de relat\u00f3rios da NGI Gemstone precisam ser feitas por mensagem para a loja Yi Pin Qian TikTok.<\/strong> Obrigado, <strong><u>taxas extras se aplicam<\/u><\/strong>.<\/p>\n<p>\u00a0<\/p>\n<p><strong>A jade\u00edta natural n\u00e3o \u00e9 perfeita, apenas um lembrete gentil, nossa jade\u00edta natural, como todas as coisas bonitas da natureza, vem com suas caracter\u00edsticas e varia\u00e7\u00f5es \u00fanicas. Convidamos nossos valiosos clientes a abra\u00e7ar essas varia\u00e7\u00f5es naturais. Boas compras!<\/strong><\/p>\n<p>\u00a0<\/p>\n<p><strong><u>Nenhuma das fotos e filmagens de v\u00eddeo foram filtradas. Incentivamos nossos clientes a tamb\u00e9m assistirem aos v\u00eddeos que os acompanham para uma vis\u00e3o mais abrangente de nossos produtos<\/u><\/strong><\/p>","protected":false},"excerpt":{"rendered":"<p>This Special Offer Price Semi Icy Bamboo Natural Type A Jadeite Pendant Necklace is a symbol of rising higher and everlasting. With QIC approved labs certificate and weighing 13.67 grams, this necklace is made of natural type A jadeite from Myanmar. \u00a0 Certificate numbers: SD24030201981 Key Features: &#8211; Weighs 13.67 grams &#8211; Measures 44.3 * [&hellip;]<\/p>","protected":false},"featured_media":7938,"comment_status":"open","ping_status":"closed","template":"","meta":[],"product_brand":[],"product_cat":[194],"product_tag":[],"class_list":{"0":"post-1790","1":"product","2":"type-product","3":"status-publish","4":"has-post-thumbnail","6":"product_cat-value-picks","8":"first","9":"instock","10":"sale","11":"shipping-taxable","12":"purchasable","13":"product-type-simple"},"_links":{"self":[{"href":"https:\/\/shop.yipinqian.com\/pt\/wp-json\/wp\/v2\/product\/1790","targetHints":{"allow":["GET"]}}],"collection":[{"href":"https:\/\/shop.yipinqian.com\/pt\/wp-json\/wp\/v2\/product"}],"about":[{"href":"https:\/\/shop.yipinqian.com\/pt\/wp-json\/wp\/v2\/types\/product"}],"replies":[{"embeddable":true,"href":"https:\/\/shop.yipinqian.com\/pt\/wp-json\/wp\/v2\/comments?post=1790"}],"version-history":[{"count":0,"href":"https:\/\/shop.yipinqian.com\/pt\/wp-json\/wp\/v2\/product\/1790\/revisions"}],"wp:featuredmedia":[{"embeddable":true,"href":"https:\/\/shop.yipinqian.com\/pt\/wp-json\/wp\/v2\/media\/7938"}],"wp:attachment":[{"href":"https:\/\/shop.yipinqian.com\/pt\/wp-json\/wp\/v2\/media?parent=1790"}],"wp:term":[{"taxonomy":"product_brand","embeddable":true,"href":"https:\/\/shop.yipinqian.com\/pt\/wp-json\/wp\/v2\/product_brand?post=1790"},{"taxonomy":"product_cat","embeddable":true,"href":"https:\/\/shop.yipinqian.com\/pt\/wp-json\/wp\/v2\/product_cat?post=1790"},{"taxonomy":"product_tag","embeddable":true,"href":"https:\/\/shop.yipinqian.com\/pt\/wp-json\/wp\/v2\/product_tag?post=1790"}],"curies":[{"name":"wp","href":"https:\/\/api.w.org\/{rel}","templated":true}]}}