{"id":1789,"date":"2024-10-24T23:22:27","date_gmt":"2024-10-24T15:22:27","guid":{"rendered":"https:\/\/shop.yipinqian.com\/product\/special-offer-icy-translucent-crafted-as-pixiu-natural-type-a-jadeite-pendant-necklace-with-certificate-weigh-9-39-grams-30-16-3-13-4-mm-symbols-of-bring-in-money-keep-you-safe-and-healthy-suitable-fo\/"},"modified":"2025-02-24T00:49:51","modified_gmt":"2025-02-23T16:49:51","slug":"special-offer-icy-translucent-crafted-as-pixiu-natural-type-a-jadeite-pendant-necklace-with-certificate-weigh-9-39-grams-30-16-3-13-4-mm-symbols-of-bring-in-money-keep-you-safe-and-healthy-suitable-fo","status":"publish","type":"product","link":"https:\/\/shop.yipinqian.com\/pt\/produto\/special-offer-icy-translucent-crafted-as-pixiu-natural-type-a-jadeite-pendant-necklace-with-certificate-weigh-9-39-grams-30-16-3-13-4-mm-symbols-of-bring-in-money-keep-you-safe-and-healthy-suitable-fo\/","title":{"rendered":"Oferta especial Icy Translucent trabalhado como Pixiu Natural Tipo A Jade\u00edta Colar com certificado pesa 9,39 gramas, 30 * 16,3 * 13,4 mm, s\u00edmbolos de Traga dinheiro, mantenha voc\u00ea seguro e saud\u00e1vel, adequado para uso di\u00e1rio ou cole\u00e7\u00e3o (pendant45)"},"content":{"rendered":"<p>Obtenha este lindo colar com pingente de jade\u00edta tipo A natural transl\u00facida gelada da oferta especial de meio de ano Pixiu com certificado! Pesando 9,39 gramas e medindo 30 * 16,3 * 13,4 mm, este colar \u00e9 um s\u00edmbolo de boa sorte, trazendo dinheiro e mantendo voc\u00ea seguro e saud\u00e1vel.<\/p>\n<ul>\n<li>\n<strong>Jade de alta qualidade:<\/strong> O colar \u00e9 feito de jade\u00edta natural Tipo A de Mianmar, conhecida por sua bela cor e translucidez.<\/li>\n<li>\n<strong>Certificado inclu\u00eddo:<\/strong> Este produto vem com um certificado para sua tranquilidade.<\/li>\n<li>\n<strong>Adequado para uso di\u00e1rio:<\/strong> Este colar com pingente \u00e9 perfeito para uso di\u00e1rio ou como item colecion\u00e1vel.<\/li>\n<\/ul>\n<p><strong>N\u00fameros de certificado: SJ2312020144<\/strong><\/p>\n<p><img fetchpriority=\"high\" decoding=\"async\" height=\"1080\" src=\"https:\/\/shop.yipinqian.com\/wp-content\/uploads\/2024\/10\/3197d8d5f059ca199ad41677dca16f5e.jpg?from=476444299\" width=\"1080\"><\/p>\n<p>O Pixiu simboliza riqueza e boa sorte, ao mesmo tempo em que fornece prote\u00e7\u00e3o ao usu\u00e1rio. O jade transl\u00facido e gelado acrescenta beleza ao pingente, tornando-o um acess\u00f3rio elegante que pode ser usado em qualquer ocasi\u00e3o.<\/p>\n<ul>\n<li>\n<strong>Nenhuma garantia inclu\u00edda:<\/strong> Observe que este produto n\u00e3o vem com nenhum tipo de garantia<\/li>\n<li>\n<strong>Um estilo de colar unissex: <\/strong>Este colar estilo casual pode ser usado por qualquer pessoa que queira adicionar eleg\u00e2ncia ao seu visual di\u00e1rio<\/li>\n<li>.<\/li>\n<\/ul>\n<p>Adicione um pouco de sorte \u00e0 sua vida comprando hoje mesmo este colar com pingente de jade\u00edta natural tipo A Pixiu transl\u00facido e gelado na oferta especial de meio de ano!<\/p>\n<p>\u00a0<\/p>\n<p>Yi Pin Qian \u2013 Um negociante de pedras preciosas e metais preciosos em Cingapura \u2013 N\u00famero de licen\u00e7a PS20190000031<\/p>\n<p>\u00a0<\/p>\n<p>*Todos os Jadeites comprados de Yi Pin Qian em Cingapura, os clientes podem reservar hor\u00e1rios para polimento ou pequenos reparos por manuseio incorreto - taxas se aplicam e somente para clientes de Yi Pin Qian em Cingapura*<\/p>\n<p>\u00a0<\/p>\n<p><strong>**Tipos de Certificados**<\/strong><\/p>\n<p>\u00a0<\/p>\n<p><strong>NGI (Nan Yang Gemol\u00f3gico)<\/strong><\/p>\n<p>ou <strong>Certificados no exterior <\/strong>(Yi Pin Qian usa apenas certificados aut\u00eanticos de laborat\u00f3rios estrangeiros e tamb\u00e9m controla a qualidade de cada um dos nossos produtos antes de coloc\u00e1-los \u00e0 venda em Cingapura)<\/p>\n<p>\u00a0<\/p>\n<p>Cada produto no TikTok ter\u00e1 o tipo de certificado fornecido indicado na descri\u00e7\u00e3o. Para qualquer cliente que deseje enviar seu pedido para a NGI Singapore, haver\u00e1 um tempo de espera para entrega do pedido estimado em torno de 4 semanas para receber seu pedido. <strong>As solicita\u00e7\u00f5es de relat\u00f3rios da NGI Gemstone precisam ser feitas por mensagem para a loja Yi Pin Qian TikTok.<\/strong> Obrigado, <strong><u>taxas extras se aplicam<\/u><\/strong>.<\/p>\n<p>\u00a0<\/p>\n<p><strong>A jade\u00edta natural n\u00e3o \u00e9 perfeita, apenas um lembrete gentil, nossa jade\u00edta natural, como todas as coisas bonitas da natureza, vem com suas caracter\u00edsticas e varia\u00e7\u00f5es \u00fanicas. Convidamos nossos valiosos clientes a abra\u00e7ar essas varia\u00e7\u00f5es naturais. Boas compras!<\/strong><\/p>\n<p>\u00a0<\/p>\n<p><strong><u>Nenhuma das fotos e filmagens de v\u00eddeo foram filtradas. Incentivamos nossos clientes a tamb\u00e9m assistirem aos v\u00eddeos que os acompanham para uma vis\u00e3o mais abrangente de nossos produtos<\/u><\/strong><\/p>","protected":false},"excerpt":{"rendered":"<p>Get this beautiful Special Mid Year Offer Icy Translucent Pixiu Natural Type A Jadeite Pendant Necklace with certificate! Weighing 9.39 grams and measuring 30 * 16.3 * 13.4 mm, this necklace is a symbol of good fortune, bringing money and keeping you safe and healthy. High-Quality Jade: The necklace is made of natural Type A [&hellip;]<\/p>","protected":false},"featured_media":7928,"comment_status":"open","ping_status":"closed","template":"","meta":[],"product_brand":[],"product_cat":[194],"product_tag":[],"class_list":{"0":"post-1789","1":"product","2":"type-product","3":"status-publish","4":"has-post-thumbnail","6":"product_cat-value-picks","8":"first","9":"instock","10":"sale","11":"shipping-taxable","12":"purchasable","13":"product-type-simple"},"_links":{"self":[{"href":"https:\/\/shop.yipinqian.com\/pt\/wp-json\/wp\/v2\/product\/1789","targetHints":{"allow":["GET"]}}],"collection":[{"href":"https:\/\/shop.yipinqian.com\/pt\/wp-json\/wp\/v2\/product"}],"about":[{"href":"https:\/\/shop.yipinqian.com\/pt\/wp-json\/wp\/v2\/types\/product"}],"replies":[{"embeddable":true,"href":"https:\/\/shop.yipinqian.com\/pt\/wp-json\/wp\/v2\/comments?post=1789"}],"version-history":[{"count":0,"href":"https:\/\/shop.yipinqian.com\/pt\/wp-json\/wp\/v2\/product\/1789\/revisions"}],"wp:featuredmedia":[{"embeddable":true,"href":"https:\/\/shop.yipinqian.com\/pt\/wp-json\/wp\/v2\/media\/7928"}],"wp:attachment":[{"href":"https:\/\/shop.yipinqian.com\/pt\/wp-json\/wp\/v2\/media?parent=1789"}],"wp:term":[{"taxonomy":"product_brand","embeddable":true,"href":"https:\/\/shop.yipinqian.com\/pt\/wp-json\/wp\/v2\/product_brand?post=1789"},{"taxonomy":"product_cat","embeddable":true,"href":"https:\/\/shop.yipinqian.com\/pt\/wp-json\/wp\/v2\/product_cat?post=1789"},{"taxonomy":"product_tag","embeddable":true,"href":"https:\/\/shop.yipinqian.com\/pt\/wp-json\/wp\/v2\/product_tag?post=1789"}],"curies":[{"name":"wp","href":"https:\/\/api.w.org\/{rel}","templated":true}]}}