{"id":1784,"date":"2024-10-24T23:22:24","date_gmt":"2024-10-24T15:22:24","guid":{"rendered":"https:\/\/shop.yipinqian.com\/product\/sky-blue-natural-type-a-jadeite-pendant-with-certificate-faceless-buddha-weight-22-44-grams-50-60-23-60-9-30-mm-suitable-for-daily-wear-pendant123\/"},"modified":"2025-02-24T00:49:51","modified_gmt":"2025-02-23T16:49:51","slug":"sky-blue-natural-type-a-jadeite-pendant-with-certificate-faceless-buddha-weight-22-44-grams-50-60-23-60-9-30-mm-suitable-for-daily-wear-pendant123","status":"publish","type":"product","link":"https:\/\/shop.yipinqian.com\/pt\/produto\/sky-blue-natural-type-a-jadeite-pendant-with-certificate-faceless-buddha-weight-22-44-grams-50-60-23-60-9-30-mm-suitable-for-daily-wear-pendant123\/","title":{"rendered":"Pingente de jade\u00edta natural azul-celeste tipo A com certificado de buda sem rosto, peso 22,44 gramas, 50,60 * 23,60 * 9,30 mm, adequado para uso di\u00e1rio (pendant123)"},"content":{"rendered":"<p>Este pingente de Jade\u00edta Natural Azul-celeste Tipo A com um certificado \u00e9 uma adi\u00e7\u00e3o impressionante a qualquer cole\u00e7\u00e3o de joias. O design de Buda sem rosto adiciona um toque elegante, enquanto o peso de 22,44 gramas e as dimens\u00f5es de 50,60 * 23,60 * 9,30 mm o tornam adequado para uso di\u00e1rio. Principais caracter\u00edsticas:<\/p>\n<ul>\n<li>Jade\u00edta azul-celeste natural tipo A<\/li>\n<li>Design de Buda sem rosto<\/li>\n<li>22,44 gramas, 50,60 * 23,60 *9,30 mm<\/li>\n<li>Estilo de colar casual<\/li>\n<\/ul>\n<p>Feito de jade\u00edta de alta qualidade e certificado quanto \u00e0 autenticidade, este pingente \u00e9 perfeito para homens e mulheres usarem em qualquer ocasi\u00e3o di\u00e1ria.<\/p>\n<p>\u00a0<\/p>\n<p><strong>N\u00famero do certificado: ZS24040200296<\/strong><\/p>\n<p><img fetchpriority=\"high\" decoding=\"async\" height=\"1080\" src=\"https:\/\/shop.yipinqian.com\/wp-content\/uploads\/2024\/10\/1731f7709b8c344bbd2b352dfe91294f.jpg?from=476444299\" width=\"1080\"><\/p>\n<ul>\n<li>\n<strong>OCASI\u00c3O:<\/strong> Desgaste di\u00e1rio <strong>G\u00caNERO:<\/strong> Unissex <strong>TIPO DE JADE:<\/strong>Jade\u00edta <strong>COM CERTIFICADO: <\/strong>Se voc\u00ea est\u00e1 preocupado com problemas de autenticidade, este produto vem com um certificado de autentica\u00e7\u00e3o. <strong>TIPO DE GARANTIA: <\/strong>Nenhuma garantia dispon\u00edvel com o produto. Ent\u00e3o, se voc\u00ea est\u00e1 procurando uma pe\u00e7a elegante que seja estilosa e adequada para uso di\u00e1rio, ent\u00e3o este pingente de Jade\u00edta Natural Azul-celeste Tipo A deve ser sua melhor escolha!<\/li>\n<\/ul>\n<p>\u00a0<\/p>\n<p>Yi Pin Qian \u2013 Um negociante de pedras preciosas e metais preciosos em Cingapura \u2013 N\u00famero de licen\u00e7a PS20190000031<\/p>\n<p>\u00a0<\/p>\n<p>*Todos os Jadeites comprados de Yi Pin Qian em Cingapura, os clientes podem reservar hor\u00e1rios para polimento ou pequenos reparos por manuseio incorreto - taxas se aplicam e somente para clientes de Yi Pin Qian em Cingapura*<\/p>\n<p>\u00a0<\/p>\n<p><strong>**Tipos de Certificados**<\/strong><\/p>\n<p>\u00a0<\/p>\n<p><strong>NGI (Nan Yang Gemol\u00f3gico)<\/strong><\/p>\n<p>ou <strong>Certificados no exterior <\/strong>(Yi Pin Qian usa apenas certificados aut\u00eanticos de laborat\u00f3rios estrangeiros e tamb\u00e9m controla a qualidade de cada um dos nossos produtos antes de coloc\u00e1-los \u00e0 venda em Cingapura)<\/p>\n<p>\u00a0<\/p>\n<p>Cada produto no TikTok ter\u00e1 o tipo de certificado fornecido indicado na descri\u00e7\u00e3o. Para qualquer cliente que deseje enviar seu pedido para a NGI Singapore, haver\u00e1 um tempo de espera para entrega do pedido estimado em torno de 4 semanas para receber seu pedido. <strong>As solicita\u00e7\u00f5es de relat\u00f3rios da NGI Gemstone precisam ser feitas por mensagem para a loja Yi Pin Qian TikTok.<\/strong> Obrigado, <strong><u>taxas extras se aplicam<\/u><\/strong>.<\/p>","protected":false},"excerpt":{"rendered":"<p>This Sky Blue Natural Type A Jadeite pendant with a certificate is a stunning addition to any jewelry collection. The faceless buddha design adds an elegant touch, while the weight of 22.44 grams and dimensions of 50.60 * 23.60 * 9.30 mm make it suitable for daily wear. Key Features: Sky Blue Natural Type A [&hellip;]<\/p>","protected":false},"featured_media":7898,"comment_status":"open","ping_status":"closed","template":"","meta":[],"product_brand":[],"product_cat":[194],"product_tag":[],"class_list":{"0":"post-1784","1":"product","2":"type-product","3":"status-publish","4":"has-post-thumbnail","6":"product_cat-value-picks","8":"first","9":"instock","10":"sale","11":"shipping-taxable","12":"purchasable","13":"product-type-simple"},"_links":{"self":[{"href":"https:\/\/shop.yipinqian.com\/pt\/wp-json\/wp\/v2\/product\/1784","targetHints":{"allow":["GET"]}}],"collection":[{"href":"https:\/\/shop.yipinqian.com\/pt\/wp-json\/wp\/v2\/product"}],"about":[{"href":"https:\/\/shop.yipinqian.com\/pt\/wp-json\/wp\/v2\/types\/product"}],"replies":[{"embeddable":true,"href":"https:\/\/shop.yipinqian.com\/pt\/wp-json\/wp\/v2\/comments?post=1784"}],"version-history":[{"count":0,"href":"https:\/\/shop.yipinqian.com\/pt\/wp-json\/wp\/v2\/product\/1784\/revisions"}],"wp:featuredmedia":[{"embeddable":true,"href":"https:\/\/shop.yipinqian.com\/pt\/wp-json\/wp\/v2\/media\/7898"}],"wp:attachment":[{"href":"https:\/\/shop.yipinqian.com\/pt\/wp-json\/wp\/v2\/media?parent=1784"}],"wp:term":[{"taxonomy":"product_brand","embeddable":true,"href":"https:\/\/shop.yipinqian.com\/pt\/wp-json\/wp\/v2\/product_brand?post=1784"},{"taxonomy":"product_cat","embeddable":true,"href":"https:\/\/shop.yipinqian.com\/pt\/wp-json\/wp\/v2\/product_cat?post=1784"},{"taxonomy":"product_tag","embeddable":true,"href":"https:\/\/shop.yipinqian.com\/pt\/wp-json\/wp\/v2\/product_tag?post=1784"}],"curies":[{"name":"wp","href":"https:\/\/api.w.org\/{rel}","templated":true}]}}