{"id":1783,"date":"2024-10-24T23:22:23","date_gmt":"2024-10-24T15:22:23","guid":{"rendered":"https:\/\/shop.yipinqian.com\/product\/semi-translucent-with-mix-of-wuji-buckle-of-mother-and-child-donut-natural-type-a-jadeite-pendant-symbols-of-peace-wishfulness-happiness-and-auspiciousness-certificate-included-weigh-18-72-grams-41-3\/"},"modified":"2025-02-17T00:04:17","modified_gmt":"2025-02-16T16:04:17","slug":"semi-translucent-with-mix-of-wuji-buckle-of-mother-and-child-donut-natural-type-a-jadeite-pendant-symbols-of-peace-wishfulness-happiness-and-auspiciousness-certificate-included-weigh-18-72-grams-41-3","status":"publish","type":"product","link":"https:\/\/shop.yipinqian.com\/pt\/produto\/semi-translucent-with-mix-of-wuji-buckle-of-mother-and-child-donut-natural-type-a-jadeite-pendant-symbols-of-peace-wishfulness-happiness-and-auspiciousness-certificate-included-weigh-18-72-grams-41-3\/","title":{"rendered":"Semi Translucent with mix of Wuji, Buckle of mother and child Donut Natural Type A Jadeite Pendant symbols of Peace, wishfulness, happiness and auspiciousness, certificate included weigh 18.72 grams, 41.3 * 5.6 mm, suitable for daily wear (pendant71)"},"content":{"rendered":"<p>This Semi Translucent Natural Type A Jadeite Pendant is a must-have for anyone who loves fine jewelry. The mix of Wuji, Buckle of mother and child Donut design is both unique and beautiful.<\/p>\n<ul>\n<li>\n<strong>Symbolic:<\/strong> The pendant is adorned with symbols of Peace, wishfulness, happiness and auspiciousness. It makes a perfect gift for someone special.<\/li>\n<li>\n<strong>Certificado inclu\u00eddo:<\/strong> This pendant comes with a certificate to prove its authenticity.<\/li>\n<\/ul>\n<p><strong>Certificate numbers: ZS24031003176<\/strong><\/p>\n<p><img fetchpriority=\"high\" decoding=\"async\" height=\"1080\" src=\"https:\/\/shop.yipinqian.com\/wp-content\/uploads\/2024\/10\/011742d0fb8a6cc8144431b75c2ffc37.jpg?from=476444299\" width=\"1080\"><\/p>\n<ul>\n<li>\n<strong>Uso di\u00e1rio:<\/strong> With its weight of 18.72 grams and size 41.3 * 5.6 mm, this pendant is suitable for daily wear.<\/li>\n<\/ul>\n<p><img decoding=\"async\" height=\"1080\" src=\"https:\/\/shop.yipinqian.com\/wp-content\/uploads\/2024\/10\/4717ca6ece8e498884689c0bc595f87a.jpg?from=476444299\" width=\"1080\"><\/p>\n<p>This Unisex Natural Type A Jadeite Pendant comes from Myanmar making it an exotic addition to your jewelry collection that will add character to your casual style in any occasion .<\/p>\n<p>You&#8217;ll love the Casual Necklace Style which makes it perfect to wear on its own or layered with other necklaces you may have in your collection..<\/p>\n<ul>\n<li>\n<strong>Certificado inclu\u00eddo:<\/strong> Sim<\/li>\n<li>\n<strong>Tipo de Jade: <\/strong>Jade\u00edta<\/li>\n<li>\n<strong>O pa\u00eds de origem: <\/strong>Myanmar<\/li>\n<li>The Occasion : Daily Wear\/ Casual The Warranty Type : No Warranty Available<\/li>\n<\/ul>\n<p>Yi Pin Qian \u2013 Um negociante de pedras preciosas e metais preciosos em Cingapura \u2013 N\u00famero de licen\u00e7a PS20190000031<\/p>\n<p>\u00a0<\/p>\n<p>*Todos os Jadeites comprados de Yi Pin Qian em Cingapura, os clientes podem reservar hor\u00e1rios para polimento ou pequenos reparos por manuseio incorreto - taxas se aplicam e somente para clientes de Yi Pin Qian em Cingapura*<\/p>\n<p>\u00a0<\/p>\n<p><strong>**Tipos de Certificados**<\/strong><\/p>\n<p>\u00a0<\/p>\n<p><strong>NGI (Nan Yang Gemol\u00f3gico)<\/strong><\/p>\n<p>ou <strong>Certificados no exterior <\/strong>(Yi Pin Qian usa apenas certificados aut\u00eanticos de laborat\u00f3rios estrangeiros e tamb\u00e9m controla a qualidade de cada um dos nossos produtos antes de coloc\u00e1-los \u00e0 venda em Cingapura)<\/p>\n<p>\u00a0<\/p>\n<p>Cada produto no TikTok ter\u00e1 o tipo de certificado fornecido indicado na descri\u00e7\u00e3o. Para qualquer cliente que deseje enviar seu pedido para a NGI Singapore, haver\u00e1 um tempo de espera para entrega do pedido estimado em torno de 4 semanas para receber seu pedido. <strong>As solicita\u00e7\u00f5es de relat\u00f3rios da NGI Gemstone precisam ser feitas por mensagem para a loja Yi Pin Qian TikTok.<\/strong> Obrigado, <strong><u>taxas extras se aplicam<\/u><\/strong>.<\/p>\n<p>\u00a0<\/p>\n<p><strong>A jade\u00edta natural n\u00e3o \u00e9 perfeita, apenas um lembrete gentil, nossa jade\u00edta natural, como todas as coisas bonitas da natureza, vem com suas caracter\u00edsticas e varia\u00e7\u00f5es \u00fanicas. Convidamos nossos valiosos clientes a abra\u00e7ar essas varia\u00e7\u00f5es naturais. Boas compras!<\/strong><\/p>\n<p>\u00a0<\/p>\n<p><strong><u>Nenhuma das fotos e filmagens de v\u00eddeo foram filtradas. Incentivamos nossos clientes a tamb\u00e9m assistirem aos v\u00eddeos que os acompanham para uma vis\u00e3o mais abrangente de nossos produtos<\/u><\/strong><\/p>","protected":false},"excerpt":{"rendered":"<p>This Semi Translucent Natural Type A Jadeite Pendant is a must-have for anyone who loves fine jewelry. The mix of Wuji, Buckle of mother and child Donut design is both unique and beautiful. Symbolic: The pendant is adorned with symbols of Peace, wishfulness, happiness and auspiciousness. It makes a perfect gift for someone special. Certificate [&hellip;]<\/p>","protected":false},"featured_media":7888,"comment_status":"open","ping_status":"closed","template":"","meta":[],"product_brand":[],"product_cat":[48],"product_tag":[],"class_list":{"0":"post-1783","1":"product","2":"type-product","3":"status-publish","4":"has-post-thumbnail","6":"product_cat-pendants","8":"first","9":"instock","10":"sale","11":"shipping-taxable","12":"purchasable","13":"product-type-simple"},"_links":{"self":[{"href":"https:\/\/shop.yipinqian.com\/pt\/wp-json\/wp\/v2\/product\/1783","targetHints":{"allow":["GET"]}}],"collection":[{"href":"https:\/\/shop.yipinqian.com\/pt\/wp-json\/wp\/v2\/product"}],"about":[{"href":"https:\/\/shop.yipinqian.com\/pt\/wp-json\/wp\/v2\/types\/product"}],"replies":[{"embeddable":true,"href":"https:\/\/shop.yipinqian.com\/pt\/wp-json\/wp\/v2\/comments?post=1783"}],"version-history":[{"count":0,"href":"https:\/\/shop.yipinqian.com\/pt\/wp-json\/wp\/v2\/product\/1783\/revisions"}],"wp:featuredmedia":[{"embeddable":true,"href":"https:\/\/shop.yipinqian.com\/pt\/wp-json\/wp\/v2\/media\/7888"}],"wp:attachment":[{"href":"https:\/\/shop.yipinqian.com\/pt\/wp-json\/wp\/v2\/media?parent=1783"}],"wp:term":[{"taxonomy":"product_brand","embeddable":true,"href":"https:\/\/shop.yipinqian.com\/pt\/wp-json\/wp\/v2\/product_brand?post=1783"},{"taxonomy":"product_cat","embeddable":true,"href":"https:\/\/shop.yipinqian.com\/pt\/wp-json\/wp\/v2\/product_cat?post=1783"},{"taxonomy":"product_tag","embeddable":true,"href":"https:\/\/shop.yipinqian.com\/pt\/wp-json\/wp\/v2\/product_tag?post=1783"}],"curies":[{"name":"wp","href":"https:\/\/api.w.org\/{rel}","templated":true}]}}