{"id":1779,"date":"2024-10-24T23:22:22","date_gmt":"2024-10-24T15:22:22","guid":{"rendered":"https:\/\/shop.yipinqian.com\/product\/semi-icy-translucent-natural-type-a-jadeite-jade-crafted-with-fubei-as-pendant-with-certificate-weigh-9-97-grams-measurement-34-9-25-7-mm-pendant195\/"},"modified":"2025-02-24T00:49:51","modified_gmt":"2025-02-23T16:49:51","slug":"semi-icy-translucent-natural-type-a-jadeite-jade-crafted-with-fubei-as-pendant-with-certificate-weigh-9-97-grams-measurement-34-9-25-7-mm-pendant195","status":"publish","type":"product","link":"https:\/\/shop.yipinqian.com\/pt\/produto\/semi-icy-translucent-natural-type-a-jadeite-jade-crafted-with-fubei-as-pendant-with-certificate-weigh-9-97-grams-measurement-34-9-25-7-mm-pendant195\/","title":{"rendered":"Semi Icy Translucent Natural Type A Jadeite Jade crafted with Fubei as pendant with certificate weigh 9.97 grams, measurement 34.9 * 25 * 7 mm (pendant195)"},"content":{"rendered":"<p>This Semi Icy Translucent Natural Type A Jadeite Pendant with Fubei crafted intricately is an exquisite piece of jewelry accessory, perfect for daily wear and casual occasions.<\/p>\n<p><\/p>\n<p><strong>Certificate numbers: 90159011532<\/strong><\/p>\n<ul>\n<li>\n<strong>Tipo de Jade:<\/strong> Jade\u00edta<\/li>\n<li>\n<strong>Peso:<\/strong> 9.97 grams<\/li>\n<li>\n<strong>Medi\u00e7\u00e3o:<\/strong> 34.9 * 25 * 7 mm (pendant195)<\/li>\n<li>\n<strong>Jade Color:<\/strong> Semi Icy Translucent Natural<\/li>\n<li><em>Certificate included.<\/em><\/li>\n<\/ul>\n<p>The pendant with Fubei design adds a distinguishing charm to the natural jade, making it a perfect fashion statement for both men and women alike. The jade used in this pendant is of high quality and handpicked from the mines of Myanmar, also known as Burma.<\/p>\n<p>This piece will make an ideal gift for your loved ones who appreciate unique jewelry pieces or can be added to your personal jewelry collection as its transparency will complement any outfit you pair it with!<\/p>\n<ul>\n<li>The necklace style is casual, making it suitable for everyday wear without being too flashy or overwhelming.<\/li>\n<\/ul>\n<p>Please note that this product comes without any warranty type but rest assured that you are investing in a quality product that has been crafted intricately by skilled artisans who have years of expertise in creating such masterpieces!<\/p>\n<p><\/p>\n<p>Yi Pin Qian \u2013 Um negociante de pedras preciosas e metais preciosos em Cingapura \u2013 N\u00famero de licen\u00e7a PS20190000031<\/p>\n<p><\/p>\n<p>*Todos os Jadeites comprados de Yi Pin Qian em Cingapura, os clientes podem reservar hor\u00e1rios para polimento ou pequenos reparos por manuseio incorreto - taxas se aplicam e somente para clientes de Yi Pin Qian em Cingapura*<\/p>\n<p><\/p>\n<p><strong>**Tipos de Certificados**<\/strong><\/p>\n<p><\/p>\n<p><strong>NGI (Nan Yang Gemol\u00f3gico)<\/strong><\/p>\n<p>ou <strong>Certificados no exterior <\/strong>(Yi Pin Qian usa apenas certificados aut\u00eanticos de laborat\u00f3rios estrangeiros e tamb\u00e9m controla a qualidade de cada um dos nossos produtos antes de coloc\u00e1-los \u00e0 venda em Cingapura)<\/p>\n<p><\/p>\n<p>Cada produto no TikTok ter\u00e1 o tipo de certificado fornecido indicado na descri\u00e7\u00e3o. Para qualquer cliente que deseje enviar seu pedido para a NGI Singapore, haver\u00e1 um tempo de espera para entrega do pedido estimado em torno de 4 semanas para receber seu pedido. <strong>As solicita\u00e7\u00f5es de relat\u00f3rios da NGI Gemstone precisam ser feitas por mensagem para a loja Yi Pin Qian TikTok.<\/strong> Obrigado, <strong><u>taxas extras se aplicam<\/u><\/strong>.<\/p>\n<p><\/p>\n<p><strong>A jade\u00edta natural n\u00e3o \u00e9 perfeita, apenas um lembrete gentil, nossa jade\u00edta natural, como todas as coisas bonitas da natureza, vem com suas caracter\u00edsticas e varia\u00e7\u00f5es \u00fanicas. Convidamos nossos valiosos clientes a abra\u00e7ar essas varia\u00e7\u00f5es naturais. Boas compras!<\/strong><\/p>\n<p><\/p>\n<p><strong><u>Nenhuma das fotos e filmagens de v\u00eddeo foram filtradas. Incentivamos nossos clientes a tamb\u00e9m assistirem aos v\u00eddeos que os acompanham para uma vis\u00e3o mais abrangente de nossos produtos<\/u><\/strong><\/p>\n<p><\/p>\n<p>.<\/p>","protected":false},"excerpt":{"rendered":"<p>This Semi Icy Translucent Natural Type A Jadeite Pendant with Fubei crafted intricately is an exquisite piece of jewelry accessory, perfect for daily wear and casual occasions. Certificate numbers: 90159011532 Jade Type: Jadeite Weight: 9.97 grams Measurement: 34.9 * 25 * 7 mm (pendant195) Jade Color: Semi Icy Translucent Natural Certificate included. The pendant with [&hellip;]<\/p>","protected":false},"featured_media":7858,"comment_status":"open","ping_status":"closed","template":"","meta":[],"product_brand":[],"product_cat":[194],"product_tag":[],"class_list":{"0":"post-1779","1":"product","2":"type-product","3":"status-publish","4":"has-post-thumbnail","6":"product_cat-value-picks","8":"first","9":"instock","10":"sale","11":"shipping-taxable","12":"purchasable","13":"product-type-simple"},"_links":{"self":[{"href":"https:\/\/shop.yipinqian.com\/pt\/wp-json\/wp\/v2\/product\/1779","targetHints":{"allow":["GET"]}}],"collection":[{"href":"https:\/\/shop.yipinqian.com\/pt\/wp-json\/wp\/v2\/product"}],"about":[{"href":"https:\/\/shop.yipinqian.com\/pt\/wp-json\/wp\/v2\/types\/product"}],"replies":[{"embeddable":true,"href":"https:\/\/shop.yipinqian.com\/pt\/wp-json\/wp\/v2\/comments?post=1779"}],"version-history":[{"count":0,"href":"https:\/\/shop.yipinqian.com\/pt\/wp-json\/wp\/v2\/product\/1779\/revisions"}],"wp:featuredmedia":[{"embeddable":true,"href":"https:\/\/shop.yipinqian.com\/pt\/wp-json\/wp\/v2\/media\/7858"}],"wp:attachment":[{"href":"https:\/\/shop.yipinqian.com\/pt\/wp-json\/wp\/v2\/media?parent=1779"}],"wp:term":[{"taxonomy":"product_brand","embeddable":true,"href":"https:\/\/shop.yipinqian.com\/pt\/wp-json\/wp\/v2\/product_brand?post=1779"},{"taxonomy":"product_cat","embeddable":true,"href":"https:\/\/shop.yipinqian.com\/pt\/wp-json\/wp\/v2\/product_cat?post=1779"},{"taxonomy":"product_tag","embeddable":true,"href":"https:\/\/shop.yipinqian.com\/pt\/wp-json\/wp\/v2\/product_tag?post=1779"}],"curies":[{"name":"wp","href":"https:\/\/api.w.org\/{rel}","templated":true}]}}