{"id":1776,"date":"2024-10-24T23:22:20","date_gmt":"2024-10-24T15:22:20","guid":{"rendered":"https:\/\/shop.yipinqian.com\/product\/semi-icy-rare-yellow-and-green-natural-type-a-jadeite-jade-crafted-as-ruyi-musical-instrument-pipa-as-pendant-with-certificate-weigh-9-08-grams-measurement-45-3-18-7-6-6-mm-pendant226\/"},"modified":"2025-02-24T00:49:51","modified_gmt":"2025-02-23T16:49:51","slug":"semi-icy-rare-yellow-and-green-natural-type-a-jadeite-jade-crafted-as-ruyi-musical-instrument-pipa-as-pendant-with-certificate-weigh-9-08-grams-measurement-45-3-18-7-6-6-mm-pendant226","status":"publish","type":"product","link":"https:\/\/shop.yipinqian.com\/pt\/produto\/semi-icy-rare-yellow-and-green-natural-type-a-jadeite-jade-crafted-as-ruyi-musical-instrument-pipa-as-pendant-with-certificate-weigh-9-08-grams-measurement-45-3-18-7-6-6-mm-pendant226\/","title":{"rendered":"Jade\u00edte natural semi-gelada rara amarela e verde tipo A, trabalhada como instrumento musical Ruyi pipa como pingente com certificado, pesa 9,08 gramas, medindo 45,3 * 18,7 * 6,6 mm (pendant226)"},"content":{"rendered":"<p>Este pingente de jade\u00edta natural tipo A, amarelo e verde raro, semi-gelo, feito como um instrumento musical Ruyi pipa, \u00e9 um acess\u00f3rio de joalheria \u00fanico e deslumbrante.<\/p>\n<p><\/p>\n<p>N\u00fameros de certificado: 920660019221<\/p>\n<ul>\n<li>\n<strong>Design ex\u00f3tico:<\/strong> Feito no formato do instrumento musical Ruyi pipa, este pingente \u00e9 uma mistura perfeita de tradi\u00e7\u00e3o e eleg\u00e2ncia. A combina\u00e7\u00e3o de jade\u00edte natural amarela e verde acrescenta beleza.<\/li>\n<li>\n<strong>Qualidade Premium:<\/strong> O pingente mede 45,3 * 18,7 * 6,6 mm (pendant226) com um peso de 9,08 gramas, o que o torna f\u00e1cil de usar no dia a dia.<\/li>\n<li>\n<strong>Certificado inclu\u00eddo:<\/strong> Esta pe\u00e7a deslumbrante vem com um certificado que a verifica como Jade\u00edta Natural Semi Gelada, Amarela e Verde Rara, Tipo A, de Mianmar.<\/li>\n<\/ul>\n<p>Este estilo de colar unissex pode ser usado em qualquer ocasi\u00e3o di\u00e1ria sem complica\u00e7\u00f5es, o que o torna incrivelmente vers\u00e1til em seu uso.<\/p>\n<p><\/p>\n<ul>\n<li>\n<strong>Tipo de Jade: <\/strong>Jade\u00edta<\/li>\n<li>\n<strong>Ocasi\u00e3o: <\/strong>Di\u00e1rio<\/li>\n<\/ul>\n<p>Adicione este acess\u00f3rio de joia exclusivo \u00e0 sua cole\u00e7\u00e3o para um toque ex\u00f3tico!<\/p>\n<p><\/p>\n<p><strong>A jade\u00edta natural n\u00e3o \u00e9 perfeita, apenas um lembrete gentil, nossa jade\u00edta natural, como todas as coisas bonitas da natureza, vem com suas caracter\u00edsticas e varia\u00e7\u00f5es \u00fanicas. Convidamos nossos valiosos clientes a abra\u00e7ar essas varia\u00e7\u00f5es naturais. Boas compras!<\/strong><\/p>\n<p><\/p>\n<p><strong><u>Nenhuma das fotos e filmagens de v\u00eddeo foram filtradas. Incentivamos nossos clientes a tamb\u00e9m assistirem aos v\u00eddeos que os acompanham para uma vis\u00e3o mais abrangente de nossos produtos<\/u><\/strong><\/p>","protected":false},"excerpt":{"rendered":"<p>Este pingente de Jade\u00edta Natural Tipo A Amarelo e Verde Raro Semi Gelado, trabalhado como pipa de instrumento musical Ruyi, \u00e9 um acess\u00f3rio de joalheria \u00fanico e deslumbrante. N\u00fameros de certificado: 920660019221 Design Ex\u00f3tico: Feito no formato de pipa de instrumento musical Ruyi, este pingente \u00e9 uma mistura perfeita de tradi\u00e7\u00e3o e eleg\u00e2ncia. A combina\u00e7\u00e3o de amarelo e [\u2026]<\/p>","protected":false},"featured_media":7850,"comment_status":"open","ping_status":"closed","template":"","meta":[],"product_brand":[],"product_cat":[194],"product_tag":[],"class_list":{"0":"post-1776","1":"product","2":"type-product","3":"status-publish","4":"has-post-thumbnail","6":"product_cat-value-picks","8":"first","9":"instock","10":"sale","11":"shipping-taxable","12":"purchasable","13":"product-type-simple"},"_links":{"self":[{"href":"https:\/\/shop.yipinqian.com\/pt\/wp-json\/wp\/v2\/product\/1776","targetHints":{"allow":["GET"]}}],"collection":[{"href":"https:\/\/shop.yipinqian.com\/pt\/wp-json\/wp\/v2\/product"}],"about":[{"href":"https:\/\/shop.yipinqian.com\/pt\/wp-json\/wp\/v2\/types\/product"}],"replies":[{"embeddable":true,"href":"https:\/\/shop.yipinqian.com\/pt\/wp-json\/wp\/v2\/comments?post=1776"}],"version-history":[{"count":0,"href":"https:\/\/shop.yipinqian.com\/pt\/wp-json\/wp\/v2\/product\/1776\/revisions"}],"wp:featuredmedia":[{"embeddable":true,"href":"https:\/\/shop.yipinqian.com\/pt\/wp-json\/wp\/v2\/media\/7850"}],"wp:attachment":[{"href":"https:\/\/shop.yipinqian.com\/pt\/wp-json\/wp\/v2\/media?parent=1776"}],"wp:term":[{"taxonomy":"product_brand","embeddable":true,"href":"https:\/\/shop.yipinqian.com\/pt\/wp-json\/wp\/v2\/product_brand?post=1776"},{"taxonomy":"product_cat","embeddable":true,"href":"https:\/\/shop.yipinqian.com\/pt\/wp-json\/wp\/v2\/product_cat?post=1776"},{"taxonomy":"product_tag","embeddable":true,"href":"https:\/\/shop.yipinqian.com\/pt\/wp-json\/wp\/v2\/product_tag?post=1776"}],"curies":[{"name":"wp","href":"https:\/\/api.w.org\/{rel}","templated":true}]}}