{"id":1774,"date":"2024-10-24T23:22:19","date_gmt":"2024-10-24T15:22:19","guid":{"rendered":"https:\/\/shop.yipinqian.com\/product\/semi-icy-rare-old-school-natural-type-a-jadeite-jade-pendant-necklace-crafted-as-manjushri-bodhisattva-without-mount-with-certificate-weigh-25-28-grams-58-33-2-7-3-mm-pendant167\/"},"modified":"2025-02-17T00:04:16","modified_gmt":"2025-02-16T16:04:16","slug":"semi-icy-rare-old-school-natural-type-a-jadeite-jade-pendant-necklace-crafted-as-manjushri-bodhisattva-without-mount-with-certificate-weigh-25-28-grams-58-33-2-7-3-mm-pendant167","status":"publish","type":"product","link":"https:\/\/shop.yipinqian.com\/pt\/produto\/semi-icy-rare-old-school-natural-type-a-jadeite-jade-pendant-necklace-crafted-as-manjushri-bodhisattva-without-mount-with-certificate-weigh-25-28-grams-58-33-2-7-3-mm-pendant167\/","title":{"rendered":"Semi Icy Rare Old School Natural Type A Jadeite Jade Pendant Necklace crafted as Manjushri Bodhisattva without Mount with certificate weigh 25.28 grams, 58 * 33.2 * 7.3 mm (pendant167)"},"content":{"rendered":"<p>This Semi Icy Rare Old School Natural Type A Jadeite Jade Pendant Necklace is a stunning piece crafted as Manjushri Bodhisattva without Mount. With a weight of 25.28 grams and dimensions of <strong>58 * 33.2 * 7.3 mm<\/strong>, it&#8217;s both elegant and unique.<\/p>\n<p>N\u00fameros de certificado: <strong>920770039706<\/strong><\/p>\n<p>Principais caracter\u00edsticas:<\/p>\n<ul>\n<li>Handcrafted as Manjushri Bodhisattva without Mount<\/li>\n<li>Semi Icy Rare Old School Natural Type A Jadeite Jade<\/li>\n<li>Comes with certificate,<\/li>\n<li>Pa\u00eds de origem: Myanmar<\/li>\n<li>Unisex design, Necklace Style: Casual<\/li>\n<li>Auspicious Occasion for wearing this necklace.<\/li>\n<li>This pendant necklace is made from high-quality natural jadeite jade and is perfect for both casual and auspicious occasions.<\/li>\n<\/ul>\n<p>The unisex design makes it suitable for anyone to wear. Crafted as Manjushri Bodhisattva without Mount, this pendant necklace has a unique artistic touch that makes it stand out from the rest. It&#8217;s also semi-icy rare old school natural type A jadeite jade that adds to its beauty.<\/p>\n<p>You can rest assured that you&#8217;re getting an authentic piece as this pendant necklace comes with a certificate of authenticity from Myanmar &#8211; the country of origin.<\/p>\n<p>Yi Pin Qian \u2013 Um negociante de pedras preciosas e metais preciosos em Cingapura \u2013 N\u00famero de licen\u00e7a PS20190000031<\/p>\n<p>*Todos os Jadeites comprados de Yi Pin Qian em Cingapura, os clientes podem reservar hor\u00e1rios para polimento ou pequenos reparos por manuseio incorreto - taxas se aplicam e somente para clientes de Yi Pin Qian em Cingapura*<\/p>\n<p><strong>**Tipos de Certificados**<\/strong><\/p>\n<p><strong>NGI (Nan Yang Gemol\u00f3gico)<\/strong><\/p>\n<p>ou <strong>Certificados no exterior <\/strong>(Yi Pin Qian usa apenas certificados aut\u00eanticos de laborat\u00f3rios estrangeiros e tamb\u00e9m controla a qualidade de cada um dos nossos produtos antes de coloc\u00e1-los \u00e0 venda em Cingapura)<\/p>\n<p>Cada produto no TikTok ter\u00e1 o tipo de certificado fornecido indicado na descri\u00e7\u00e3o. Para qualquer cliente que deseje enviar seu pedido para a NGI Singapore, haver\u00e1 um tempo de espera para entrega do pedido estimado em torno de 4 semanas para receber seu pedido. <strong>As solicita\u00e7\u00f5es de relat\u00f3rios da NGI Gemstone precisam ser feitas por mensagem para a loja Yi Pin Qian TikTok.<\/strong> Obrigado, <strong><u>taxas extras se aplicam<\/u><\/strong>.<\/p>\n<p><strong>A jade\u00edta natural n\u00e3o \u00e9 perfeita, apenas um lembrete gentil, nossa jade\u00edta natural, como todas as coisas bonitas da natureza, vem com suas caracter\u00edsticas e varia\u00e7\u00f5es \u00fanicas. Convidamos nossos valiosos clientes a abra\u00e7ar essas varia\u00e7\u00f5es naturais. Boas compras!<\/strong><\/p>\n<p><strong><u>Nenhuma das fotos e filmagens de v\u00eddeo foram filtradas. Incentivamos nossos clientes a tamb\u00e9m assistirem aos v\u00eddeos que os acompanham para uma vis\u00e3o mais abrangente de nossos produtos<\/u><\/strong><\/p>","protected":false},"excerpt":{"rendered":"<p>Este colar com pingente de jade\u00edte natural tipo A semi-gelo raro da velha escola \u00e9 uma pe\u00e7a impressionante criada como Manjushri Bodhisattva sem suporte. Com um peso de 25,28 gramas e dimens\u00f5es de 58 * 33,2 * 7,3 mm, \u00e9 elegante e \u00fanico. N\u00fameros de certificado: 920770039706 Principais caracter\u00edsticas: Feito \u00e0 m\u00e3o como Manjushri Bodhisattva sem suporte Semi [\u2026]<\/p>","protected":false},"featured_media":7842,"comment_status":"open","ping_status":"closed","template":"","meta":[],"product_brand":[],"product_cat":[48],"product_tag":[],"class_list":{"0":"post-1774","1":"product","2":"type-product","3":"status-publish","4":"has-post-thumbnail","6":"product_cat-pendants","8":"first","9":"instock","10":"sale","11":"shipping-taxable","12":"purchasable","13":"product-type-simple"},"_links":{"self":[{"href":"https:\/\/shop.yipinqian.com\/pt\/wp-json\/wp\/v2\/product\/1774","targetHints":{"allow":["GET"]}}],"collection":[{"href":"https:\/\/shop.yipinqian.com\/pt\/wp-json\/wp\/v2\/product"}],"about":[{"href":"https:\/\/shop.yipinqian.com\/pt\/wp-json\/wp\/v2\/types\/product"}],"replies":[{"embeddable":true,"href":"https:\/\/shop.yipinqian.com\/pt\/wp-json\/wp\/v2\/comments?post=1774"}],"version-history":[{"count":0,"href":"https:\/\/shop.yipinqian.com\/pt\/wp-json\/wp\/v2\/product\/1774\/revisions"}],"wp:featuredmedia":[{"embeddable":true,"href":"https:\/\/shop.yipinqian.com\/pt\/wp-json\/wp\/v2\/media\/7842"}],"wp:attachment":[{"href":"https:\/\/shop.yipinqian.com\/pt\/wp-json\/wp\/v2\/media?parent=1774"}],"wp:term":[{"taxonomy":"product_brand","embeddable":true,"href":"https:\/\/shop.yipinqian.com\/pt\/wp-json\/wp\/v2\/product_brand?post=1774"},{"taxonomy":"product_cat","embeddable":true,"href":"https:\/\/shop.yipinqian.com\/pt\/wp-json\/wp\/v2\/product_cat?post=1774"},{"taxonomy":"product_tag","embeddable":true,"href":"https:\/\/shop.yipinqian.com\/pt\/wp-json\/wp\/v2\/product_tag?post=1774"}],"curies":[{"name":"wp","href":"https:\/\/api.w.org\/{rel}","templated":true}]}}