{"id":1773,"date":"2024-10-24T23:22:19","date_gmt":"2024-10-24T15:22:19","guid":{"rendered":"https:\/\/shop.yipinqian.com\/product\/semi-icy-quality-natural-type-a-jadeite-jade-crafted-as-pixiu-set-with-18k-gold-clasp-as-pendant-with-certificate-weigh-6-76-grams-measurement-26-7-13-7-10-2-mm-18kp33\/"},"modified":"2025-02-24T00:49:51","modified_gmt":"2025-02-23T16:49:51","slug":"semi-icy-quality-natural-type-a-jadeite-jade-crafted-as-pixiu-set-with-18k-gold-clasp-as-pendant-with-certificate-weigh-6-76-grams-measurement-26-7-13-7-10-2-mm-18kp33","status":"publish","type":"product","link":"https:\/\/shop.yipinqian.com\/pt\/produto\/semi-icy-quality-natural-type-a-jadeite-jade-crafted-as-pixiu-set-with-18k-gold-clasp-as-pendant-with-certificate-weigh-6-76-grams-measurement-26-7-13-7-10-2-mm-18kp33\/","title":{"rendered":"Jade\u00edta natural tipo A de qualidade semi-gelo, trabalhada como Pixiu, com fecho de ouro 18k como pingente com certificado, pesando 6,76 gramas, medindo 26,7 * 13,7 * 10,2 mm (18kp33)"},"content":{"rendered":"<p>Eleve seu estilo com este requintado pingente de Jade\u00edte Pixiu de Jade Natural Tipo A de Qualidade Semi Gelada com fecho de ouro 18k. Pesando <strong>6,76 gramas<\/strong> e medindo em <strong>26,7 * 13,7 * 10,2 mil\u00edmetros<\/strong>, este pingente \u00e9 um acess\u00f3rio de joia deslumbrante que ser\u00e1 um complemento perfeito para sua cole\u00e7\u00e3o.<\/p>\n<p><\/p>\n<p>Nota: Esta jade\u00edta pixiu tem uma base verde muito clara, embora n\u00e3o seja muito vis\u00edvel, uma boa compra, pois a qualidade \u00e9 boa<\/p>\n<p><\/p>\n<p>Fecho de ouro 18k pesa 0,408 gramas<\/p>\n<p>N\u00fameros de certificado: GD2111H006114<\/p>\n<p><\/p>\n<ul>\n<li>\n<strong>Jade\u00edta natural tipo A:<\/strong> Feito de jade\u00edta natural Tipo A de alta qualidade, este pingente exala eleg\u00e2ncia e sofistica\u00e7\u00e3o.<\/li>\n<li>\n<strong>Fecho de ouro 18k:<\/strong> O Pixiu \u00e9 equipado com um fecho dur\u00e1vel e luxuoso em ouro PT\/Quilates que acrescenta beleza ao design.<\/li>\n<li>\n<strong>Certificado inclu\u00eddo:<\/strong> Com um certificado de autenticidade inclu\u00eddo, voc\u00ea pode ter certeza de que est\u00e1 adquirindo jade\u00edta genu\u00edna de Mianmar.<\/li>\n<\/ul>\n<p>Este colar unissex \u00e9 um excelente presente para qualquer ocasi\u00e3o, seja ela auspiciosa ou n\u00e3o! Embora n\u00e3o venha com nenhuma garantia, voc\u00ea pode ficar tranquilo sabendo que esta pe\u00e7a \u00e9 feita para durar por muitos anos!<\/p>\n<p><\/p>\n<p>Yi Pin Qian \u2013 Um negociante de pedras preciosas e metais preciosos em Cingapura \u2013 N\u00famero de licen\u00e7a PS20190000031<\/p>\n<p><\/p>\n<p>*Todos os Jadeites comprados de Yi Pin Qian em Cingapura, os clientes podem reservar hor\u00e1rios para polimento ou pequenos reparos por manuseio incorreto - taxas se aplicam e somente para clientes de Yi Pin Qian em Cingapura*<\/p>\n<p><\/p>\n<p><strong>**Tipos de Certificados**<\/strong><\/p>\n<p><\/p>\n<p><strong>NGI (Nan Yang Gemol\u00f3gico)<\/strong><\/p>\n<p>ou <strong>Certificados no exterior <\/strong>(Yi Pin Qian usa apenas certificados aut\u00eanticos de laborat\u00f3rios estrangeiros e tamb\u00e9m controla a qualidade de cada um dos nossos produtos antes de coloc\u00e1-los \u00e0 venda em Cingapura)<\/p>\n<p><\/p>\n<p>Cada produto no TikTok ter\u00e1 o tipo de certificado fornecido indicado na descri\u00e7\u00e3o. Para qualquer cliente que deseje enviar seu pedido para a NGI Singapore, haver\u00e1 um tempo de espera para entrega do pedido estimado em torno de 4 semanas para receber seu pedido. <strong>As solicita\u00e7\u00f5es de relat\u00f3rios da NGI Gemstone precisam ser feitas por mensagem para a loja Yi Pin Qian TikTok.<\/strong> Obrigado, <strong><u>taxas extras se aplicam<\/u><\/strong>.<\/p>\n<p><\/p>\n<p><strong>A jade\u00edta natural n\u00e3o \u00e9 perfeita, apenas um lembrete gentil, nossa jade\u00edta natural, como todas as coisas bonitas da natureza, vem com suas caracter\u00edsticas e varia\u00e7\u00f5es \u00fanicas. Convidamos nossos valiosos clientes a abra\u00e7ar essas varia\u00e7\u00f5es naturais. Boas compras!<\/strong><\/p>\n<p><\/p>\n<p><strong><u>Nenhuma das fotos e filmagens de v\u00eddeo foram filtradas. Incentivamos nossos clientes a tamb\u00e9m assistirem aos v\u00eddeos que os acompanham para uma vis\u00e3o mais abrangente de nossos produtos<\/u><\/strong><\/p>","protected":false},"excerpt":{"rendered":"<p>Eleve seu estilo com este requintado pingente de Jade\u00edta Natural Tipo A de Qualidade Semi Gelada Pixiu com fecho de ouro 18k. Pesando 6,76 gramas e medindo 26,7 * 13,7 * 10,2 mm, este pingente \u00e9 um acess\u00f3rio de joia deslumbrante que ser\u00e1 uma adi\u00e7\u00e3o perfeita \u00e0 sua cole\u00e7\u00e3o. Nota: Esta jade\u00edta pixiu tem um [\u2026]<\/p>","protected":false},"featured_media":7825,"comment_status":"open","ping_status":"closed","template":"","meta":[],"product_brand":[],"product_cat":[194],"product_tag":[],"class_list":{"0":"post-1773","1":"product","2":"type-product","3":"status-publish","4":"has-post-thumbnail","6":"product_cat-value-picks","8":"first","9":"instock","10":"sale","11":"shipping-taxable","12":"purchasable","13":"product-type-simple"},"_links":{"self":[{"href":"https:\/\/shop.yipinqian.com\/pt\/wp-json\/wp\/v2\/product\/1773","targetHints":{"allow":["GET"]}}],"collection":[{"href":"https:\/\/shop.yipinqian.com\/pt\/wp-json\/wp\/v2\/product"}],"about":[{"href":"https:\/\/shop.yipinqian.com\/pt\/wp-json\/wp\/v2\/types\/product"}],"replies":[{"embeddable":true,"href":"https:\/\/shop.yipinqian.com\/pt\/wp-json\/wp\/v2\/comments?post=1773"}],"version-history":[{"count":0,"href":"https:\/\/shop.yipinqian.com\/pt\/wp-json\/wp\/v2\/product\/1773\/revisions"}],"wp:featuredmedia":[{"embeddable":true,"href":"https:\/\/shop.yipinqian.com\/pt\/wp-json\/wp\/v2\/media\/7825"}],"wp:attachment":[{"href":"https:\/\/shop.yipinqian.com\/pt\/wp-json\/wp\/v2\/media?parent=1773"}],"wp:term":[{"taxonomy":"product_brand","embeddable":true,"href":"https:\/\/shop.yipinqian.com\/pt\/wp-json\/wp\/v2\/product_brand?post=1773"},{"taxonomy":"product_cat","embeddable":true,"href":"https:\/\/shop.yipinqian.com\/pt\/wp-json\/wp\/v2\/product_cat?post=1773"},{"taxonomy":"product_tag","embeddable":true,"href":"https:\/\/shop.yipinqian.com\/pt\/wp-json\/wp\/v2\/product_tag?post=1773"}],"curies":[{"name":"wp","href":"https:\/\/api.w.org\/{rel}","templated":true}]}}