{"id":1766,"date":"2024-10-24T23:22:15","date_gmt":"2024-10-24T15:22:15","guid":{"rendered":"https:\/\/shop.yipinqian.com\/product\/semi-icy-natural-type-a-jadeite-jade-with-green-crafted-as-chinese-cabbage-pendant-with-certificate-weigh-21-33-grams-measurement-47-25-12-mm-pendant197\/"},"modified":"2025-02-17T00:04:16","modified_gmt":"2025-02-16T16:04:16","slug":"semi-icy-natural-type-a-jadeite-jade-with-green-crafted-as-chinese-cabbage-pendant-with-certificate-weigh-21-33-grams-measurement-47-25-12-mm-pendant197","status":"publish","type":"product","link":"https:\/\/shop.yipinqian.com\/pt\/produto\/semi-icy-natural-type-a-jadeite-jade-with-green-crafted-as-chinese-cabbage-pendant-with-certificate-weigh-21-33-grams-measurement-47-25-12-mm-pendant197\/","title":{"rendered":"Jade\u00edte natural semi-gelada tipo A com pingente verde feito de repolho chin\u00eas, com certificado pesando 21,33 gramas, medindo 47 * 25 * 12 mm (pendant197)"},"content":{"rendered":"<p>Este pingente de Jade\u00edte Natural Semi Icy Tipo A pesa 21,33 gramas e mede 47 * 25 * 12 mm. Ele \u00e9 trabalhado como um Pingente de Repolho Chin\u00eas, com um lindo tom verde que certamente chamar\u00e1 a aten\u00e7\u00e3o.<\/p>\n<p><\/p>\n<p><strong>N\u00fameros de certificado: GD2204H0002646<\/strong><\/p>\n<ul>\n<li>\n<strong>Tipo de Jade:<\/strong> Jade\u00edta<\/li>\n<li>\n<strong>Estilo de colar:<\/strong> Casual<\/li>\n<li>\n<strong>Certificado:<\/strong> Sim<\/li>\n<li>\n<strong>Pa\u00eds de origem:<\/strong> Mianmar<\/li>\n<li>\n<strong>Ocasi\u00e3o:<\/strong>Di\u00e1rio<\/li>\n<\/ul>\n<p>Este pingente vem com um certificado, garantindo sua autenticidade e qualidade. Seu estilo casual de colar o torna perfeito para uso di\u00e1rio, tanto para homens quanto para mulheres.<\/p>\n<p>O jade natural semi-gelado acrescenta charme \u00e0 pe\u00e7a, enquanto o design do repolho chin\u00eas acrescenta personalidade e exclusividade.<\/p>\n<p>Adicione este lindo pingente de repolho de jade natural semi-gelo \u00e0 sua cole\u00e7\u00e3o de joias hoje mesmo.<\/p>\n<p><\/p>\n<p>Yi Pin Qian \u2013 Um negociante de pedras preciosas e metais preciosos em Cingapura \u2013 N\u00famero de licen\u00e7a PS20190000031<\/p>\n<p><\/p>\n<p>*Todos os Jadeites comprados de Yi Pin Qian em Cingapura, os clientes podem reservar hor\u00e1rios para polimento ou pequenos reparos por manuseio incorreto - taxas se aplicam e somente para clientes de Yi Pin Qian em Cingapura*<\/p>\n<p><\/p>\n<p><strong>**Tipos de Certificados**<\/strong><\/p>\n<p><\/p>\n<p><strong>NGI (Nan Yang Gemol\u00f3gico)<\/strong><\/p>\n<p>ou <strong>Certificados no exterior <\/strong>(Yi Pin Qian usa apenas certificados aut\u00eanticos de laborat\u00f3rios estrangeiros e tamb\u00e9m controla a qualidade de cada um dos nossos produtos antes de coloc\u00e1-los \u00e0 venda em Cingapura)<\/p>\n<p><\/p>\n<p>Cada produto no TikTok ter\u00e1 o tipo de certificado fornecido indicado na descri\u00e7\u00e3o. Para qualquer cliente que deseje enviar seu pedido para a NGI Singapore, haver\u00e1 um tempo de espera para entrega do pedido estimado em torno de 4 semanas para receber seu pedido. <strong>As solicita\u00e7\u00f5es de relat\u00f3rios da NGI Gemstone precisam ser feitas por mensagem para a loja Yi Pin Qian TikTok.<\/strong> Obrigado, <strong><u>taxas extras se aplicam<\/u><\/strong>.<\/p>\n<p><\/p>\n<p><strong>A jade\u00edta natural n\u00e3o \u00e9 perfeita, apenas um lembrete gentil, nossa jade\u00edta natural, como todas as coisas bonitas da natureza, vem com suas caracter\u00edsticas e varia\u00e7\u00f5es \u00fanicas. Convidamos nossos valiosos clientes a abra\u00e7ar essas varia\u00e7\u00f5es naturais. Boas compras!<\/strong><\/p>\n<p><\/p>\n<p><strong><u>Nenhuma das fotos e filmagens de v\u00eddeo foram filtradas. Incentivamos nossos clientes a tamb\u00e9m assistirem aos v\u00eddeos que os acompanham para uma vis\u00e3o mais abrangente de nossos produtos<\/u><\/strong><\/p>","protected":false},"excerpt":{"rendered":"<p>This Semi Icy Natural Type A Jadeite Jade pendant weighs 21.33 grams and measures 47 * 25 * 12 mm. It is crafted as a Chinese Cabbage Pendant, with a beautiful green hue that is sure to catch the eye. Certificate numbers: GD2204H0002646 Jade Type: Jadeite Necklace Style: Casual Certificate: Yes Country of Origin: Myanmar [&hellip;]<\/p>","protected":false},"featured_media":7777,"comment_status":"open","ping_status":"closed","template":"","meta":[],"product_brand":[],"product_cat":[48],"product_tag":[],"class_list":{"0":"post-1766","1":"product","2":"type-product","3":"status-publish","4":"has-post-thumbnail","6":"product_cat-pendants","8":"first","9":"instock","10":"sale","11":"shipping-taxable","12":"purchasable","13":"product-type-simple"},"_links":{"self":[{"href":"https:\/\/shop.yipinqian.com\/pt\/wp-json\/wp\/v2\/product\/1766","targetHints":{"allow":["GET"]}}],"collection":[{"href":"https:\/\/shop.yipinqian.com\/pt\/wp-json\/wp\/v2\/product"}],"about":[{"href":"https:\/\/shop.yipinqian.com\/pt\/wp-json\/wp\/v2\/types\/product"}],"replies":[{"embeddable":true,"href":"https:\/\/shop.yipinqian.com\/pt\/wp-json\/wp\/v2\/comments?post=1766"}],"version-history":[{"count":0,"href":"https:\/\/shop.yipinqian.com\/pt\/wp-json\/wp\/v2\/product\/1766\/revisions"}],"wp:featuredmedia":[{"embeddable":true,"href":"https:\/\/shop.yipinqian.com\/pt\/wp-json\/wp\/v2\/media\/7777"}],"wp:attachment":[{"href":"https:\/\/shop.yipinqian.com\/pt\/wp-json\/wp\/v2\/media?parent=1766"}],"wp:term":[{"taxonomy":"product_brand","embeddable":true,"href":"https:\/\/shop.yipinqian.com\/pt\/wp-json\/wp\/v2\/product_brand?post=1766"},{"taxonomy":"product_cat","embeddable":true,"href":"https:\/\/shop.yipinqian.com\/pt\/wp-json\/wp\/v2\/product_cat?post=1766"},{"taxonomy":"product_tag","embeddable":true,"href":"https:\/\/shop.yipinqian.com\/pt\/wp-json\/wp\/v2\/product_tag?post=1766"}],"curies":[{"name":"wp","href":"https:\/\/api.w.org\/{rel}","templated":true}]}}