{"id":1764,"date":"2024-10-24T23:22:14","date_gmt":"2024-10-24T15:22:14","guid":{"rendered":"https:\/\/shop.yipinqian.com\/product\/semi-icy-milo-buddha-natural-type-a-jadeite-pendant-with-certificate-weighs-13-87-grams-44-2-26-5-8-1-mm-milo-represent-the-strength-that-can-tolerate-the-things-of-the-world-represents-the-mind-that\/"},"modified":"2025-02-24T00:49:52","modified_gmt":"2025-02-23T16:49:52","slug":"semi-icy-milo-buddha-natural-type-a-jadeite-pendant-with-certificate-weighs-13-87-grams-44-2-26-5-8-1-mm-milo-represent-the-strength-that-can-tolerate-the-things-of-the-world-represents-the-mind-that","status":"publish","type":"product","link":"https:\/\/shop.yipinqian.com\/pt\/produto\/semi-icy-milo-buddha-natural-type-a-jadeite-pendant-with-certificate-weighs-13-87-grams-44-2-26-5-8-1-mm-milo-represent-the-strength-that-can-tolerate-the-things-of-the-world-represents-the-mind-that\/","title":{"rendered":"Semi Icy Milo Buddha Natural Type A Jadeite Pendant with certificate weighs 13.87 grams, 44.2 * 26.5 * 8.1 mm, milo represent The strength that can tolerate the things of the world represents the mind that can solve a thousand sorrows (pendant85)"},"content":{"rendered":"<p>This Semi Icy Milo Buddha Natural Type A Jadeite Pendant is a beautiful addition to any jewelry collection. It comes with a certificate and weighs 13.87 grams with dimensions of 44.2 * 26.5 * 8.1 mm, making it the perfect size for everyday wear.<\/p>\n<ul>\n<li>\n<strong>Strength and Mind:<\/strong> The milo design on this pendant represents strength that can tolerate the things of the world, while also representing a mind that can solve a thousand sorrows.<\/li>\n<li>\n<strong>Jade\u00edta:<\/strong> Made from Type A Jadeite, this pendant is not only beautiful but also durable.<\/li>\n<li>\n<strong>Estilo casual:<\/strong> The necklace style of this pendant is casual, making it perfect for daily wear or to add an elegant touch to any outfit.<\/li>\n<\/ul>\n<p>This Pendant originates from Myanmar and makes for an excellent unisex daily accessory that represents both strength and mindfulness in one beautifully crafted piece of jewelry!<\/p>\n<p>\u00a0<\/p>\n<p><strong>Certificate numbers: GD2106H016350<\/strong><\/p>\n<p><img fetchpriority=\"high\" decoding=\"async\" height=\"1080\" src=\"https:\/\/shop.yipinqian.com\/wp-content\/uploads\/2024\/10\/3eaf8f0a736fdcae5281316634001ee2.jpg?from=476444299\" width=\"1080\"><img decoding=\"async\" height=\"1080\" src=\"https:\/\/shop.yipinqian.com\/wp-content\/uploads\/2024\/10\/83b130aa3d85bff4f0d011e4a34ff1b1.jpg?from=476444299\" width=\"1080\"><\/p>\n<p>Yi Pin Qian \u2013 Um negociante de pedras preciosas e metais preciosos em Cingapura \u2013 N\u00famero de licen\u00e7a PS20190000031<\/p>\n<p>\u00a0<\/p>\n<p>*Todos os Jadeites comprados de Yi Pin Qian em Cingapura, os clientes podem reservar hor\u00e1rios para polimento ou pequenos reparos por manuseio incorreto - taxas se aplicam e somente para clientes de Yi Pin Qian em Cingapura*<\/p>\n<p>\u00a0<\/p>\n<p><strong>**Tipos de Certificados**<\/strong><\/p>\n<p>\u00a0<\/p>\n<p><strong>NGI (Nan Yang Gemol\u00f3gico)<\/strong><\/p>\n<p>ou <strong>Certificados no exterior <\/strong>(Yi Pin Qian usa apenas certificados aut\u00eanticos de laborat\u00f3rios estrangeiros e tamb\u00e9m controla a qualidade de cada um dos nossos produtos antes de coloc\u00e1-los \u00e0 venda em Cingapura)<\/p>\n<p>\u00a0<\/p>\n<p>Cada produto no TikTok ter\u00e1 o tipo de certificado fornecido indicado na descri\u00e7\u00e3o. Para qualquer cliente que deseje enviar seu pedido para a NGI Singapore, haver\u00e1 um tempo de espera para entrega do pedido estimado em torno de 4 semanas para receber seu pedido. <strong>As solicita\u00e7\u00f5es de relat\u00f3rios da NGI Gemstone precisam ser feitas por mensagem para a loja Yi Pin Qian TikTok.<\/strong> Obrigado, <strong><u>taxas extras se aplicam<\/u><\/strong>.<\/p>\n<p>\u00a0<\/p>\n<p><strong>A jade\u00edta natural n\u00e3o \u00e9 perfeita, apenas um lembrete gentil, nossa jade\u00edta natural, como todas as coisas bonitas da natureza, vem com suas caracter\u00edsticas e varia\u00e7\u00f5es \u00fanicas. Convidamos nossos valiosos clientes a abra\u00e7ar essas varia\u00e7\u00f5es naturais. Boas compras!<\/strong><\/p>\n<p>\u00a0<\/p>\n<p><strong><u>Nenhuma das fotos e filmagens de v\u00eddeo foram filtradas. Incentivamos nossos clientes a tamb\u00e9m assistirem aos v\u00eddeos que os acompanham para uma vis\u00e3o mais abrangente de nossos produtos<\/u><\/strong><\/p>","protected":false},"excerpt":{"rendered":"<p>This Semi Icy Milo Buddha Natural Type A Jadeite Pendant is a beautiful addition to any jewelry collection. It comes with a certificate and weighs 13.87 grams with dimensions of 44.2 * 26.5 * 8.1 mm, making it the perfect size for everyday wear. Strength and Mind: The milo design on this pendant represents strength [&hellip;]<\/p>","protected":false},"featured_media":7752,"comment_status":"open","ping_status":"closed","template":"","meta":[],"product_brand":[],"product_cat":[194],"product_tag":[],"class_list":{"0":"post-1764","1":"product","2":"type-product","3":"status-publish","4":"has-post-thumbnail","6":"product_cat-value-picks","8":"first","9":"instock","10":"sale","11":"shipping-taxable","12":"purchasable","13":"product-type-simple"},"_links":{"self":[{"href":"https:\/\/shop.yipinqian.com\/pt\/wp-json\/wp\/v2\/product\/1764","targetHints":{"allow":["GET"]}}],"collection":[{"href":"https:\/\/shop.yipinqian.com\/pt\/wp-json\/wp\/v2\/product"}],"about":[{"href":"https:\/\/shop.yipinqian.com\/pt\/wp-json\/wp\/v2\/types\/product"}],"replies":[{"embeddable":true,"href":"https:\/\/shop.yipinqian.com\/pt\/wp-json\/wp\/v2\/comments?post=1764"}],"version-history":[{"count":0,"href":"https:\/\/shop.yipinqian.com\/pt\/wp-json\/wp\/v2\/product\/1764\/revisions"}],"wp:featuredmedia":[{"embeddable":true,"href":"https:\/\/shop.yipinqian.com\/pt\/wp-json\/wp\/v2\/media\/7752"}],"wp:attachment":[{"href":"https:\/\/shop.yipinqian.com\/pt\/wp-json\/wp\/v2\/media?parent=1764"}],"wp:term":[{"taxonomy":"product_brand","embeddable":true,"href":"https:\/\/shop.yipinqian.com\/pt\/wp-json\/wp\/v2\/product_brand?post=1764"},{"taxonomy":"product_cat","embeddable":true,"href":"https:\/\/shop.yipinqian.com\/pt\/wp-json\/wp\/v2\/product_cat?post=1764"},{"taxonomy":"product_tag","embeddable":true,"href":"https:\/\/shop.yipinqian.com\/pt\/wp-json\/wp\/v2\/product_tag?post=1764"}],"curies":[{"name":"wp","href":"https:\/\/api.w.org\/{rel}","templated":true}]}}