{"id":1762,"date":"2024-10-24T23:22:12","date_gmt":"2024-10-24T15:22:12","guid":{"rendered":"https:\/\/shop.yipinqian.com\/product\/semi-icy-lavender-with-green-natural-type-a-jadeite-jade-crafted-with-bamboo-and-lizard-as-pendant-certificate-weigh-43-34-grams-measurement-64-3-30-5-10-mm-pendant196\/"},"modified":"2025-02-24T01:17:27","modified_gmt":"2025-02-23T17:17:27","slug":"semi-icy-lavender-with-green-natural-type-a-jadeite-jade-crafted-with-bamboo-and-lizard-as-pendant-certificate-weigh-43-34-grams-measurement-64-3-30-5-10-mm-pendant196","status":"publish","type":"product","link":"https:\/\/shop.yipinqian.com\/pt\/produto\/semi-icy-lavender-with-green-natural-type-a-jadeite-jade-crafted-with-bamboo-and-lizard-as-pendant-certificate-weigh-43-34-grams-measurement-64-3-30-5-10-mm-pendant196\/","title":{"rendered":"Semi Icy Lavender with green Natural Type A Jadeite Jade crafted with Bamboo and lizard as Pendant, certificate weigh 43.34 grams, measurement 64.3 * 30.5 * 10 mm (pendant196)"},"content":{"rendered":"<p>This Semi Icy Lavender with green Natural Type A Jadeite Jade Pendant is a stunning addition to any jewelry collection. Measuring 64.3 * 30.5 * 10 mm, it&#8217;s crafted with Bamboo and lizard for a unique and eye-catching design.<\/p>\n<p>\u00a0<\/p>\n<p><strong>Certificate numbers: 920460036863<\/strong><\/p>\n<ul>\n<li>\n<strong>Beautifully Unique:<\/strong> The semi icy lavender and green jadeite jade create a one-of-a-kind color combination that&#8217;s sure to turn heads.<\/li>\n<li>\n<strong>Certificado inclu\u00eddo:<\/strong> This pendant comes with certification, weighing in at 43.34 grams, so you can be sure of its authenticity.<\/li>\n<li>\n<strong>Durable Design:<\/strong> Expertly crafted from high-quality materials, this pendant is built to last, making it the perfect addition to your collection for years to come.<\/li>\n<\/ul>\n<p>Made in Myanmar from natural Type A jadeite, this unisex pendant is perfect for casual wear or as a statement piece on special occasions. With no warranty type specified you can rely on the long-lasting quality of this exquisite piece without worrying about any hidden costs or surprises along the way<\/p>\n<p>\u00a0<\/p>\n<p>Yi Pin Qian \u2013 Um negociante de pedras preciosas e metais preciosos em Cingapura \u2013 N\u00famero de licen\u00e7a PS20190000031<\/p>\n<p>\u00a0<\/p>\n<p>*Todos os Jadeites comprados de Yi Pin Qian em Cingapura, os clientes podem reservar hor\u00e1rios para polimento ou pequenos reparos por manuseio incorreto - taxas se aplicam e somente para clientes de Yi Pin Qian em Cingapura*<\/p>\n<p>\u00a0<\/p>\n<p><strong>**Tipos de Certificados**<\/strong><\/p>\n<p>\u00a0<\/p>\n<p><strong>NGI (Nan Yang Gemol\u00f3gico)<\/strong><\/p>\n<p>ou <strong>Certificados no exterior <\/strong>(Yi Pin Qian usa apenas certificados aut\u00eanticos de laborat\u00f3rios estrangeiros e tamb\u00e9m controla a qualidade de cada um dos nossos produtos antes de coloc\u00e1-los \u00e0 venda em Cingapura)<\/p>\n<p>\u00a0<\/p>\n<p>Cada produto no TikTok ter\u00e1 o tipo de certificado fornecido indicado na descri\u00e7\u00e3o. Para qualquer cliente que deseje enviar seu pedido para a NGI Singapore, haver\u00e1 um tempo de espera para entrega do pedido estimado em torno de 4 semanas para receber seu pedido. <strong>As solicita\u00e7\u00f5es de relat\u00f3rios da NGI Gemstone precisam ser feitas por mensagem para a loja Yi Pin Qian TikTok.<\/strong> Obrigado, <strong><u>taxas extras se aplicam<\/u><\/strong>.<\/p>\n<p>\u00a0<\/p>\n<p><strong>A jade\u00edta natural n\u00e3o \u00e9 perfeita, apenas um lembrete gentil, nossa jade\u00edta natural, como todas as coisas bonitas da natureza, vem com suas caracter\u00edsticas e varia\u00e7\u00f5es \u00fanicas. Convidamos nossos valiosos clientes a abra\u00e7ar essas varia\u00e7\u00f5es naturais. Boas compras!<\/strong><\/p>\n<p>\u00a0<\/p>\n<p><strong><u>Nenhuma das fotos e filmagens de v\u00eddeo foram filtradas. Incentivamos nossos clientes a tamb\u00e9m assistirem aos v\u00eddeos que os acompanham para uma vis\u00e3o mais abrangente de nossos produtos<\/u><\/strong><\/p>\n<p>\u00a0<\/p>\n<p>.<\/p>","protected":false},"excerpt":{"rendered":"<p>This Semi Icy Lavender with green Natural Type A Jadeite Jade Pendant is a stunning addition to any jewelry collection. Measuring 64.3 * 30.5 * 10 mm, it&#8217;s crafted with Bamboo and lizard for a unique and eye-catching design. \u00a0 Certificate numbers: 920460036863 Beautifully Unique: The semi icy lavender and green jadeite jade create a [&hellip;]<\/p>","protected":false},"featured_media":7740,"comment_status":"open","ping_status":"closed","template":"","meta":[],"product_brand":[],"product_cat":[195],"product_tag":[],"class_list":{"0":"post-1762","1":"product","2":"type-product","3":"status-publish","4":"has-post-thumbnail","6":"product_cat-heirloom-grade","8":"first","9":"instock","10":"sale","11":"shipping-taxable","12":"purchasable","13":"product-type-simple"},"_links":{"self":[{"href":"https:\/\/shop.yipinqian.com\/pt\/wp-json\/wp\/v2\/product\/1762","targetHints":{"allow":["GET"]}}],"collection":[{"href":"https:\/\/shop.yipinqian.com\/pt\/wp-json\/wp\/v2\/product"}],"about":[{"href":"https:\/\/shop.yipinqian.com\/pt\/wp-json\/wp\/v2\/types\/product"}],"replies":[{"embeddable":true,"href":"https:\/\/shop.yipinqian.com\/pt\/wp-json\/wp\/v2\/comments?post=1762"}],"version-history":[{"count":0,"href":"https:\/\/shop.yipinqian.com\/pt\/wp-json\/wp\/v2\/product\/1762\/revisions"}],"wp:featuredmedia":[{"embeddable":true,"href":"https:\/\/shop.yipinqian.com\/pt\/wp-json\/wp\/v2\/media\/7740"}],"wp:attachment":[{"href":"https:\/\/shop.yipinqian.com\/pt\/wp-json\/wp\/v2\/media?parent=1762"}],"wp:term":[{"taxonomy":"product_brand","embeddable":true,"href":"https:\/\/shop.yipinqian.com\/pt\/wp-json\/wp\/v2\/product_brand?post=1762"},{"taxonomy":"product_cat","embeddable":true,"href":"https:\/\/shop.yipinqian.com\/pt\/wp-json\/wp\/v2\/product_cat?post=1762"},{"taxonomy":"product_tag","embeddable":true,"href":"https:\/\/shop.yipinqian.com\/pt\/wp-json\/wp\/v2\/product_tag?post=1762"}],"curies":[{"name":"wp","href":"https:\/\/api.w.org\/{rel}","templated":true}]}}