{"id":1761,"date":"2024-10-24T23:22:11","date_gmt":"2024-10-24T15:22:11","guid":{"rendered":"https:\/\/shop.yipinqian.com\/product\/semi-icy-good-translucent-natural-type-a-jadeite-jade-crafted-as-buddha-set-on-s925-and-sandalwood-as-pendant-certificate-weighs-31-79-grams-measurement-60-3-37-1-21-1-mm-s925p2\/"},"modified":"2025-02-24T00:49:52","modified_gmt":"2025-02-23T16:49:52","slug":"semi-icy-good-translucent-natural-type-a-jadeite-jade-crafted-as-buddha-set-on-s925-and-sandalwood-as-pendant-certificate-weighs-31-79-grams-measurement-60-3-37-1-21-1-mm-s925p2","status":"publish","type":"product","link":"https:\/\/shop.yipinqian.com\/pt\/produto\/semi-icy-good-translucent-natural-type-a-jadeite-jade-crafted-as-buddha-set-on-s925-and-sandalwood-as-pendant-certificate-weighs-31-79-grams-measurement-60-3-37-1-21-1-mm-s925p2\/","title":{"rendered":"Jade\u00edte natural semi-gelada, transl\u00facida, tipo A, trabalhada como Buda, em S925 e pingente de s\u00e2ndalo, o certificado pesa 31,79 gramas, medindo 60,3 * 37,1 * 21,1 mm (s925p2)"},"content":{"rendered":"<article class=\"lzd-article\">\n<p style=\"line-height:1.7;text-align:left;text-indent:0;margin-left:0;margin-top:0;margin-bottom:0\"><span><\/span><\/p>\n<p style=\"line-height:1.7;text-align:left;text-indent:0;margin-left:0;margin-top:0;margin-bottom:0\"><span>This exquisite pendant features a Semi Icy Good Translucent Natural Type A Jadeite Jade crafted as Buddha, set on S925 and Sandalwood, creating a unique and meaningful piece of jewelry.<\/span><\/p>\n<p style=\"line-height:1.7;text-align:left;text-indent:0;margin-left:0;margin-top:0;margin-bottom:0\"><span><\/span><\/p>\n<p style=\"line-height:1.7;text-align:left;text-indent:0;margin-left:0;margin-top:0;margin-bottom:0\"><span>Certificate numbers: ZJSL24032700962<\/span><\/p>\n<p style=\"line-height:1.7;text-align:left;text-indent:0;margin-left:0;margin-top:0;margin-bottom:0\"><span>S925 Silver weighs 6.58 grams<\/span><\/p>\n<p style=\"line-height:1.7;text-align:left;text-indent:0;margin-left:0;margin-top:0;margin-bottom:0\"><span>Buddha Jadeite weighs 6.09 grams \/ 28.5 * 15.5 * 8.5 mm<\/span><\/p>\n<p style=\"line-height:1.7;text-align:left;text-indent:0;margin-left:0;margin-top:0;margin-bottom:0\"><span>Overall Measurement: 60.3 * 37.1 * 21.1 mm<\/span><\/p>\n<p style=\"line-height:1.7;text-align:left;text-indent:0;margin-left:0;margin-top:0;margin-bottom:0\"><span><\/span><\/p>\n<p style=\"line-height:1.7;text-align:left;text-indent:0;margin-left:0;margin-top:0;margin-bottom:0\"><span>Note: No paint was added to Sandalwood <\/span><\/p>\n<p style=\"line-height:1.7;text-align:left;text-indent:0;margin-left:0;margin-top:0;margin-bottom:0\"><span><\/span><\/p>\n<p style=\"line-height:1.7;text-align:left;text-indent:0;margin-left:0;margin-top:0;margin-bottom:0\"><span><\/span><img decoding=\"async\" src=\"https:\/\/shop.yipinqian.com\/wp-content\/uploads\/2024\/10\/1b14d4edb6ee02913b94d9088a0de6a5.jpg\" style=\"width:832px;height:832px;vertical-align:middle\"><span><\/span><\/p>\n<p style=\"line-height:1.7;text-align:left;text-indent:0;margin-left:0;margin-top:0;margin-bottom:0\"><span><\/span><\/p>\n<p style=\"line-height:1.7;text-align:left;text-indent:0;margin-left:0;margin-top:0;margin-bottom:0\"><span><\/span><\/p>\n<ul>\n<li>\n<div style=\"line-height:1.7;text-align:left;text-indent:0\">\n<span style=\"font-weight:bold\">Chain<\/span><span> &#8211; Papua Tribute Wood 6mm<\/span>\n<\/div>\n<\/li>\n<li>\n<div style=\"line-height:1.7;text-align:left;text-indent:0\">\n<span style=\"font-weight:bold\">Material:<\/span><span> The pendant is crafted with high-quality S925 silver and genuine Sandalwood for a luxurious finish.<\/span>\n<\/div>\n<\/li>\n<li>\n<div style=\"line-height:1.7;text-align:left;text-indent:0\">\n<span style=\"font-weight:bold\">Certificado:<\/span><span> This beautiful necklace comes with a certificate to guarantee the authenticity of the jade.<\/span>\n<\/div>\n<\/li>\n<li>\n<div style=\"line-height:1.7;text-align:left;text-indent:0\">\n<span style=\"font-weight:bold\">Medi\u00e7\u00e3o:<\/span><span> The pendant weighs 31.79 grams and measures 60.3 * 37.1 * 21.1 mm, making it a substantial yet elegant accessory.<\/span>\n<\/div>\n<\/li>\n<\/ul>\n<p style=\"line-height:1.7;text-align:left;text-indent:0;margin-left:0;margin-top:0;margin-bottom:0\"><span>This stunning piece is perfect for both men and women, adding an auspicious touch to any occasion with its symbolic Buddha design.<\/span><\/p>\n<ul>\n<li>\n<div style=\"line-height:1.7;text-align:left;text-indent:0\">\n<span style=\"font-weight:bold\">Tipo de Jade:<\/span><span> Made from high-quality Jadeite jade, known for its beauty and durability.<\/span>\n<\/div>\n<\/li>\n<li>\n<div style=\"line-height:1.7;text-align:left;text-indent:0\">\n<span style=\"font-weight:bold\">Estilo de colar:<\/span><span> The casual style of this necklace makes it versatile for everyday wear or special events<\/span>\n<\/div>\n<\/li>\n<\/ul>\n<p style=\"line-height:1.7;text-align:left;text-indent:0;margin-left:0;margin-top:0;margin-bottom:0\"><span><\/span><\/p>\n<p style=\"line-height:1.7;text-align:left;text-indent:0;margin-left:0;margin-top:0;margin-bottom:0\"><span style=\"font-weight:bold\">Wood<\/span><span> \/ <\/span><span style=\"font-weight:bold\">A jade\u00edta natural n\u00e3o \u00e9 perfeita, apenas um lembrete gentil, nossa jade\u00edta natural, como todas as coisas bonitas da natureza, vem com suas caracter\u00edsticas e varia\u00e7\u00f5es \u00fanicas. Convidamos nossos valiosos clientes a abra\u00e7ar essas varia\u00e7\u00f5es naturais. Boas compras!<\/span><\/p>\n<p style=\"line-height:1.7;text-align:left;text-indent:0;margin-left:0;margin-top:0;margin-bottom:0\"><span><\/span><\/p>\n<p style=\"line-height:1.7;text-align:left;text-indent:0;margin-left:0;margin-top:0;margin-bottom:0\"><span style=\"font-weight:bold;text-decoration:underline\">Nenhuma das fotos e filmagens de v\u00eddeo foram filtradas. Incentivamos nossos clientes a tamb\u00e9m assistirem aos v\u00eddeos que os acompanham para uma vis\u00e3o mais abrangente de nossos produtos<\/span><\/p>\n<p style=\"line-height:1.7;text-align:left;text-indent:0;margin-left:0;margin-top:0;margin-bottom:0\"><span><\/span><\/p>\n<p style=\"line-height:1.7;text-align:left;text-indent:0;margin-left:0;margin-top:0;margin-bottom:0\"><span>.<\/span><\/p>\n<p style=\"line-height:1.7;text-align:left;text-indent:0;margin-left:0;margin-top:0;margin-bottom:0\"><span><\/span><\/p>\n<\/article>","protected":false},"excerpt":{"rendered":"<p>Este requintado pingente apresenta um Jade\u00edte Natural Semi Icy Good Transl\u00facido Tipo A, trabalhado como Buda, fixado em S925 e S\u00e2ndalo, criando uma pe\u00e7a de joalheria \u00fanica e significativa. N\u00fameros de certificado: ZJSL24032700962 Prata S925 pesa 6,58 gramas Jade\u00edte Buda pesa 6,09 gramas \/ 28,5 * 15,5 * 8,5 mm Medida geral: 60,3 * 37,1 [\u2026]<\/p>","protected":false},"featured_media":7723,"comment_status":"open","ping_status":"closed","template":"","meta":[],"product_brand":[],"product_cat":[194],"product_tag":[],"class_list":{"0":"post-1761","1":"product","2":"type-product","3":"status-publish","4":"has-post-thumbnail","6":"product_cat-value-picks","8":"first","9":"instock","10":"sale","11":"shipping-taxable","12":"purchasable","13":"product-type-simple"},"_links":{"self":[{"href":"https:\/\/shop.yipinqian.com\/pt\/wp-json\/wp\/v2\/product\/1761","targetHints":{"allow":["GET"]}}],"collection":[{"href":"https:\/\/shop.yipinqian.com\/pt\/wp-json\/wp\/v2\/product"}],"about":[{"href":"https:\/\/shop.yipinqian.com\/pt\/wp-json\/wp\/v2\/types\/product"}],"replies":[{"embeddable":true,"href":"https:\/\/shop.yipinqian.com\/pt\/wp-json\/wp\/v2\/comments?post=1761"}],"version-history":[{"count":0,"href":"https:\/\/shop.yipinqian.com\/pt\/wp-json\/wp\/v2\/product\/1761\/revisions"}],"wp:featuredmedia":[{"embeddable":true,"href":"https:\/\/shop.yipinqian.com\/pt\/wp-json\/wp\/v2\/media\/7723"}],"wp:attachment":[{"href":"https:\/\/shop.yipinqian.com\/pt\/wp-json\/wp\/v2\/media?parent=1761"}],"wp:term":[{"taxonomy":"product_brand","embeddable":true,"href":"https:\/\/shop.yipinqian.com\/pt\/wp-json\/wp\/v2\/product_brand?post=1761"},{"taxonomy":"product_cat","embeddable":true,"href":"https:\/\/shop.yipinqian.com\/pt\/wp-json\/wp\/v2\/product_cat?post=1761"},{"taxonomy":"product_tag","embeddable":true,"href":"https:\/\/shop.yipinqian.com\/pt\/wp-json\/wp\/v2\/product_tag?post=1761"}],"curies":[{"name":"wp","href":"https:\/\/api.w.org\/{rel}","templated":true}]}}