{"id":1760,"date":"2024-10-24T23:22:11","date_gmt":"2024-10-24T15:22:11","guid":{"rendered":"https:\/\/shop.yipinqian.com\/product\/semi-icy-good-translucency-green-natural-type-a-jadeite-pendant-necklace-crafted-as-the-parrot-symbols-of-wise-and-brave-heroic-and-mighty-with-certificate-weigh-10-82-grams-57-8-16-3-7-1-mm-pendant24\/"},"modified":"2025-02-17T00:04:16","modified_gmt":"2025-02-16T16:04:16","slug":"semi-icy-good-translucency-green-natural-type-a-jadeite-pendant-necklace-crafted-as-the-parrot-symbols-of-wise-and-brave-heroic-and-mighty-with-certificate-weigh-10-82-grams-57-8-16-3-7-1-mm-pendant24","status":"publish","type":"product","link":"https:\/\/shop.yipinqian.com\/pt\/produto\/semi-icy-good-translucency-green-natural-type-a-jadeite-pendant-necklace-crafted-as-the-parrot-symbols-of-wise-and-brave-heroic-and-mighty-with-certificate-weigh-10-82-grams-57-8-16-3-7-1-mm-pendant24\/","title":{"rendered":"Semi Icy Good Translucency Green Natural Type A Jadeite Pendant Necklace crafted as the parrot, symbols of Wise and brave, heroic and mighty, with certificate weigh 10.82 grams, 57.8 * 16.3 * 7.1 mm (pendant24)"},"content":{"rendered":"<p>This Semi Icy Good Translucency Green Natural Type A Jadeite Pendant Necklace is a true work of art, crafted in the shape of a parrot, symbolizing wisdom, bravery, heroism and mightiness.<\/p>\n<ul>\n<li>\n<strong>Autenticidade:<\/strong> This necklace comes with a certificate of authenticity for your peace of mind.<\/li>\n<\/ul>\n<p><strong>Certificate numbers: GD2203H013625<\/strong><\/p>\n<p><img fetchpriority=\"high\" decoding=\"async\" height=\"1080\" src=\"https:\/\/shop.yipinqian.com\/wp-content\/uploads\/2024\/10\/02ca4b028a0c3d9ec0768370d6efabc2.jpg?from=476444299\" width=\"1080\"><\/p>\n<ul>\n<li>\n<strong>Qualidade:<\/strong> Made with high-quality natural Type A Jadeite that boasts semi icy good translucency and green hue.<\/li>\n<li><strong>Jadeite Origin Myanmar <\/strong><\/li>\n<\/ul>\n<p>The pendant measures 57.8 * 16.3 * 7.1 mm and weighs only 10.82 grams for comfortable wear throughout the day on any occasion.<\/p>\n<ul>\n<li>\n<strong>Goes well with any outfit:<\/strong> The casual style makes it perfect to wear on any occasion or complement your daily outfit effortlessly.<\/li>\n<li>\n<strong>Goes well for anyone<\/strong>: It&#8217;s unisex design makes it an ideal gift option that can be presented to anyone regardless their gender or age group.<\/li>\n<\/ul>\n<p>This Semi Icy Good Translucency Green Natural Type A Jadeite Pendant Necklace is an investment-worthy piece that&#8217;s sure to become a treasured addition to your jewelry collection!<\/p>\n<p>\u00a0<\/p>\n<p>Yi Pin Qian \u2013 Um negociante de pedras preciosas e metais preciosos em Cingapura \u2013 N\u00famero de licen\u00e7a PS20190000031<\/p>\n<p>\u00a0<\/p>\n<p>*Todos os Jadeites comprados de Yi Pin Qian em Cingapura, os clientes podem reservar hor\u00e1rios para polimento ou pequenos reparos por manuseio incorreto - taxas se aplicam e somente para clientes de Yi Pin Qian em Cingapura*<\/p>\n<p>\u00a0<\/p>\n<p><strong>**Tipos de Certificados**<\/strong><\/p>\n<p>\u00a0<\/p>\n<p><strong>NGI (Nan Yang Gemol\u00f3gico)<\/strong><\/p>\n<p>ou <strong>Certificados no exterior <\/strong>(Yi Pin Qian usa apenas certificados aut\u00eanticos de laborat\u00f3rios estrangeiros e tamb\u00e9m controla a qualidade de cada um dos nossos produtos antes de coloc\u00e1-los \u00e0 venda em Cingapura)<\/p>\n<p>\u00a0<\/p>\n<p>Cada produto no TikTok ter\u00e1 o tipo de certificado fornecido indicado na descri\u00e7\u00e3o. Para qualquer cliente que deseje enviar seu pedido para a NGI Singapore, haver\u00e1 um tempo de espera para entrega do pedido estimado em torno de 4 semanas para receber seu pedido. <strong>As solicita\u00e7\u00f5es de relat\u00f3rios da NGI Gemstone precisam ser feitas por mensagem para a loja Yi Pin Qian TikTok.<\/strong> Obrigado, <strong><u>taxas extras se aplicam<\/u><\/strong>.<\/p>\n<p>\u00a0<\/p>\n<p><strong>A jade\u00edta natural n\u00e3o \u00e9 perfeita, apenas um lembrete gentil, nossa jade\u00edta natural, como todas as coisas bonitas da natureza, vem com suas caracter\u00edsticas e varia\u00e7\u00f5es \u00fanicas. Convidamos nossos valiosos clientes a abra\u00e7ar essas varia\u00e7\u00f5es naturais. Boas compras!<\/strong><\/p>\n<p>\u00a0<\/p>\n<p><strong><u>Nenhuma das fotos e filmagens de v\u00eddeo foram filtradas. Incentivamos nossos clientes a tamb\u00e9m assistirem aos v\u00eddeos que os acompanham para uma vis\u00e3o mais abrangente de nossos produtos<\/u><\/strong><\/p>","protected":false},"excerpt":{"rendered":"<p>This Semi Icy Good Translucency Green Natural Type A Jadeite Pendant Necklace is a true work of art, crafted in the shape of a parrot, symbolizing wisdom, bravery, heroism and mightiness. Authenticity: This necklace comes with a certificate of authenticity for your peace of mind. Certificate numbers: GD2203H013625 Quality: Made with high-quality natural Type A [&hellip;]<\/p>","protected":false},"featured_media":7713,"comment_status":"open","ping_status":"closed","template":"","meta":[],"product_brand":[],"product_cat":[48],"product_tag":[],"class_list":{"0":"post-1760","1":"product","2":"type-product","3":"status-publish","4":"has-post-thumbnail","6":"product_cat-pendants","8":"first","9":"instock","10":"sale","11":"shipping-taxable","12":"purchasable","13":"product-type-simple"},"_links":{"self":[{"href":"https:\/\/shop.yipinqian.com\/pt\/wp-json\/wp\/v2\/product\/1760","targetHints":{"allow":["GET"]}}],"collection":[{"href":"https:\/\/shop.yipinqian.com\/pt\/wp-json\/wp\/v2\/product"}],"about":[{"href":"https:\/\/shop.yipinqian.com\/pt\/wp-json\/wp\/v2\/types\/product"}],"replies":[{"embeddable":true,"href":"https:\/\/shop.yipinqian.com\/pt\/wp-json\/wp\/v2\/comments?post=1760"}],"version-history":[{"count":0,"href":"https:\/\/shop.yipinqian.com\/pt\/wp-json\/wp\/v2\/product\/1760\/revisions"}],"wp:featuredmedia":[{"embeddable":true,"href":"https:\/\/shop.yipinqian.com\/pt\/wp-json\/wp\/v2\/media\/7713"}],"wp:attachment":[{"href":"https:\/\/shop.yipinqian.com\/pt\/wp-json\/wp\/v2\/media?parent=1760"}],"wp:term":[{"taxonomy":"product_brand","embeddable":true,"href":"https:\/\/shop.yipinqian.com\/pt\/wp-json\/wp\/v2\/product_brand?post=1760"},{"taxonomy":"product_cat","embeddable":true,"href":"https:\/\/shop.yipinqian.com\/pt\/wp-json\/wp\/v2\/product_cat?post=1760"},{"taxonomy":"product_tag","embeddable":true,"href":"https:\/\/shop.yipinqian.com\/pt\/wp-json\/wp\/v2\/product_tag?post=1760"}],"curies":[{"name":"wp","href":"https:\/\/api.w.org\/{rel}","templated":true}]}}