{"id":1754,"date":"2024-10-24T23:22:07","date_gmt":"2024-10-24T15:22:07","guid":{"rendered":"https:\/\/shop.yipinqian.com\/product\/sales-high-quality-pair-of-white-yellow-natural-type-a-jadeite-jade-crafted-as-pixiu-for-pendant-certificate-weighs-24-25-19-87-grams-measurements-50-21-3-14-1-47-20-6-13-6-mm-pendant292\/"},"modified":"2025-02-24T00:49:52","modified_gmt":"2025-02-23T16:49:52","slug":"sales-high-quality-pair-of-white-yellow-natural-type-a-jadeite-jade-crafted-as-pixiu-for-pendant-certificate-weighs-24-25-19-87-grams-measurements-50-21-3-14-1-47-20-6-13-6-mm-pendant292","status":"publish","type":"product","link":"https:\/\/shop.yipinqian.com\/pt\/produto\/sales-high-quality-pair-of-white-yellow-natural-type-a-jadeite-jade-crafted-as-pixiu-for-pendant-certificate-weighs-24-25-19-87-grams-measurements-50-21-3-14-1-47-20-6-13-6-mm-pendant292\/","title":{"rendered":"Vendas \u2013 Par de alta qualidade de jade\u00edte natural branca e amarela tipo A, trabalhada como Pixiu para pingente, o certificado pesa 24,25 \/ 19,87 gramas, medidas 50 * 21,3 * 14,1 \/ 47 * 20,6 * 13,6 mm (pendant292)"},"content":{"rendered":"<p>Melhore seu estilo com este requintado par de colares com pingente de jade pixiu natural tipo A, branco e amarelo.<\/p>\n<p>\u00a0<\/p>\n<p>N\u00fameros de certificado: GD2112H004542 \/ GD2112H004541<\/p>\n<ul>\n<li>\n<strong>Jade de alta qualidade:<\/strong> Feito de jade\u00edta tipo A premium, este pingente exala eleg\u00e2ncia e sofistica\u00e7\u00e3o.<\/li>\n<li>\n<strong>Pixiu Design:<\/strong> O pingente \u00e9 primorosamente desenhado no formato de um Pixiu, um s\u00edmbolo de riqueza e prote\u00e7\u00e3o na cultura chinesa.<\/li>\n<li>\n<strong>Certificado inclu\u00eddo:<\/strong> Cada pingente vem com um certificado para garantir a autenticidade do jade.<\/li>\n<\/ul>\n<p>O par pesa 24,25 gramas e 19,87 gramas respectivamente, com medidas de 50 * 21,3 * 14,1 mm e 47 * 20,6 * 13,6 mm para cada pingente \u00e0 venda.<\/p>\n<ul>\n<li>\n<strong>Ocasi\u00f5es auspiciosas:<\/strong> Perfeito para usar em ocasi\u00f5es auspiciosas para atrair boa sorte e energia positiva para sua vida.<\/li>\n<li>\n<strong>Estilo de colar de jade:<\/strong>Estilo de colar casual e elegante, adequado para homens e mulheres | O apelo de g\u00eanero unissex acrescenta versatilidade a qualquer conjunto.<\/li>\n<\/ul>\n<p>.<strong>A jade\u00edta natural n\u00e3o \u00e9 perfeita, apenas um lembrete gentil, nossa jade\u00edta natural, como todas as coisas bonitas da natureza, vem com suas caracter\u00edsticas e varia\u00e7\u00f5es \u00fanicas. Convidamos nossos valiosos clientes a abra\u00e7ar essas varia\u00e7\u00f5es naturais. Boas compras!<\/strong><\/p>\n<p>\u00a0<\/p>\n<p><strong><u>Nenhuma das fotos e filmagens de v\u00eddeo foram filtradas. Incentivamos nossos clientes a tamb\u00e9m assistirem aos v\u00eddeos que os acompanham para uma vis\u00e3o mais abrangente de nossos produtos<\/u><\/strong><\/p>\n<p>\u00a0<\/p>\n<ul>\n<li>Diferentes plataformas s\u00f3 podem visualizar v\u00eddeos por meio do Desktop<\/li>\n<\/ul>","protected":false},"excerpt":{"rendered":"<p>Enhance your style with this exquisite pair of White and Yellow Natural Type A Jadeite Jade Pixiu pendant necklace. \u00a0 Certificate numbers: GD2112H004542 \/ GD2112H004541 High Quality Jade: Crafted from premium Type A jadeite jade, this pendant exudes elegance and sophistication. Pixiu Design: The pendant is intricately designed in the shape of a Pixiu, a [&hellip;]<\/p>","protected":false},"featured_media":7661,"comment_status":"open","ping_status":"closed","template":"","meta":[],"product_brand":[],"product_cat":[194],"product_tag":[],"class_list":{"0":"post-1754","1":"product","2":"type-product","3":"status-publish","4":"has-post-thumbnail","6":"product_cat-value-picks","8":"first","9":"instock","10":"sale","11":"shipping-taxable","12":"purchasable","13":"product-type-simple"},"_links":{"self":[{"href":"https:\/\/shop.yipinqian.com\/pt\/wp-json\/wp\/v2\/product\/1754","targetHints":{"allow":["GET"]}}],"collection":[{"href":"https:\/\/shop.yipinqian.com\/pt\/wp-json\/wp\/v2\/product"}],"about":[{"href":"https:\/\/shop.yipinqian.com\/pt\/wp-json\/wp\/v2\/types\/product"}],"replies":[{"embeddable":true,"href":"https:\/\/shop.yipinqian.com\/pt\/wp-json\/wp\/v2\/comments?post=1754"}],"version-history":[{"count":0,"href":"https:\/\/shop.yipinqian.com\/pt\/wp-json\/wp\/v2\/product\/1754\/revisions"}],"wp:featuredmedia":[{"embeddable":true,"href":"https:\/\/shop.yipinqian.com\/pt\/wp-json\/wp\/v2\/media\/7661"}],"wp:attachment":[{"href":"https:\/\/shop.yipinqian.com\/pt\/wp-json\/wp\/v2\/media?parent=1754"}],"wp:term":[{"taxonomy":"product_brand","embeddable":true,"href":"https:\/\/shop.yipinqian.com\/pt\/wp-json\/wp\/v2\/product_brand?post=1754"},{"taxonomy":"product_cat","embeddable":true,"href":"https:\/\/shop.yipinqian.com\/pt\/wp-json\/wp\/v2\/product_cat?post=1754"},{"taxonomy":"product_tag","embeddable":true,"href":"https:\/\/shop.yipinqian.com\/pt\/wp-json\/wp\/v2\/product_tag?post=1754"}],"curies":[{"name":"wp","href":"https:\/\/api.w.org\/{rel}","templated":true}]}}