{"id":1752,"date":"2024-10-24T23:22:06","date_gmt":"2024-10-24T15:22:06","guid":{"rendered":"https:\/\/shop.yipinqian.com\/product\/round-sculpture-natural-type-a-jadeite-pendant-necklace-crafted-as-goldfish-with-light-green-and-brown-symbols-of-rich-and-auspicious-certificate-included-weigh-27-45-grams-37-3-41-7-11-3-mm-very-uniq\/"},"modified":"2025-02-17T00:04:15","modified_gmt":"2025-02-16T16:04:15","slug":"round-sculpture-natural-type-a-jadeite-pendant-necklace-crafted-as-goldfish-with-light-green-and-brown-symbols-of-rich-and-auspicious-certificate-included-weigh-27-45-grams-37-3-41-7-11-3-mm-very-uniq","status":"publish","type":"product","link":"https:\/\/shop.yipinqian.com\/pt\/produto\/round-sculpture-natural-type-a-jadeite-pendant-necklace-crafted-as-goldfish-with-light-green-and-brown-symbols-of-rich-and-auspicious-certificate-included-weigh-27-45-grams-37-3-41-7-11-3-mm-very-uniq\/","title":{"rendered":"Colar com pingente de jade\u00edta natural tipo A, escultura redonda, feito em forma de peixe dourado com verde claro e marrom, s\u00edmbolos de riqueza e auspicioso, certificado incluso, pesa 27,45 gramas, 37,3 * 41,7 * 11,3 mm, muito exclusivo e raro para suas cole\u00e7\u00f5es (pendant33)"},"content":{"rendered":"<p>Adicione um toque elegante \u00e0 sua cole\u00e7\u00e3o de joias com este colar com pingente de jade\u00edta natural tipo A de escultura redonda. O pingente \u00e9 feito como um peixe dourado com verde claro e marrom, que simbolizam prosperidade e boa sorte.<\/p>\n<ul>\n<li>\n<strong>Design exclusivo:<\/strong> O pingente de 37,3 * 41,7 * 11,3 mm pesa 27,45 gramas, o que o torna uma rara adi\u00e7\u00e3o \u00e0 sua caixa de joias.<\/li>\n<li>\n<strong>Qualidade Premium:<\/strong> Este colar \u00e9 feito de jade\u00edta natural Tipo A de Mianmar, o que garante sua autenticidade.<\/li>\n<li>\n<strong>Certificado inclu\u00eddo:<\/strong> Este colar vem com um certificado de autenticidade para que voc\u00ea tenha certeza de que est\u00e1 comprando jade\u00edta genu\u00edna.<\/li>\n<\/ul>\n<p><strong>N\u00fameros de certificado: GD2204H002647<\/strong><\/p>\n<p><img fetchpriority=\"high\" decoding=\"async\" height=\"1080\" src=\"https:\/\/shop.yipinqian.com\/wp-content\/uploads\/2024\/10\/dc779662ab25948f28e7ba04a7d30db3.jpg?from=476444299\" width=\"1080\"><br \/><img decoding=\"async\" height=\"1080\" src=\"https:\/\/shop.yipinqian.com\/wp-content\/uploads\/2024\/10\/669bf1bbbf41df5f6afa5e6b1191bdc0.jpg?from=476444299\" width=\"1080\"><\/p>\n<p>O estilo casual do colar o torna perfeito para uso di\u00e1rio ou ocasi\u00f5es especiais, como casamentos ou festas, sendo uma excelente op\u00e7\u00e3o de presente para voc\u00ea ou seus entes queridos.<\/p>\n<ul>\n<li>\n<strong>Presente maravilhoso:<\/strong>O design unissex torna este pingente perfeito para quem aprecia acess\u00f3rios exclusivos e de alta qualidade que complementam seu estilo.<\/li>\n<\/ul>\n<p>Adicione este requintado colar com pingente de jade\u00edta natural tipo A com escultura redonda \u00e0 sua cole\u00e7\u00e3o hoje mesmo!<\/p>\n<p>\u00a0<\/p>\n<p>Yi Pin Qian \u2013 Um negociante de pedras preciosas e metais preciosos em Cingapura \u2013 N\u00famero de licen\u00e7a PS20190000031<\/p>\n<p>\u00a0<\/p>\n<p>*Todos os Jadeites comprados de Yi Pin Qian em Cingapura, os clientes podem reservar hor\u00e1rios para polimento ou pequenos reparos por manuseio incorreto - taxas se aplicam e somente para clientes de Yi Pin Qian em Cingapura*<\/p>\n<p>\u00a0<\/p>\n<p><strong>**Tipos de Certificados**<\/strong><\/p>\n<p>\u00a0<\/p>\n<p><strong>NGI (Nan Yang Gemol\u00f3gico)<\/strong><\/p>\n<p>ou <strong>Certificados no exterior <\/strong>(Yi Pin Qian usa apenas certificados aut\u00eanticos de laborat\u00f3rios estrangeiros e tamb\u00e9m controla a qualidade de cada um dos nossos produtos antes de coloc\u00e1-los \u00e0 venda em Cingapura)<\/p>\n<p>\u00a0<\/p>\n<p>Cada produto no TikTok ter\u00e1 o tipo de certificado fornecido indicado na descri\u00e7\u00e3o. Para qualquer cliente que deseje enviar seu pedido para a NGI Singapore, haver\u00e1 um tempo de espera para entrega do pedido estimado em torno de 4 semanas para receber seu pedido. <strong>As solicita\u00e7\u00f5es de relat\u00f3rios da NGI Gemstone precisam ser feitas por mensagem para a loja Yi Pin Qian TikTok.<\/strong> Obrigado, <strong><u>taxas extras se aplicam<\/u><\/strong>.<\/p>\n<p>\u00a0<\/p>\n<p><strong>A jade\u00edta natural n\u00e3o \u00e9 perfeita, apenas um lembrete gentil, nossa jade\u00edta natural, como todas as coisas bonitas da natureza, vem com suas caracter\u00edsticas e varia\u00e7\u00f5es \u00fanicas. Convidamos nossos valiosos clientes a abra\u00e7ar essas varia\u00e7\u00f5es naturais. Boas compras!<\/strong><\/p>\n<p>\u00a0<\/p>\n<p><strong><u>Nenhuma das fotos e filmagens de v\u00eddeo foram filtradas. Incentivamos nossos clientes a tamb\u00e9m assistirem aos v\u00eddeos que os acompanham para uma vis\u00e3o mais abrangente de nossos produtos<\/u><\/strong><\/p>","protected":false},"excerpt":{"rendered":"<p>Add an elegant touch to your jewelry collection with this Round Sculpture Natural Type A Jadeite Pendant Necklace. The pendant is crafted as a goldfish with light green and brown, which symbolize prosperity and good fortune. Unique Design: The 37.3 * 41.7 * 11.3 mm pendant weighs 27.45 grams, making it a rare addition to [&hellip;]<\/p>","protected":false},"featured_media":7645,"comment_status":"open","ping_status":"closed","template":"","meta":[],"product_brand":[],"product_cat":[48],"product_tag":[],"class_list":{"0":"post-1752","1":"product","2":"type-product","3":"status-publish","4":"has-post-thumbnail","6":"product_cat-pendants","8":"first","9":"instock","10":"sale","11":"shipping-taxable","12":"purchasable","13":"product-type-simple"},"_links":{"self":[{"href":"https:\/\/shop.yipinqian.com\/pt\/wp-json\/wp\/v2\/product\/1752","targetHints":{"allow":["GET"]}}],"collection":[{"href":"https:\/\/shop.yipinqian.com\/pt\/wp-json\/wp\/v2\/product"}],"about":[{"href":"https:\/\/shop.yipinqian.com\/pt\/wp-json\/wp\/v2\/types\/product"}],"replies":[{"embeddable":true,"href":"https:\/\/shop.yipinqian.com\/pt\/wp-json\/wp\/v2\/comments?post=1752"}],"version-history":[{"count":0,"href":"https:\/\/shop.yipinqian.com\/pt\/wp-json\/wp\/v2\/product\/1752\/revisions"}],"wp:featuredmedia":[{"embeddable":true,"href":"https:\/\/shop.yipinqian.com\/pt\/wp-json\/wp\/v2\/media\/7645"}],"wp:attachment":[{"href":"https:\/\/shop.yipinqian.com\/pt\/wp-json\/wp\/v2\/media?parent=1752"}],"wp:term":[{"taxonomy":"product_brand","embeddable":true,"href":"https:\/\/shop.yipinqian.com\/pt\/wp-json\/wp\/v2\/product_brand?post=1752"},{"taxonomy":"product_cat","embeddable":true,"href":"https:\/\/shop.yipinqian.com\/pt\/wp-json\/wp\/v2\/product_cat?post=1752"},{"taxonomy":"product_tag","embeddable":true,"href":"https:\/\/shop.yipinqian.com\/pt\/wp-json\/wp\/v2\/product_tag?post=1752"}],"curies":[{"name":"wp","href":"https:\/\/api.w.org\/{rel}","templated":true}]}}