{"id":1750,"date":"2024-10-24T23:22:05","date_gmt":"2024-10-24T15:22:05","guid":{"rendered":"https:\/\/shop.yipinqian.com\/product\/redish-yellow-very-rare-natural-type-a-jadeite-jade-crafted-with-the-three-legs-toad-as-pendant-certificate-weighs-49-67-grams-measurement-51-32-8-24-3-mm-pendant258\/"},"modified":"2025-02-24T01:17:27","modified_gmt":"2025-02-23T17:17:27","slug":"redish-yellow-very-rare-natural-type-a-jadeite-jade-crafted-with-the-three-legs-toad-as-pendant-certificate-weighs-49-67-grams-measurement-51-32-8-24-3-mm-pendant258","status":"publish","type":"product","link":"https:\/\/shop.yipinqian.com\/pt\/produto\/redish-yellow-very-rare-natural-type-a-jadeite-jade-crafted-with-the-three-legs-toad-as-pendant-certificate-weighs-49-67-grams-measurement-51-32-8-24-3-mm-pendant258\/","title":{"rendered":"Jade\u00edta natural tipo A amarelo avermelhado muito rara, trabalhada com o sapo de tr\u00eas pernas como pingente, o certificado pesa 49,67 gramas, medindo 51 * 32,8 * 24,3 mm (pendant258)"},"content":{"rendered":"<p><span><\/span><\/p>\n<p><span>Este pingente de jade\u00edta natural tipo A amarelo avermelhado muito raro apresenta o auspicioso design de sapo de tr\u00eas pernas, tornando-o uma joia \u00fanica e atraente.<\/span><\/p>\n<p><span><\/span><\/p>\n<p><span>N\u00fameros de certificado: GD2112H017950<\/span><\/p>\n<p><span><\/span><\/p>\n<p><img fetchpriority=\"high\" decoding=\"async\" height=\"1080\" src=\"https:\/\/shop.yipinqian.com\/wp-content\/uploads\/2024\/10\/cb27c00b67ec25411ec877743e9fd08d.jpg?from=476444299\" width=\"1080\"><\/p>\n<ul>\n<li>Pesando 49,67 gramas, este pingente tem uma medida distinta de 51 * 32,8 * 24,3 mm.<\/li>\n<li>Feito com detalhes requintados, este acess\u00f3rio de colar \u00e9 uma adi\u00e7\u00e3o \u00fanica \u00e0 sua cole\u00e7\u00e3o.<\/li>\n<li>O jade usado nesta pe\u00e7a \u00e9 de qualidade tipo A e proveniente de Mianmar, conhecido por sua bela jade\u00edta.<\/li>\n<\/ul>\n<p><span>Perfeito para homens e mulheres, o estilo casual do colar permite um uso vers\u00e1til em qualquer ocasi\u00e3o.<\/span><\/p>\n<p><span><\/span><\/p>\n<p><span>Yi Pin Qian \u2013 Um negociante de pedras preciosas e metais preciosos em Cingapura \u2013 N\u00famero de licen\u00e7a PS20190000031<\/span><\/p>\n<p><span><\/span><\/p>\n<p><span>*Todos os Jadeites comprados de Yi Pin Qian em Cingapura, os clientes podem reservar hor\u00e1rios para polimento ou pequenos reparos por manuseio incorreto - taxas se aplicam e somente para clientes de Yi Pin Qian em Cingapura*<\/span><\/p>\n<p><span><\/span><\/p>\n<p><span><strong>**Tipos de Certificados**<\/strong><\/span><\/p>\n<p><span><\/span><\/p>\n<p><span><strong>NGI (Nan Yang Gemol\u00f3gico)<\/strong><\/span><\/p>\n<p><span>ou <strong>Certificados no exterior <\/strong>(Yi Pin Qian usa apenas certificados aut\u00eanticos de laborat\u00f3rios estrangeiros e tamb\u00e9m controla a qualidade de cada um dos nossos produtos antes de coloc\u00e1-los \u00e0 venda em Cingapura)<\/span><\/p>\n<p><span><\/span><\/p>\n<p><span>Cada produto no TikTok ter\u00e1 o tipo de certificado fornecido indicado na descri\u00e7\u00e3o. Para qualquer cliente que deseje enviar seu pedido para a NGI Singapore, haver\u00e1 um tempo de espera para entrega do pedido estimado em torno de 4 semanas para receber seu pedido. <strong>As solicita\u00e7\u00f5es de relat\u00f3rios da NGI Gemstone precisam ser feitas por mensagem para a loja Yi Pin Qian TikTok.<\/strong> Obrigado, <strong><u>taxas extras se aplicam<\/u><\/strong>.<\/span><\/p>\n<p><span><\/span><\/p>\n<p><span><strong>A jade\u00edta natural n\u00e3o \u00e9 perfeita, apenas um lembrete gentil, nossa jade\u00edta natural, como todas as coisas bonitas da natureza, vem com suas caracter\u00edsticas e varia\u00e7\u00f5es \u00fanicas. Convidamos nossos valiosos clientes a abra\u00e7ar essas varia\u00e7\u00f5es naturais. Boas compras!<\/strong><\/span><\/p>\n<p><span><\/span><\/p>\n<p><span><strong><u>Nenhuma das fotos e filmagens de v\u00eddeo foram filtradas. Incentivamos nossos clientes a tamb\u00e9m assistirem aos v\u00eddeos que os acompanham para uma vis\u00e3o mais abrangente de nossos produtos<\/u><\/strong><\/span><\/p>\n<p><span><\/span><\/p>\n<p><span><\/span><\/p>","protected":false},"excerpt":{"rendered":"<p>This Redish Yellow Very Rare Natural Type A Jadeite Jade pendant features the auspicious Three Legs Toad design, making it a unique and eye-catching piece of jewelry. Certificate numbers: GD2112H017950 Weighing 49.67 grams, this pendant has a distinctive measurement of 51 * 32.8 * 24.3 mm. Crafted with exquisite detail, this necklace accessory is a [&hellip;]<\/p>","protected":false},"featured_media":7623,"comment_status":"open","ping_status":"closed","template":"","meta":[],"product_brand":[],"product_cat":[195],"product_tag":[],"class_list":{"0":"post-1750","1":"product","2":"type-product","3":"status-publish","4":"has-post-thumbnail","6":"product_cat-heirloom-grade","8":"first","9":"instock","10":"sale","11":"shipping-taxable","12":"purchasable","13":"product-type-simple"},"_links":{"self":[{"href":"https:\/\/shop.yipinqian.com\/pt\/wp-json\/wp\/v2\/product\/1750","targetHints":{"allow":["GET"]}}],"collection":[{"href":"https:\/\/shop.yipinqian.com\/pt\/wp-json\/wp\/v2\/product"}],"about":[{"href":"https:\/\/shop.yipinqian.com\/pt\/wp-json\/wp\/v2\/types\/product"}],"replies":[{"embeddable":true,"href":"https:\/\/shop.yipinqian.com\/pt\/wp-json\/wp\/v2\/comments?post=1750"}],"version-history":[{"count":0,"href":"https:\/\/shop.yipinqian.com\/pt\/wp-json\/wp\/v2\/product\/1750\/revisions"}],"wp:featuredmedia":[{"embeddable":true,"href":"https:\/\/shop.yipinqian.com\/pt\/wp-json\/wp\/v2\/media\/7623"}],"wp:attachment":[{"href":"https:\/\/shop.yipinqian.com\/pt\/wp-json\/wp\/v2\/media?parent=1750"}],"wp:term":[{"taxonomy":"product_brand","embeddable":true,"href":"https:\/\/shop.yipinqian.com\/pt\/wp-json\/wp\/v2\/product_brand?post=1750"},{"taxonomy":"product_cat","embeddable":true,"href":"https:\/\/shop.yipinqian.com\/pt\/wp-json\/wp\/v2\/product_cat?post=1750"},{"taxonomy":"product_tag","embeddable":true,"href":"https:\/\/shop.yipinqian.com\/pt\/wp-json\/wp\/v2\/product_tag?post=1750"}],"curies":[{"name":"wp","href":"https:\/\/api.w.org\/{rel}","templated":true}]}}