{"id":1746,"date":"2024-10-24T23:22:02","date_gmt":"2024-10-24T15:22:02","guid":{"rendered":"https:\/\/shop.yipinqian.com\/product\/rare-yellow-natural-type-a-jadeite-jade-crafted-with-dragon-playing-with-pearls-as-pendant-certificate-weigh-6-33-grams-measurement-32-21-6-5-mm-pendant217\/"},"modified":"2025-02-24T00:49:52","modified_gmt":"2025-02-23T16:49:52","slug":"rare-yellow-natural-type-a-jadeite-jade-crafted-with-dragon-playing-with-pearls-as-pendant-certificate-weigh-6-33-grams-measurement-32-21-6-5-mm-pendant217","status":"publish","type":"product","link":"https:\/\/shop.yipinqian.com\/pt\/produto\/rare-yellow-natural-type-a-jadeite-jade-crafted-with-dragon-playing-with-pearls-as-pendant-certificate-weigh-6-33-grams-measurement-32-21-6-5-mm-pendant217\/","title":{"rendered":"Raro Jade\u00edta Natural Amarelo Tipo A Jade trabalhado com Drag\u00e3o Brincando com P\u00e9rolas como Pingente, certificado pesa 6,33 gramas, medida 32 * 21 * 6,5 mm (pendant217)"},"content":{"rendered":"<p>Este raro pingente de Jade\u00edte Natural Amarelo Tipo A, feito com um Drag\u00e3o brincando com P\u00e9rolas, certamente chamar\u00e1 a aten\u00e7\u00e3o de qualquer um. Ele vem com um certificado, pesa 6,33 gramas e mede 32 * 21 * 6,5 mm (pendant217).<\/p>\n<p><\/p>\n<p>N\u00fameros de certificado: GD2110H004313<\/p>\n<ul>\n<li>\n<strong>Design exclusivo:<\/strong> O design do drag\u00e3o brincando com p\u00e9rolas \u00e9 primorosamente trabalhado e representa boa sorte na cultura chinesa.<\/li>\n<li>\n<strong>Certificado:<\/strong> Este pingente vem com um certificado para garantir a autenticidade da rara Jade\u00edta Amarela Natural Tipo A utilizada.<\/li>\n<li>\n<strong>Dur\u00e1vel:<\/strong> Feito de materiais de alta qualidade, este pingente \u00e9 feito para durar.<\/li>\n<\/ul>\n<p>Este estilo de colar unissex foi projetado para uso di\u00e1rio e seria o complemento perfeito para qualquer roupa casual. O raro Jade\u00edte Amarelo Natural Tipo A usado nesta pe\u00e7a foi origin\u00e1rio de Mianmar, o que o torna verdadeiramente \u00fanico.<\/p>\n<ul>\n<li>\n<strong>Tipo de Jade:<\/strong> Este produto utiliza jade\u00edta natural tipo A de alta qualidade<\/li>\n<li>\n<strong>Ocasi\u00e3o: <\/strong>O acess\u00f3rio perfeito para uso di\u00e1rio<\/li>\n<li>.<\/li>\n<\/ul>\n<p>Observe que este produto n\u00e3o vem com nenhuma garantia, mas sua qualidade fala por si!<\/p>\n<p>.<\/p>\n<p>Yi Pin Qian \u2013 Um negociante de pedras preciosas e metais preciosos em Cingapura \u2013 N\u00famero de licen\u00e7a PS20190000031<\/p>\n<p><\/p>\n<p>*Todos os Jadeites comprados de Yi Pin Qian em Cingapura, os clientes podem reservar hor\u00e1rios para polimento ou pequenos reparos por manuseio incorreto - taxas se aplicam e somente para clientes de Yi Pin Qian em Cingapura*<\/p>\n<p><\/p>\n<p><strong>**Tipos de Certificados**<\/strong><\/p>\n<p><\/p>\n<p><strong>NGI (Nan Yang Gemol\u00f3gico)<\/strong><\/p>\n<p>ou <strong>Certificados no exterior <\/strong>(Yi Pin Qian usa apenas certificados aut\u00eanticos de laborat\u00f3rios estrangeiros e tamb\u00e9m controla a qualidade de cada um dos nossos produtos antes de coloc\u00e1-los \u00e0 venda em Cingapura)<\/p>\n<p><\/p>\n<p>Cada produto no TikTok ter\u00e1 o tipo de certificado fornecido indicado na descri\u00e7\u00e3o. Para qualquer cliente que deseje enviar seu pedido para a NGI Singapore, haver\u00e1 um tempo de espera para entrega do pedido estimado em torno de 4 semanas para receber seu pedido. <strong>As solicita\u00e7\u00f5es de relat\u00f3rios da NGI Gemstone precisam ser feitas por mensagem para a loja Yi Pin Qian TikTok.<\/strong> Obrigado, <strong><u>taxas extras se aplicam<\/u><\/strong>.<\/p>\n<p><\/p>\n<p><strong>A jade\u00edta natural n\u00e3o \u00e9 perfeita, apenas um lembrete gentil, nossa jade\u00edta natural, como todas as coisas bonitas da natureza, vem com suas caracter\u00edsticas e varia\u00e7\u00f5es \u00fanicas. Convidamos nossos valiosos clientes a abra\u00e7ar essas varia\u00e7\u00f5es naturais. Boas compras!<\/strong><\/p>\n<p><\/p>\n<p><strong><u>Nenhuma das fotos e filmagens de v\u00eddeo foram filtradas. Incentivamos nossos clientes a tamb\u00e9m assistirem aos v\u00eddeos que os acompanham para uma vis\u00e3o mais abrangente de nossos produtos<\/u><\/strong><\/p>","protected":false},"excerpt":{"rendered":"<p>This Rare Yellow Natural Type A Jadeite Jade pendant, crafted with a Dragon playing with Pearls, is sure to catch anyone&#8217;s eye. It comes with a certificate and weighs 6.33 grams and measures 32 * 21 * 6.5 mm (pendant217). Certificate numbers: GD2110H004313 Unique Design: The Dragon playing with Pearls design is intricately crafted and [&hellip;]<\/p>","protected":false},"featured_media":7589,"comment_status":"open","ping_status":"closed","template":"","meta":[],"product_brand":[],"product_cat":[194],"product_tag":[],"class_list":{"0":"post-1746","1":"product","2":"type-product","3":"status-publish","4":"has-post-thumbnail","6":"product_cat-value-picks","8":"first","9":"instock","10":"sale","11":"shipping-taxable","12":"purchasable","13":"product-type-simple"},"_links":{"self":[{"href":"https:\/\/shop.yipinqian.com\/pt\/wp-json\/wp\/v2\/product\/1746","targetHints":{"allow":["GET"]}}],"collection":[{"href":"https:\/\/shop.yipinqian.com\/pt\/wp-json\/wp\/v2\/product"}],"about":[{"href":"https:\/\/shop.yipinqian.com\/pt\/wp-json\/wp\/v2\/types\/product"}],"replies":[{"embeddable":true,"href":"https:\/\/shop.yipinqian.com\/pt\/wp-json\/wp\/v2\/comments?post=1746"}],"version-history":[{"count":0,"href":"https:\/\/shop.yipinqian.com\/pt\/wp-json\/wp\/v2\/product\/1746\/revisions"}],"wp:featuredmedia":[{"embeddable":true,"href":"https:\/\/shop.yipinqian.com\/pt\/wp-json\/wp\/v2\/media\/7589"}],"wp:attachment":[{"href":"https:\/\/shop.yipinqian.com\/pt\/wp-json\/wp\/v2\/media?parent=1746"}],"wp:term":[{"taxonomy":"product_brand","embeddable":true,"href":"https:\/\/shop.yipinqian.com\/pt\/wp-json\/wp\/v2\/product_brand?post=1746"},{"taxonomy":"product_cat","embeddable":true,"href":"https:\/\/shop.yipinqian.com\/pt\/wp-json\/wp\/v2\/product_cat?post=1746"},{"taxonomy":"product_tag","embeddable":true,"href":"https:\/\/shop.yipinqian.com\/pt\/wp-json\/wp\/v2\/product_tag?post=1746"}],"curies":[{"name":"wp","href":"https:\/\/api.w.org\/{rel}","templated":true}]}}