{"id":1742,"date":"2024-10-24T23:21:59","date_gmt":"2024-10-24T15:21:59","guid":{"rendered":"https:\/\/shop.yipinqian.com\/product\/rare-quality-yellow-with-reddish-brown-and-green-natural-type-a-jadeite-jade-crafted-with-sceneries-as-pendant-certificate-weigh-11-38-grams-measurement-45-6-24-3-5-2-mm-pendant216\/"},"modified":"2025-02-17T00:04:15","modified_gmt":"2025-02-16T16:04:15","slug":"rare-quality-yellow-with-reddish-brown-and-green-natural-type-a-jadeite-jade-crafted-with-sceneries-as-pendant-certificate-weigh-11-38-grams-measurement-45-6-24-3-5-2-mm-pendant216","status":"publish","type":"product","link":"https:\/\/shop.yipinqian.com\/pt\/produto\/rare-quality-yellow-with-reddish-brown-and-green-natural-type-a-jadeite-jade-crafted-with-sceneries-as-pendant-certificate-weigh-11-38-grams-measurement-45-6-24-3-5-2-mm-pendant216\/","title":{"rendered":"Rare quality Yellow with reddish brown and green Natural Type A Jadeite Jade crafted with sceneries as pendant, certificate weigh 11.38 grams, measurement 45.6 * 24.3 * 5.2 mm (pendant216)"},"content":{"rendered":"<p>This stunning pendant is a rare find for any jewelry lover. The natural Type A jadeite jade boasts beautiful yellow, reddish brown, and green hues that have been expertly crafted into sceneries.<\/p>\n<p><\/p>\n<p>Certificate numbers: GD2110H005025<\/p>\n<ul>\n<li>\n<strong>Peso:<\/strong> 11.38 grams<\/li>\n<li>\n<strong>Medi\u00e7\u00e3o:<\/strong> 45.6 * 24.3 * 5.2 mm (pendant216)<\/li>\n<li>\n<strong>Tipo de Jade:<\/strong> Jade\u00edta<\/li>\n<li>\n<strong>Certificado:<\/strong> Sim<\/li>\n<\/ul>\n<p>Sourced from Myanmar, the pendant showcases the quality craftsmanship of the region&#8217;s artisans.<\/p>\n<ul>\n<li>\n<strong>Gendre :<\/strong>: Unisex<\/li>\n<li>,<\/li>\n<li>The necklace style is casual and perfect for daily wear.<\/li>\n<li>,<\/li>\n<li>The product does not come with a warranty,<\/li>\n<li>,<\/li>\n<li>This timeless piece will make a great addition to any jewelry collection.<\/li>\n<li>.<\/li>\n<\/ul>\n<p>Elevate your look with this rare quality yellow with reddish brown and green natural Type A Jadeite Jade crafted as scenic pendant today!<\/p>\n<p><\/p>\n<p>Yi Pin Qian \u2013 Um negociante de pedras preciosas e metais preciosos em Cingapura \u2013 N\u00famero de licen\u00e7a PS20190000031<\/p>\n<p><\/p>\n<p>*Todos os Jadeites comprados de Yi Pin Qian em Cingapura, os clientes podem reservar hor\u00e1rios para polimento ou pequenos reparos por manuseio incorreto - taxas se aplicam e somente para clientes de Yi Pin Qian em Cingapura*<\/p>\n<p><\/p>\n<p><strong>**Tipos de Certificados**<\/strong><\/p>\n<p><\/p>\n<p><strong>NGI (Nan Yang Gemol\u00f3gico)<\/strong><\/p>\n<p>ou <strong>Certificados no exterior <\/strong>(Yi Pin Qian usa apenas certificados aut\u00eanticos de laborat\u00f3rios estrangeiros e tamb\u00e9m controla a qualidade de cada um dos nossos produtos antes de coloc\u00e1-los \u00e0 venda em Cingapura)<\/p>\n<p><\/p>\n<p>Cada produto no TikTok ter\u00e1 o tipo de certificado fornecido indicado na descri\u00e7\u00e3o. Para qualquer cliente que deseje enviar seu pedido para a NGI Singapore, haver\u00e1 um tempo de espera para entrega do pedido estimado em torno de 4 semanas para receber seu pedido. <strong>As solicita\u00e7\u00f5es de relat\u00f3rios da NGI Gemstone precisam ser feitas por mensagem para a loja Yi Pin Qian TikTok.<\/strong> Obrigado, <strong><u>taxas extras se aplicam<\/u><\/strong>.<\/p>\n<p><\/p>\n<p><strong>A jade\u00edta natural n\u00e3o \u00e9 perfeita, apenas um lembrete gentil, nossa jade\u00edta natural, como todas as coisas bonitas da natureza, vem com suas caracter\u00edsticas e varia\u00e7\u00f5es \u00fanicas. Convidamos nossos valiosos clientes a abra\u00e7ar essas varia\u00e7\u00f5es naturais. Boas compras!<\/strong><\/p>\n<p><\/p>\n<p><strong><u>Nenhuma das fotos e filmagens de v\u00eddeo foram filtradas. Incentivamos nossos clientes a tamb\u00e9m assistirem aos v\u00eddeos que os acompanham para uma vis\u00e3o mais abrangente de nossos produtos<\/u><\/strong><\/p>","protected":false},"excerpt":{"rendered":"<p>Este pingente deslumbrante \u00e9 um achado raro para qualquer amante de joias. O jade natural Tipo A jade\u00edta ostenta lindos tons de amarelo, marrom avermelhado e verde que foram habilmente trabalhados em cen\u00e1rios. N\u00fameros de certificado: GD2110H005025 Peso: 11,38 gramas Medida: 45,6 * 24,3 * 5,2 mm (pendant216) Tipo de jade: Jade\u00edta Certificado: Sim Origin\u00e1rio de Mianmar, o [\u2026]<\/p>","protected":false},"featured_media":7563,"comment_status":"open","ping_status":"closed","template":"","meta":[],"product_brand":[],"product_cat":[48],"product_tag":[],"class_list":{"0":"post-1742","1":"product","2":"type-product","3":"status-publish","4":"has-post-thumbnail","6":"product_cat-pendants","8":"first","9":"instock","10":"sale","11":"shipping-taxable","12":"purchasable","13":"product-type-simple"},"_links":{"self":[{"href":"https:\/\/shop.yipinqian.com\/pt\/wp-json\/wp\/v2\/product\/1742","targetHints":{"allow":["GET"]}}],"collection":[{"href":"https:\/\/shop.yipinqian.com\/pt\/wp-json\/wp\/v2\/product"}],"about":[{"href":"https:\/\/shop.yipinqian.com\/pt\/wp-json\/wp\/v2\/types\/product"}],"replies":[{"embeddable":true,"href":"https:\/\/shop.yipinqian.com\/pt\/wp-json\/wp\/v2\/comments?post=1742"}],"version-history":[{"count":0,"href":"https:\/\/shop.yipinqian.com\/pt\/wp-json\/wp\/v2\/product\/1742\/revisions"}],"wp:featuredmedia":[{"embeddable":true,"href":"https:\/\/shop.yipinqian.com\/pt\/wp-json\/wp\/v2\/media\/7563"}],"wp:attachment":[{"href":"https:\/\/shop.yipinqian.com\/pt\/wp-json\/wp\/v2\/media?parent=1742"}],"wp:term":[{"taxonomy":"product_brand","embeddable":true,"href":"https:\/\/shop.yipinqian.com\/pt\/wp-json\/wp\/v2\/product_brand?post=1742"},{"taxonomy":"product_cat","embeddable":true,"href":"https:\/\/shop.yipinqian.com\/pt\/wp-json\/wp\/v2\/product_cat?post=1742"},{"taxonomy":"product_tag","embeddable":true,"href":"https:\/\/shop.yipinqian.com\/pt\/wp-json\/wp\/v2\/product_tag?post=1742"}],"curies":[{"name":"wp","href":"https:\/\/api.w.org\/{rel}","templated":true}]}}