{"id":1741,"date":"2024-10-24T23:21:59","date_gmt":"2024-10-24T15:21:59","guid":{"rendered":"https:\/\/shop.yipinqian.com\/product\/rare-quality-yellow-and-green-natural-type-a-jadeite-jade-beautifully-crafted-with-frog-and-lotus-old-school-hollow-style-certificate-weigh-27-08-grams-measurement-41-6-48-11-mm-pendant209\/"},"modified":"2025-02-24T01:17:27","modified_gmt":"2025-02-23T17:17:27","slug":"rare-quality-yellow-and-green-natural-type-a-jadeite-jade-beautifully-crafted-with-frog-and-lotus-old-school-hollow-style-certificate-weigh-27-08-grams-measurement-41-6-48-11-mm-pendant209","status":"publish","type":"product","link":"https:\/\/shop.yipinqian.com\/pt\/produto\/rare-quality-yellow-and-green-natural-type-a-jadeite-jade-beautifully-crafted-with-frog-and-lotus-old-school-hollow-style-certificate-weigh-27-08-grams-measurement-41-6-48-11-mm-pendant209\/","title":{"rendered":"Rare Quality Yellow and Green Natural Type A Jadeite Jade beautifully crafted with frog and lotus old school hollow style, certificate weigh 27.08 grams, measurement 41.6 * 48 * 11 mm (pendant209)"},"content":{"rendered":"<p>This Rare Quality Yellow and Green Natural Type A Jadeite Jade pendant is a stunning piece of jewelry that is beautifully crafted with a frog and lotus old school hollow style. The pendant comes with a certificate of authenticity, weighs 27.08 grams, and measures 41.6 * 48 * 11 mm (pendant209).<\/p>\n<p>\u00a0<\/p>\n<p><strong>Certificate numbers: 920660024547<\/strong><\/p>\n<p><img fetchpriority=\"high\" decoding=\"async\" height=\"1080\" src=\"https:\/\/shop.yipinqian.com\/wp-content\/uploads\/2024\/10\/2ca55d6b867e3a89ee705bd95bc20363.jpg?from=476444299\" width=\"1080\"><\/p>\n<ul>\n<li>\n<strong>Design exclusivo:<\/strong> The frog and lotus design in old school hollow style make this pendant stand out from other pieces.<\/li>\n<li>\n<strong>Jade\u00edta natural:<\/strong> Made from natural Type A jadeite jade, this necklace is not only beautiful but also rare.<\/li>\n<li>\n<strong>Certificado inclu\u00eddo:<\/strong> This pendant comes with a certificate of authenticity to ensure its quality.<\/li>\n<\/ul>\n<p>This necklace is perfect for daily wear with its casual style, making it suitable for anyone regardless of gender. The necklace&#8217;s country of origin is Myanmar, which adds to the uniqueness and value of the piece. While there are no warranties included with this product, you can rest assured that you are getting an exceptional piece due to its rare quality natural jadeite material.<\/p>\n<p>\u00a0<\/p>\n<p>Yi Pin Qian \u2013 Um negociante de pedras preciosas e metais preciosos em Cingapura \u2013 N\u00famero de licen\u00e7a PS20190000031<\/p>\n<p>\u00a0<\/p>\n<p>*Todos os Jadeites comprados de Yi Pin Qian em Cingapura, os clientes podem reservar hor\u00e1rios para polimento ou pequenos reparos por manuseio incorreto - taxas se aplicam e somente para clientes de Yi Pin Qian em Cingapura*<\/p>\n<p>\u00a0<\/p>\n<p><strong>**Tipos de Certificados**<\/strong><\/p>\n<p>\u00a0<\/p>\n<p><strong>NGI (Nan Yang Gemol\u00f3gico)<\/strong><\/p>\n<p>ou <strong>Certificados no exterior <\/strong>(Yi Pin Qian usa apenas certificados aut\u00eanticos de laborat\u00f3rios estrangeiros e tamb\u00e9m controla a qualidade de cada um dos nossos produtos antes de coloc\u00e1-los \u00e0 venda em Cingapura)<\/p>\n<p>\u00a0<\/p>\n<p>Cada produto no TikTok ter\u00e1 o tipo de certificado fornecido indicado na descri\u00e7\u00e3o. Para qualquer cliente que deseje enviar seu pedido para a NGI Singapore, haver\u00e1 um tempo de espera para entrega do pedido estimado em torno de 4 semanas para receber seu pedido. <strong>As solicita\u00e7\u00f5es de relat\u00f3rios da NGI Gemstone precisam ser feitas por mensagem para a loja Yi Pin Qian TikTok.<\/strong> Obrigado, <strong><u>taxas extras se aplicam<\/u><\/strong>.<\/p>\n<p>\u00a0<\/p>\n<p><strong>A jade\u00edta natural n\u00e3o \u00e9 perfeita, apenas um lembrete gentil, nossa jade\u00edta natural, como todas as coisas bonitas da natureza, vem com suas caracter\u00edsticas e varia\u00e7\u00f5es \u00fanicas. Convidamos nossos valiosos clientes a abra\u00e7ar essas varia\u00e7\u00f5es naturais. Boas compras!<\/strong><\/p>\n<p>\u00a0<\/p>\n<p><strong><u>Nenhuma das fotos e filmagens de v\u00eddeo foram filtradas. Incentivamos nossos clientes a tamb\u00e9m assistirem aos v\u00eddeos que os acompanham para uma vis\u00e3o mais abrangente de nossos produtos<\/u><\/strong><\/p>","protected":false},"excerpt":{"rendered":"<p>This Rare Quality Yellow and Green Natural Type A Jadeite Jade pendant is a stunning piece of jewelry that is beautifully crafted with a frog and lotus old school hollow style. The pendant comes with a certificate of authenticity, weighs 27.08 grams, and measures 41.6 * 48 * 11 mm (pendant209). \u00a0 Certificate numbers: 920660024547 [&hellip;]<\/p>","protected":false},"featured_media":7555,"comment_status":"open","ping_status":"closed","template":"","meta":[],"product_brand":[],"product_cat":[195],"product_tag":[],"class_list":{"0":"post-1741","1":"product","2":"type-product","3":"status-publish","4":"has-post-thumbnail","6":"product_cat-heirloom-grade","8":"first","9":"instock","10":"sale","11":"shipping-taxable","12":"purchasable","13":"product-type-simple"},"_links":{"self":[{"href":"https:\/\/shop.yipinqian.com\/pt\/wp-json\/wp\/v2\/product\/1741","targetHints":{"allow":["GET"]}}],"collection":[{"href":"https:\/\/shop.yipinqian.com\/pt\/wp-json\/wp\/v2\/product"}],"about":[{"href":"https:\/\/shop.yipinqian.com\/pt\/wp-json\/wp\/v2\/types\/product"}],"replies":[{"embeddable":true,"href":"https:\/\/shop.yipinqian.com\/pt\/wp-json\/wp\/v2\/comments?post=1741"}],"version-history":[{"count":0,"href":"https:\/\/shop.yipinqian.com\/pt\/wp-json\/wp\/v2\/product\/1741\/revisions"}],"wp:featuredmedia":[{"embeddable":true,"href":"https:\/\/shop.yipinqian.com\/pt\/wp-json\/wp\/v2\/media\/7555"}],"wp:attachment":[{"href":"https:\/\/shop.yipinqian.com\/pt\/wp-json\/wp\/v2\/media?parent=1741"}],"wp:term":[{"taxonomy":"product_brand","embeddable":true,"href":"https:\/\/shop.yipinqian.com\/pt\/wp-json\/wp\/v2\/product_brand?post=1741"},{"taxonomy":"product_cat","embeddable":true,"href":"https:\/\/shop.yipinqian.com\/pt\/wp-json\/wp\/v2\/product_cat?post=1741"},{"taxonomy":"product_tag","embeddable":true,"href":"https:\/\/shop.yipinqian.com\/pt\/wp-json\/wp\/v2\/product_tag?post=1741"}],"curies":[{"name":"wp","href":"https:\/\/api.w.org\/{rel}","templated":true}]}}