{"id":1733,"date":"2024-10-24T23:21:55","date_gmt":"2024-10-24T15:21:55","guid":{"rendered":"https:\/\/shop.yipinqian.com\/product\/rare-premium-quality-natural-type-a-jadeite-jade-crafted-with-tara-as-a-pendant-with-certificate-weigh-46-31-grams-measurement-72-7-46-2-8-3-mm-pendant194\/"},"modified":"2025-02-24T01:17:27","modified_gmt":"2025-02-23T17:17:27","slug":"rare-premium-quality-natural-type-a-jadeite-jade-crafted-with-tara-as-a-pendant-with-certificate-weigh-46-31-grams-measurement-72-7-46-2-8-3-mm-pendant194","status":"publish","type":"product","link":"https:\/\/shop.yipinqian.com\/pt\/produto\/rare-premium-quality-natural-type-a-jadeite-jade-crafted-with-tara-as-a-pendant-with-certificate-weigh-46-31-grams-measurement-72-7-46-2-8-3-mm-pendant194\/","title":{"rendered":"Rare Premium Quality Natural Type A Jadeite Jade crafted with Tara as a pendant with certificate weigh 46.31 grams, measurement 72.7 * 46.2 * 8.3 mm (pendant194)"},"content":{"rendered":"<p>Introducing our Rare Premium Quality Natural Type A Jadeite Jade crafted with Tara pendant &#8211; a stunning addition to any jewelry collection.<\/p>\n<p><\/p>\n<p>Certificate numbers: 920870013891<\/p>\n<ul>\n<li>\n<strong>Jade\u00edta Tipo A Aut\u00eantica:<\/strong> This pendant is made of genuine Type A jadeite jade, a rare and highly sought-after stone known for its exquisite beauty.<\/li>\n<li>\n<strong>Qualidade Certificada:<\/strong> With its certificate of authenticity, you can rest assured that this pendant is of the highest quality.<\/li>\n<li>\n<strong>Tara Design:<\/strong> Crafted into the shape of Tara, the Buddhist goddess of compassion and protection, this necklace has an auspicious meaning that&#8217;s perfect for any occasion.<\/li>\n<\/ul>\n<p>Weighing in at <strong>46.31 grams<\/strong> e medindo <strong>72.7 * 46.2 * 8.3 mm<\/strong> (pendant194), this necklace is an impressive statement piece that&#8217;s sure to turn heads. Plus, it&#8217;s unisex design makes it a versatile accessory for anyone to wear &#8211; perfect as a gift or as treat yourself!<\/p>\n<p><\/p>\n<p>The casual necklace style makes it easy to pair with any outfit or look &#8211; dress up your work attire or wear it on your next night out; either way you&#8217;ll be sure to make an impression!<\/p>\n<p><\/p>\n<p>This Rare Premium Quality Natural Type A Jadeite Tara Pendant is sourced from Myanmar (formerly Burma), home to some of the world&#8217;s finest jade mines known for producing some exceptional quality gemstones!<\/p>\n<p><\/p>\n<p>Yi Pin Qian \u2013 Um negociante de pedras preciosas e metais preciosos em Cingapura \u2013 N\u00famero de licen\u00e7a PS20190000031<\/p>\n<p><\/p>\n<p>*Todos os Jadeites comprados de Yi Pin Qian em Cingapura, os clientes podem reservar hor\u00e1rios para polimento ou pequenos reparos por manuseio incorreto - taxas se aplicam e somente para clientes de Yi Pin Qian em Cingapura*<\/p>\n<p><\/p>\n<p><strong>**Tipos de Certificados**<\/strong><\/p>\n<p><\/p>\n<p><strong>NGI (Nan Yang Gemol\u00f3gico)<\/strong><\/p>\n<p>ou <strong>Certificados no exterior <\/strong>(Yi Pin Qian usa apenas certificados aut\u00eanticos de laborat\u00f3rios estrangeiros e tamb\u00e9m controla a qualidade de cada um dos nossos produtos antes de coloc\u00e1-los \u00e0 venda em Cingapura)<\/p>\n<p><\/p>\n<p>Cada produto no TikTok ter\u00e1 o tipo de certificado fornecido indicado na descri\u00e7\u00e3o. Para qualquer cliente que deseje enviar seu pedido para a NGI Singapore, haver\u00e1 um tempo de espera para entrega do pedido estimado em torno de 4 semanas para receber seu pedido. <strong>As solicita\u00e7\u00f5es de relat\u00f3rios da NGI Gemstone precisam ser feitas por mensagem para a loja Yi Pin Qian TikTok.<\/strong> Obrigado, <strong><u>taxas extras se aplicam<\/u><\/strong>.<\/p>\n<p><\/p>\n<p><strong>A jade\u00edta natural n\u00e3o \u00e9 perfeita, apenas um lembrete gentil, nossa jade\u00edta natural, como todas as coisas bonitas da natureza, vem com suas caracter\u00edsticas e varia\u00e7\u00f5es \u00fanicas. Convidamos nossos valiosos clientes a abra\u00e7ar essas varia\u00e7\u00f5es naturais. Boas compras!<\/strong><\/p>\n<p><\/p>\n<p><strong><u>Nenhuma das fotos e filmagens de v\u00eddeo foram filtradas. Incentivamos nossos clientes a tamb\u00e9m assistirem aos v\u00eddeos que os acompanham para uma vis\u00e3o mais abrangente de nossos produtos<\/u><\/strong><\/p>","protected":false},"excerpt":{"rendered":"<p>Introducing our Rare Premium Quality Natural Type A Jadeite Jade crafted with Tara pendant &#8211; a stunning addition to any jewelry collection. Certificate numbers: 920870013891 Authentic Type A Jadeite: This pendant is made of genuine Type A jadeite jade, a rare and highly sought-after stone known for its exquisite beauty. Certified Quality: With its certificate [&hellip;]<\/p>","protected":false},"featured_media":7511,"comment_status":"open","ping_status":"closed","template":"","meta":[],"product_brand":[],"product_cat":[195],"product_tag":[],"class_list":{"0":"post-1733","1":"product","2":"type-product","3":"status-publish","4":"has-post-thumbnail","6":"product_cat-heirloom-grade","8":"first","9":"instock","10":"sale","11":"shipping-taxable","12":"purchasable","13":"product-type-simple"},"_links":{"self":[{"href":"https:\/\/shop.yipinqian.com\/pt\/wp-json\/wp\/v2\/product\/1733","targetHints":{"allow":["GET"]}}],"collection":[{"href":"https:\/\/shop.yipinqian.com\/pt\/wp-json\/wp\/v2\/product"}],"about":[{"href":"https:\/\/shop.yipinqian.com\/pt\/wp-json\/wp\/v2\/types\/product"}],"replies":[{"embeddable":true,"href":"https:\/\/shop.yipinqian.com\/pt\/wp-json\/wp\/v2\/comments?post=1733"}],"version-history":[{"count":0,"href":"https:\/\/shop.yipinqian.com\/pt\/wp-json\/wp\/v2\/product\/1733\/revisions"}],"wp:featuredmedia":[{"embeddable":true,"href":"https:\/\/shop.yipinqian.com\/pt\/wp-json\/wp\/v2\/media\/7511"}],"wp:attachment":[{"href":"https:\/\/shop.yipinqian.com\/pt\/wp-json\/wp\/v2\/media?parent=1733"}],"wp:term":[{"taxonomy":"product_brand","embeddable":true,"href":"https:\/\/shop.yipinqian.com\/pt\/wp-json\/wp\/v2\/product_brand?post=1733"},{"taxonomy":"product_cat","embeddable":true,"href":"https:\/\/shop.yipinqian.com\/pt\/wp-json\/wp\/v2\/product_cat?post=1733"},{"taxonomy":"product_tag","embeddable":true,"href":"https:\/\/shop.yipinqian.com\/pt\/wp-json\/wp\/v2\/product_tag?post=1733"}],"curies":[{"name":"wp","href":"https:\/\/api.w.org\/{rel}","templated":true}]}}