{"id":1732,"date":"2024-10-24T23:21:55","date_gmt":"2024-10-24T15:21:55","guid":{"rendered":"https:\/\/shop.yipinqian.com\/product\/rare-premium-natural-type-a-jadeite-pendant-necklace-crafted-as-chayote-with-squirrel-and-ruyi-symbols-of-happiness-fortune-and-luck-with-certificate-weigh-30-16-grams-44-3-27-8-15-6-mm-pendant52\/"},"modified":"2025-02-17T00:04:15","modified_gmt":"2025-02-16T16:04:15","slug":"rare-premium-natural-type-a-jadeite-pendant-necklace-crafted-as-chayote-with-squirrel-and-ruyi-symbols-of-happiness-fortune-and-luck-with-certificate-weigh-30-16-grams-44-3-27-8-15-6-mm-pendant52","status":"publish","type":"product","link":"https:\/\/shop.yipinqian.com\/pt\/produto\/rare-premium-natural-type-a-jadeite-pendant-necklace-crafted-as-chayote-with-squirrel-and-ruyi-symbols-of-happiness-fortune-and-luck-with-certificate-weigh-30-16-grams-44-3-27-8-15-6-mm-pendant52\/","title":{"rendered":"Colar com pingente raro de jade\u00edta natural premium tipo A, feito de chuchu com esquilo e ruyi, s\u00edmbolos de felicidade, fortuna e sorte, com certificado pesando 30,16 gramas, 44,3 * 27,8 * 15,6 mm (pendant52)"},"content":{"rendered":"<p>Este raro colar com pingente de jade\u00edta natural premium tipo A \u00e9 um complemento perfeito para qualquer cole\u00e7\u00e3o de joias. Feito como um chayote com esquilo e ruyi, este colar \u00e9 adornado com s\u00edmbolos de felicidade, fortuna e sorte, tornando-o um presente ideal para qualquer ocasi\u00e3o.<\/p>\n<ul>\n<li>\n<strong>Qualidade Premium:<\/strong> Feito de jade\u00edta natural tipo A, este colar pesa 30,16 gramas e vem com um certificado garantindo sua autenticidade.<\/li>\n<\/ul>\n<p><strong>N\u00fameros de certificado: SZ21367106<\/strong><\/p>\n<p><img fetchpriority=\"high\" decoding=\"async\" height=\"1080\" src=\"https:\/\/shop.yipinqian.com\/wp-content\/uploads\/2024\/10\/7a723dcacbeaf2484a94f2a3c86b6947.jpg?from=476444299\" width=\"1080\"><\/p>\n<ul>\n<li>\n<strong>Design exclusivo:<\/strong> Feito como Chuchu com Esquilo e Ruyi simbolizando Felicidade, fortuna e sorte.<\/li>\n<li>\n<strong>Design unissex:<\/strong> Este colar foi criado para ser usado tanto por homens quanto por mulheres.<\/li>\n<li>\n<strong>Estilo casual:<\/strong> O estilo do colar \u00e9 casual, o que o torna perfeito para uso di\u00e1rio ou ocasi\u00f5es especiais.<\/li>\n<\/ul>\n<p>Este raro colar com pingente de jade\u00edta natural premium tipo A \u00e9 um presente ideal que pode ser apreciado por muitos anos. A origem desta linda pe\u00e7a \u00e9 Myanmar. N\u00e3o perca a oportunidade de possuir uma pe\u00e7a t\u00e3o \u00fanica!<\/p>\n<p>\u00a0<\/p>\n<p>Yi Pin Qian \u2013 Um negociante de pedras preciosas e metais preciosos em Cingapura \u2013 N\u00famero de licen\u00e7a PS20190000031<\/p>\n<p>\u00a0<\/p>\n<p>*Todos os Jadeites comprados de Yi Pin Qian em Cingapura, os clientes podem reservar hor\u00e1rios para polimento ou pequenos reparos por manuseio incorreto - taxas se aplicam e somente para clientes de Yi Pin Qian em Cingapura*<\/p>\n<p>\u00a0<\/p>\n<p><strong>**Tipos de Certificados**<\/strong><\/p>\n<p>\u00a0<\/p>\n<p><strong>NGI (Nan Yang Gemol\u00f3gico)<\/strong><\/p>\n<p>ou <strong>Certificados no exterior <\/strong>(Yi Pin Qian usa apenas certificados aut\u00eanticos de laborat\u00f3rios estrangeiros e tamb\u00e9m controla a qualidade de cada um dos nossos produtos antes de coloc\u00e1-los \u00e0 venda em Cingapura)<\/p>\n<p>\u00a0<\/p>\n<p>Cada produto no TikTok ter\u00e1 o tipo de certificado fornecido indicado na descri\u00e7\u00e3o. Para qualquer cliente que deseje enviar seu pedido para a NGI Singapore, haver\u00e1 um tempo de espera para entrega do pedido estimado em torno de 4 semanas para receber seu pedido. <strong>As solicita\u00e7\u00f5es de relat\u00f3rios da NGI Gemstone precisam ser feitas por mensagem para a loja Yi Pin Qian TikTok.<\/strong> Obrigado, <strong><u>taxas extras se aplicam<\/u><\/strong>.<\/p>\n<p>\u00a0<\/p>\n<p><strong>A jade\u00edta natural n\u00e3o \u00e9 perfeita, apenas um lembrete gentil, nossa jade\u00edta natural, como todas as coisas bonitas da natureza, vem com suas caracter\u00edsticas e varia\u00e7\u00f5es \u00fanicas. Convidamos nossos valiosos clientes a abra\u00e7ar essas varia\u00e7\u00f5es naturais. Boas compras!<\/strong><\/p>\n<p>\u00a0<\/p>\n<p><strong><u>Nenhuma das fotos e filmagens de v\u00eddeo foram filtradas. Incentivamos nossos clientes a tamb\u00e9m assistirem aos v\u00eddeos que os acompanham para uma vis\u00e3o mais abrangente de nossos produtos<\/u><\/strong><\/p>\n<p>\u00a0<\/p>\n<p>.<\/p>","protected":false},"excerpt":{"rendered":"<p>Este raro colar com pingente de jade\u00edta natural premium tipo A \u00e9 um complemento perfeito para qualquer cole\u00e7\u00e3o de joias. Feito como um chuchu com esquilo e ruyi, este colar \u00e9 adornado com s\u00edmbolos de felicidade, fortuna e sorte, tornando-o um presente ideal para qualquer ocasi\u00e3o. Qualidade premium: feito de jade\u00edta natural tipo A, este colar pesa [\u2026]<\/p>","protected":false},"featured_media":7503,"comment_status":"open","ping_status":"closed","template":"","meta":[],"product_brand":[],"product_cat":[48],"product_tag":[],"class_list":{"0":"post-1732","1":"product","2":"type-product","3":"status-publish","4":"has-post-thumbnail","6":"product_cat-pendants","8":"first","9":"instock","10":"sale","11":"shipping-taxable","12":"purchasable","13":"product-type-simple"},"_links":{"self":[{"href":"https:\/\/shop.yipinqian.com\/pt\/wp-json\/wp\/v2\/product\/1732","targetHints":{"allow":["GET"]}}],"collection":[{"href":"https:\/\/shop.yipinqian.com\/pt\/wp-json\/wp\/v2\/product"}],"about":[{"href":"https:\/\/shop.yipinqian.com\/pt\/wp-json\/wp\/v2\/types\/product"}],"replies":[{"embeddable":true,"href":"https:\/\/shop.yipinqian.com\/pt\/wp-json\/wp\/v2\/comments?post=1732"}],"version-history":[{"count":0,"href":"https:\/\/shop.yipinqian.com\/pt\/wp-json\/wp\/v2\/product\/1732\/revisions"}],"wp:featuredmedia":[{"embeddable":true,"href":"https:\/\/shop.yipinqian.com\/pt\/wp-json\/wp\/v2\/media\/7503"}],"wp:attachment":[{"href":"https:\/\/shop.yipinqian.com\/pt\/wp-json\/wp\/v2\/media?parent=1732"}],"wp:term":[{"taxonomy":"product_brand","embeddable":true,"href":"https:\/\/shop.yipinqian.com\/pt\/wp-json\/wp\/v2\/product_brand?post=1732"},{"taxonomy":"product_cat","embeddable":true,"href":"https:\/\/shop.yipinqian.com\/pt\/wp-json\/wp\/v2\/product_cat?post=1732"},{"taxonomy":"product_tag","embeddable":true,"href":"https:\/\/shop.yipinqian.com\/pt\/wp-json\/wp\/v2\/product_tag?post=1732"}],"curies":[{"name":"wp","href":"https:\/\/api.w.org\/{rel}","templated":true}]}}