{"id":1731,"date":"2024-10-24T23:21:54","date_gmt":"2024-10-24T15:21:54","guid":{"rendered":"https:\/\/shop.yipinqian.com\/product\/rare-pinkish-light-lavender-hue-natural-type-a-jadeite-pendant-necklace-crafted-as-parrot-symbols-of-wise-and-brave-heroic-with-certificate-weigh-11-33-grams-51-3-17-8-8-6-mm-mid-year-offer-and-suitab\/"},"modified":"2025-02-24T00:49:52","modified_gmt":"2025-02-23T16:49:52","slug":"rare-pinkish-light-lavender-hue-natural-type-a-jadeite-pendant-necklace-crafted-as-parrot-symbols-of-wise-and-brave-heroic-with-certificate-weigh-11-33-grams-51-3-17-8-8-6-mm-mid-year-offer-and-suitab","status":"publish","type":"product","link":"https:\/\/shop.yipinqian.com\/pt\/produto\/rare-pinkish-light-lavender-hue-natural-type-a-jadeite-pendant-necklace-crafted-as-parrot-symbols-of-wise-and-brave-heroic-with-certificate-weigh-11-33-grams-51-3-17-8-8-6-mm-mid-year-offer-and-suitab\/","title":{"rendered":"Rare Pinkish Light Lavender Hue Natural Type A Jadeite Pendant Necklace crafted as Parrot symbols of Wise and brave, heroic with certificate weigh 11.33 grams, 51.3 * 17.8 * 8.6 mm, mid-year offer and suitable for daily wear or collections (pendant28)"},"content":{"rendered":"<p>This Rare Pinkish Light Lavender Natural Type A Jadeite Pendant Necklace, inspired by the parrot symbols of wise and brave heroism, is a perfect jewelry accessory for daily wear or collections.<\/p>\n<ul>\n<li>\n<strong>One-of-a-kind:<\/strong> Crafted from natural Type A jadeite with mid-year offer<\/li>\n<li>\n<strong>Certificado:<\/strong> Comes with a certificate of authenticity &#8211; <strong>Certificate numbers: GD2202H006844<\/strong>\n<\/li>\n<\/ul>\n<p><img fetchpriority=\"high\" decoding=\"async\" height=\"1080\" src=\"https:\/\/shop.yipinqian.com\/wp-content\/uploads\/2024\/10\/0c6733d22cdcc6e21441ff3c1befaf43.jpg?from=476444299\" width=\"1080\"><\/p>\n<ul>\n<li>\n<strong>Weight and size:<\/strong>Weighs 11.33 grams and measures 51.3 * 17.8 * 8.6 mm<\/li>\n<li>\n<strong>Tipo de jade:<\/strong>Made from authentic Jadeite for the genuine experience<\/li>\n<\/ul>\n<p>This unisex necklace is perfect for daily wear with its casual style making it suitable to pair up or down.<\/p>\n<ul>\n<li>The parrot symbols: The rare pinkish light lavender natural type A jadeite pendant necklace comes crafted as parrot symbols of wise and brave, heroic making it a unique addition to your jewelry collection.<\/li>\n<\/ul>\n<p>If you are looking to add authenticity to your collection or just want something unique that tells a story then this Rare Pinkish Light Lavender Natural Type A Jadeite Pendant Necklace crafted as Parrot symbol is what you need!<\/p>\n<p>.<\/p>\n<p>Yi Pin Qian \u2013 Um negociante de pedras preciosas e metais preciosos em Cingapura \u2013 N\u00famero de licen\u00e7a PS20190000031<\/p>\n<p>\u00a0<\/p>\n<p>*Todos os Jadeites comprados de Yi Pin Qian em Cingapura, os clientes podem reservar hor\u00e1rios para polimento ou pequenos reparos por manuseio incorreto - taxas se aplicam e somente para clientes de Yi Pin Qian em Cingapura*<\/p>\n<p>\u00a0<\/p>\n<p><strong>**Tipos de Certificados**<\/strong><\/p>\n<p>\u00a0<\/p>\n<p><strong>NGI (Nan Yang Gemol\u00f3gico)<\/strong><\/p>\n<p>ou <strong>Certificados no exterior <\/strong>(Yi Pin Qian usa apenas certificados aut\u00eanticos de laborat\u00f3rios estrangeiros e tamb\u00e9m controla a qualidade de cada um dos nossos produtos antes de coloc\u00e1-los \u00e0 venda em Cingapura)<\/p>\n<p>\u00a0<\/p>\n<p>Cada produto no TikTok ter\u00e1 o tipo de certificado fornecido indicado na descri\u00e7\u00e3o. Para qualquer cliente que deseje enviar seu pedido para a NGI Singapore, haver\u00e1 um tempo de espera para entrega do pedido estimado em torno de 4 semanas para receber seu pedido. <strong>As solicita\u00e7\u00f5es de relat\u00f3rios da NGI Gemstone precisam ser feitas por mensagem para a loja Yi Pin Qian TikTok.<\/strong> Obrigado, <strong><u>taxas extras se aplicam<\/u><\/strong>.<\/p>\n<p>\u00a0<\/p>\n<p><strong>A jade\u00edta natural n\u00e3o \u00e9 perfeita, apenas um lembrete gentil, nossa jade\u00edta natural, como todas as coisas bonitas da natureza, vem com suas caracter\u00edsticas e varia\u00e7\u00f5es \u00fanicas. Convidamos nossos valiosos clientes a abra\u00e7ar essas varia\u00e7\u00f5es naturais. Boas compras!<\/strong><\/p>\n<p>\u00a0<\/p>\n<p><strong><u>Nenhuma das fotos e filmagens de v\u00eddeo foram filtradas. Incentivamos nossos clientes a tamb\u00e9m assistirem aos v\u00eddeos que os acompanham para uma vis\u00e3o mais abrangente de nossos produtos<\/u><\/strong><\/p>","protected":false},"excerpt":{"rendered":"<p>This Rare Pinkish Light Lavender Natural Type A Jadeite Pendant Necklace, inspired by the parrot symbols of wise and brave heroism, is a perfect jewelry accessory for daily wear or collections. One-of-a-kind: Crafted from natural Type A jadeite with mid-year offer Certificate: Comes with a certificate of authenticity &#8211; Certificate numbers: GD2202H006844 Weight and size:Weighs [&hellip;]<\/p>","protected":false},"featured_media":7493,"comment_status":"open","ping_status":"closed","template":"","meta":[],"product_brand":[],"product_cat":[194],"product_tag":[],"class_list":{"0":"post-1731","1":"product","2":"type-product","3":"status-publish","4":"has-post-thumbnail","6":"product_cat-value-picks","8":"first","9":"instock","10":"sale","11":"shipping-taxable","12":"purchasable","13":"product-type-simple"},"_links":{"self":[{"href":"https:\/\/shop.yipinqian.com\/pt\/wp-json\/wp\/v2\/product\/1731","targetHints":{"allow":["GET"]}}],"collection":[{"href":"https:\/\/shop.yipinqian.com\/pt\/wp-json\/wp\/v2\/product"}],"about":[{"href":"https:\/\/shop.yipinqian.com\/pt\/wp-json\/wp\/v2\/types\/product"}],"replies":[{"embeddable":true,"href":"https:\/\/shop.yipinqian.com\/pt\/wp-json\/wp\/v2\/comments?post=1731"}],"version-history":[{"count":0,"href":"https:\/\/shop.yipinqian.com\/pt\/wp-json\/wp\/v2\/product\/1731\/revisions"}],"wp:featuredmedia":[{"embeddable":true,"href":"https:\/\/shop.yipinqian.com\/pt\/wp-json\/wp\/v2\/media\/7493"}],"wp:attachment":[{"href":"https:\/\/shop.yipinqian.com\/pt\/wp-json\/wp\/v2\/media?parent=1731"}],"wp:term":[{"taxonomy":"product_brand","embeddable":true,"href":"https:\/\/shop.yipinqian.com\/pt\/wp-json\/wp\/v2\/product_brand?post=1731"},{"taxonomy":"product_cat","embeddable":true,"href":"https:\/\/shop.yipinqian.com\/pt\/wp-json\/wp\/v2\/product_cat?post=1731"},{"taxonomy":"product_tag","embeddable":true,"href":"https:\/\/shop.yipinqian.com\/pt\/wp-json\/wp\/v2\/product_tag?post=1731"}],"curies":[{"name":"wp","href":"https:\/\/api.w.org\/{rel}","templated":true}]}}